{"id":3104,"date":"2025-12-15T15:22:53","date_gmt":"2025-12-15T15:22:53","guid":{"rendered":"https:\/\/artistorie.fr\/?post_type=product&#038;p=3104"},"modified":"2025-12-15T17:41:48","modified_gmt":"2025-12-15T17:41:48","slug":"petite-planche-a-decouper","status":"publish","type":"product","link":"https:\/\/artistorie.fr\/?product=petite-planche-a-decouper","title":{"rendered":"Dessous de plat"},"content":{"rendered":"<p style=\"text-align: left;\">Dessous de plat en ch\u00eane, fr\u00eane et h\u00eatre upcycl\u00e9.<\/p>\n<p style=\"text-align: left;\">Finition \u00e0 l&rsquo;huile de lin bio.<\/p>\n<p style=\"text-align: left;\">Dimensions : 17,5 x 9 x 2,5 cm<\/p>\n","protected":false},"excerpt":{"rendered":"<p>Dessous de plat en ch\u00eane, fr\u00eane et h\u00eatre upcycl\u00e9. Finition \u00e0 l&rsquo;huile de lin bio. Dimensions : 17,5 x 9 x 2,5 cm<\/p>\n","protected":false},"featured_media":3105,"comment_status":"open","ping_status":"closed","template":"","meta":{"_editorskit_title_hidden":false,"_editorskit_reading_time":0,"_editorskit_is_block_options_detached":false,"_editorskit_block_options_position":"{}","_uag_custom_page_level_css":"","_monsterinsights_skip_tracking":false,"_monsterinsights_sitenote_active":false,"_monsterinsights_sitenote_note":"","_monsterinsights_sitenote_category":0},"product_brand":[],"product_cat":[23,283],"product_tag":[],"class_list":{"0":"post-3104","1":"product","2":"type-product","3":"status-publish","4":"has-post-thumbnail","6":"product_cat-modern-istorie","7":"product_cat-planches","9":"first","10":"instock","11":"sold-individually","12":"shipping-taxable","13":"purchasable","14":"product-type-simple"},"aioseo_notices":[],"uagb_featured_image_src":{"full":["https:\/\/artistorie.fr\/wp-content\/uploads\/2025\/12\/Design-sans-titre-1-1.png",1080,1080,false],"thumbnail":["https:\/\/artistorie.fr\/wp-content\/uploads\/2025\/12\/Design-sans-titre-1-1-150x150.png",150,150,true],"medium":["https:\/\/artistorie.fr\/wp-content\/uploads\/2025\/12\/Design-sans-titre-1-1-300x300.png",300,300,true],"medium_large":["https:\/\/artistorie.fr\/wp-content\/uploads\/2025\/12\/Design-sans-titre-1-1-768x768.png",768,768,true],"large":["https:\/\/artistorie.fr\/wp-content\/uploads\/2025\/12\/Design-sans-titre-1-1-1024x1024.png",1024,1024,true],"1536x1536":["https:\/\/artistorie.fr\/wp-content\/uploads\/2025\/12\/Design-sans-titre-1-1.png",1080,1080,false],"2048x2048":["https:\/\/artistorie.fr\/wp-content\/uploads\/2025\/12\/Design-sans-titre-1-1.png",1080,1080,false],"post-thumbnail":["https:\/\/artistorie.fr\/wp-content\/uploads\/2025\/12\/Design-sans-titre-1-1-1024x1024.png",1024,1024,true],"mesmerize-full-hd":["https:\/\/artistorie.fr\/wp-content\/uploads\/2025\/12\/Design-sans-titre-1-1.png",1080,1080,false],"woocommerce_thumbnail":["https:\/\/artistorie.fr\/wp-content\/uploads\/2025\/12\/Design-sans-titre-1-1-300x300.png",300,300,true],"woocommerce_single":["https:\/\/artistorie.fr\/wp-content\/uploads\/2025\/12\/Design-sans-titre-1-1-600x600.png",600,600,true],"woocommerce_gallery_thumbnail":["https:\/\/artistorie.fr\/wp-content\/uploads\/2025\/12\/Design-sans-titre-1-1-100x100.png",100,100,true]},"uagb_author_info":{"display_name":"valentin.berlemont","author_link":"https:\/\/artistorie.fr\/?author=0"},"uagb_comment_info":0,"uagb_excerpt":"Dessous de plat en ch\u00eane, fr\u00eane et h\u00eatre upcycl\u00e9. Finition \u00e0 l&rsquo;huile de lin bio. Dimensions : 17,5 x 9 x 2,5 cm","jetpack_sharing_enabled":true,"_links":{"self":[{"href":"https:\/\/artistorie.fr\/index.php?rest_route=\/wp\/v2\/product\/3104","targetHints":{"allow":["GET"]}}],"collection":[{"href":"https:\/\/artistorie.fr\/index.php?rest_route=\/wp\/v2\/product"}],"about":[{"href":"https:\/\/artistorie.fr\/index.php?rest_route=\/wp\/v2\/types\/product"}],"replies":[{"embeddable":true,"href":"https:\/\/artistorie.fr\/index.php?rest_route=%2Fwp%2Fv2%2Fcomments&post=3104"}],"wp:featuredmedia":[{"embeddable":true,"href":"https:\/\/artistorie.fr\/index.php?rest_route=\/wp\/v2\/media\/3105"}],"wp:attachment":[{"href":"https:\/\/artistorie.fr\/index.php?rest_route=%2Fwp%2Fv2%2Fmedia&parent=3104"}],"wp:term":[{"taxonomy":"product_brand","embeddable":true,"href":"https:\/\/artistorie.fr\/index.php?rest_route=%2Fwp%2Fv2%2Fproduct_brand&post=3104"},{"taxonomy":"product_cat","embeddable":true,"href":"https:\/\/artistorie.fr\/index.php?rest_route=%2Fwp%2Fv2%2Fproduct_cat&post=3104"},{"taxonomy":"product_tag","embeddable":true,"href":"https:\/\/artistorie.fr\/index.php?rest_route=%2Fwp%2Fv2%2Fproduct_tag&post=3104"}],"curies":[{"name":"wp","href":"https:\/\/api.w.org\/{rel}","templated":true}]}}