{"id":3087,"date":"2025-12-15T14:23:06","date_gmt":"2025-12-15T14:23:06","guid":{"rendered":"https:\/\/artistorie.fr\/?post_type=product&#038;p=3087"},"modified":"2025-12-15T14:45:24","modified_gmt":"2025-12-15T14:45:24","slug":"merelle-de-3","status":"publish","type":"product","link":"https:\/\/artistorie.fr\/?product=merelle-de-3","title":{"rendered":"M\u00e9relle de 3"},"content":{"rendered":"<p>Tu adores les jeux ? Tu vas adorer ce jeu de M\u00e9relle de 3.<br \/>\nBas\u00e9 sur des sources \u00e9crites et arch\u00e9ologiques des 9e au 13e si\u00e8cles.<br \/>\nPlateau en fr\u00eane, jetons clairs en fr\u00eane, jetons fonc\u00e9s en ch\u00eane.<br \/>\nFinition \u00e0 l&rsquo;huile de lin.<br \/>\nDimensions du plateau : 17 cm (long) \/ 17 cm (large) \/ 1.8 cm (\u00e9paisseur)<br \/>\nDimensions des jetons : 2 cm (diam\u00e8tre) \/ 1,5 cm (\u00e9paisseur)<br \/>\nUn choix parfait pour s&rsquo;amuser comme au Moyen-\u00c2ge !<\/p>\n","protected":false},"excerpt":{"rendered":"<p>Tu adores les jeux ? Tu vas adorer ce jeu de M\u00e9relle de 3. Bas\u00e9 sur des sources \u00e9crites et arch\u00e9ologiques des 9e au 13e si\u00e8cles. Plateau en fr\u00eane, jetons clairs en fr\u00eane, jetons fonc\u00e9s en ch\u00eane. Finition \u00e0 l&rsquo;huile de lin. Dimensions du plateau : 17 cm (long) \/ 17 cm (large) \/ 1.8&hellip; <br \/> <a class=\"read-more\" href=\"https:\/\/artistorie.fr\/?product=merelle-de-3\">Lire la suite<\/a><\/p>\n","protected":false},"featured_media":3088,"comment_status":"open","ping_status":"closed","template":"","meta":{"_editorskit_title_hidden":false,"_editorskit_reading_time":0,"_editorskit_is_block_options_detached":false,"_editorskit_block_options_position":"{}","_uag_custom_page_level_css":"","_monsterinsights_skip_tracking":false,"_monsterinsights_sitenote_active":false,"_monsterinsights_sitenote_note":"","_monsterinsights_sitenote_category":0},"product_brand":[],"product_cat":[22],"product_tag":[],"class_list":{"0":"post-3087","1":"product","2":"type-product","3":"status-publish","4":"has-post-thumbnail","6":"product_cat-jeux-et-jouets","8":"first","9":"instock","10":"shipping-taxable","11":"purchasable","12":"product-type-simple"},"aioseo_notices":[],"uagb_featured_image_src":{"full":["https:\/\/artistorie.fr\/wp-content\/uploads\/2025\/12\/Design-sans-titre-6.png",1080,1080,false],"thumbnail":["https:\/\/artistorie.fr\/wp-content\/uploads\/2025\/12\/Design-sans-titre-6-150x150.png",150,150,true],"medium":["https:\/\/artistorie.fr\/wp-content\/uploads\/2025\/12\/Design-sans-titre-6-300x300.png",300,300,true],"medium_large":["https:\/\/artistorie.fr\/wp-content\/uploads\/2025\/12\/Design-sans-titre-6-768x768.png",768,768,true],"large":["https:\/\/artistorie.fr\/wp-content\/uploads\/2025\/12\/Design-sans-titre-6-1024x1024.png",1024,1024,true],"1536x1536":["https:\/\/artistorie.fr\/wp-content\/uploads\/2025\/12\/Design-sans-titre-6.png",1080,1080,false],"2048x2048":["https:\/\/artistorie.fr\/wp-content\/uploads\/2025\/12\/Design-sans-titre-6.png",1080,1080,false],"post-thumbnail":["https:\/\/artistorie.fr\/wp-content\/uploads\/2025\/12\/Design-sans-titre-6-1024x1024.png",1024,1024,true],"mesmerize-full-hd":["https:\/\/artistorie.fr\/wp-content\/uploads\/2025\/12\/Design-sans-titre-6.png",1080,1080,false],"woocommerce_thumbnail":["https:\/\/artistorie.fr\/wp-content\/uploads\/2025\/12\/Design-sans-titre-6-300x300.png",300,300,true],"woocommerce_single":["https:\/\/artistorie.fr\/wp-content\/uploads\/2025\/12\/Design-sans-titre-6-600x600.png",600,600,true],"woocommerce_gallery_thumbnail":["https:\/\/artistorie.fr\/wp-content\/uploads\/2025\/12\/Design-sans-titre-6-100x100.png",100,100,true]},"uagb_author_info":{"display_name":"valentin.berlemont","author_link":"https:\/\/artistorie.fr\/?author=0"},"uagb_comment_info":0,"uagb_excerpt":"Tu adores les jeux ? Tu vas adorer ce jeu de M\u00e9relle de 3. Bas\u00e9 sur des sources \u00e9crites et arch\u00e9ologiques des 9e au 13e si\u00e8cles. Plateau en fr\u00eane, jetons clairs en fr\u00eane, jetons fonc\u00e9s en ch\u00eane. Finition \u00e0 l&rsquo;huile de lin. Dimensions du plateau : 17 cm (long) \/ 17 cm (large) \/ 1.8&hellip;\u2026","jetpack_sharing_enabled":true,"_links":{"self":[{"href":"https:\/\/artistorie.fr\/index.php?rest_route=\/wp\/v2\/product\/3087","targetHints":{"allow":["GET"]}}],"collection":[{"href":"https:\/\/artistorie.fr\/index.php?rest_route=\/wp\/v2\/product"}],"about":[{"href":"https:\/\/artistorie.fr\/index.php?rest_route=\/wp\/v2\/types\/product"}],"replies":[{"embeddable":true,"href":"https:\/\/artistorie.fr\/index.php?rest_route=%2Fwp%2Fv2%2Fcomments&post=3087"}],"wp:featuredmedia":[{"embeddable":true,"href":"https:\/\/artistorie.fr\/index.php?rest_route=\/wp\/v2\/media\/3088"}],"wp:attachment":[{"href":"https:\/\/artistorie.fr\/index.php?rest_route=%2Fwp%2Fv2%2Fmedia&parent=3087"}],"wp:term":[{"taxonomy":"product_brand","embeddable":true,"href":"https:\/\/artistorie.fr\/index.php?rest_route=%2Fwp%2Fv2%2Fproduct_brand&post=3087"},{"taxonomy":"product_cat","embeddable":true,"href":"https:\/\/artistorie.fr\/index.php?rest_route=%2Fwp%2Fv2%2Fproduct_cat&post=3087"},{"taxonomy":"product_tag","embeddable":true,"href":"https:\/\/artistorie.fr\/index.php?rest_route=%2Fwp%2Fv2%2Fproduct_tag&post=3087"}],"curies":[{"name":"wp","href":"https:\/\/api.w.org\/{rel}","templated":true}]}}