{"id":3085,"date":"2025-12-15T14:18:09","date_gmt":"2025-12-15T14:18:09","guid":{"rendered":"https:\/\/artistorie.fr\/?post_type=product&#038;p=3085"},"modified":"2025-12-15T14:22:42","modified_gmt":"2025-12-15T14:22:42","slug":"brandub","status":"publish","type":"product","link":"https:\/\/artistorie.fr\/?product=brandub","title":{"rendered":"Brandub"},"content":{"rendered":"<p>Tu adores les jeux ? Tu vas adorer ce jeu de Brandub , de la famille des Hnefatafl, d&rsquo;origine irlandaise.<br \/>\nBas\u00e9 sur des sources \u00e9crites et arch\u00e9ologiques des 12-13e si\u00e8cles.<br \/>\nPlateau en ch\u00eane, jetons clairs en fr\u00eane, jetons fonc\u00e9s en ch\u00eane.<br \/>\nFinition \u00e0 l&rsquo;huile de lin.<br \/>\nDimensions du plateau : 20 cm (long) \/ 20 cm (large) \/ 1,7 cm (\u00e9paisseur)<br \/>\nDimensions des jetons : 1,8 cm (diam\u00e8tre) \/ 2 cm (\u00e9paisseur)<br \/>\nUn choix parfait pour s&rsquo;amuser comme au Moyen-\u00c2ge !<\/p>\n","protected":false},"excerpt":{"rendered":"<p>Tu adores les jeux ? Tu vas adorer ce jeu de Brandub , de la famille des Hnefatafl, d&rsquo;origine irlandaise. Bas\u00e9 sur des sources \u00e9crites et arch\u00e9ologiques des 12-13e si\u00e8cles. Plateau en ch\u00eane, jetons clairs en fr\u00eane, jetons fonc\u00e9s en ch\u00eane. Finition \u00e0 l&rsquo;huile de lin. Dimensions du plateau : 20 cm (long) \/ 20&hellip; <br \/> <a class=\"read-more\" href=\"https:\/\/artistorie.fr\/?product=brandub\">Lire la suite<\/a><\/p>\n","protected":false},"featured_media":3086,"comment_status":"open","ping_status":"closed","template":"","meta":{"_editorskit_title_hidden":false,"_editorskit_reading_time":0,"_editorskit_is_block_options_detached":false,"_editorskit_block_options_position":"{}","_uag_custom_page_level_css":"","_monsterinsights_skip_tracking":false,"_monsterinsights_sitenote_active":false,"_monsterinsights_sitenote_note":"","_monsterinsights_sitenote_category":0},"product_brand":[],"product_cat":[22],"product_tag":[],"class_list":{"0":"post-3085","1":"product","2":"type-product","3":"status-publish","4":"has-post-thumbnail","6":"product_cat-jeux-et-jouets","8":"first","9":"onbackorder","10":"shipping-taxable","11":"purchasable","12":"product-type-simple"},"aioseo_notices":[],"uagb_featured_image_src":{"full":["https:\/\/artistorie.fr\/wp-content\/uploads\/2025\/12\/Design-sans-titre-5.png",1080,1080,false],"thumbnail":["https:\/\/artistorie.fr\/wp-content\/uploads\/2025\/12\/Design-sans-titre-5-150x150.png",150,150,true],"medium":["https:\/\/artistorie.fr\/wp-content\/uploads\/2025\/12\/Design-sans-titre-5-300x300.png",300,300,true],"medium_large":["https:\/\/artistorie.fr\/wp-content\/uploads\/2025\/12\/Design-sans-titre-5-768x768.png",768,768,true],"large":["https:\/\/artistorie.fr\/wp-content\/uploads\/2025\/12\/Design-sans-titre-5-1024x1024.png",1024,1024,true],"1536x1536":["https:\/\/artistorie.fr\/wp-content\/uploads\/2025\/12\/Design-sans-titre-5.png",1080,1080,false],"2048x2048":["https:\/\/artistorie.fr\/wp-content\/uploads\/2025\/12\/Design-sans-titre-5.png",1080,1080,false],"post-thumbnail":["https:\/\/artistorie.fr\/wp-content\/uploads\/2025\/12\/Design-sans-titre-5-1024x1024.png",1024,1024,true],"mesmerize-full-hd":["https:\/\/artistorie.fr\/wp-content\/uploads\/2025\/12\/Design-sans-titre-5.png",1080,1080,false],"woocommerce_thumbnail":["https:\/\/artistorie.fr\/wp-content\/uploads\/2025\/12\/Design-sans-titre-5-300x300.png",300,300,true],"woocommerce_single":["https:\/\/artistorie.fr\/wp-content\/uploads\/2025\/12\/Design-sans-titre-5-600x600.png",600,600,true],"woocommerce_gallery_thumbnail":["https:\/\/artistorie.fr\/wp-content\/uploads\/2025\/12\/Design-sans-titre-5-100x100.png",100,100,true]},"uagb_author_info":{"display_name":"valentin.berlemont","author_link":"https:\/\/artistorie.fr\/?author=0"},"uagb_comment_info":0,"uagb_excerpt":"Tu adores les jeux ? Tu vas adorer ce jeu de Brandub , de la famille des Hnefatafl, d&rsquo;origine irlandaise. Bas\u00e9 sur des sources \u00e9crites et arch\u00e9ologiques des 12-13e si\u00e8cles. Plateau en ch\u00eane, jetons clairs en fr\u00eane, jetons fonc\u00e9s en ch\u00eane. Finition \u00e0 l&rsquo;huile de lin. Dimensions du plateau : 20 cm (long) \/ 20&hellip;\u2026","jetpack_sharing_enabled":true,"_links":{"self":[{"href":"https:\/\/artistorie.fr\/index.php?rest_route=\/wp\/v2\/product\/3085","targetHints":{"allow":["GET"]}}],"collection":[{"href":"https:\/\/artistorie.fr\/index.php?rest_route=\/wp\/v2\/product"}],"about":[{"href":"https:\/\/artistorie.fr\/index.php?rest_route=\/wp\/v2\/types\/product"}],"replies":[{"embeddable":true,"href":"https:\/\/artistorie.fr\/index.php?rest_route=%2Fwp%2Fv2%2Fcomments&post=3085"}],"wp:featuredmedia":[{"embeddable":true,"href":"https:\/\/artistorie.fr\/index.php?rest_route=\/wp\/v2\/media\/3086"}],"wp:attachment":[{"href":"https:\/\/artistorie.fr\/index.php?rest_route=%2Fwp%2Fv2%2Fmedia&parent=3085"}],"wp:term":[{"taxonomy":"product_brand","embeddable":true,"href":"https:\/\/artistorie.fr\/index.php?rest_route=%2Fwp%2Fv2%2Fproduct_brand&post=3085"},{"taxonomy":"product_cat","embeddable":true,"href":"https:\/\/artistorie.fr\/index.php?rest_route=%2Fwp%2Fv2%2Fproduct_cat&post=3085"},{"taxonomy":"product_tag","embeddable":true,"href":"https:\/\/artistorie.fr\/index.php?rest_route=%2Fwp%2Fv2%2Fproduct_tag&post=3085"}],"curies":[{"name":"wp","href":"https:\/\/api.w.org\/{rel}","templated":true}]}}