{"id":3070,"date":"2025-12-15T11:12:14","date_gmt":"2025-12-15T11:12:14","guid":{"rendered":"https:\/\/artistorie.fr\/?post_type=product&#038;p=3070"},"modified":"2025-12-15T11:14:18","modified_gmt":"2025-12-15T11:14:18","slug":"lavabo-a-pied-2","status":"publish","type":"product","link":"https:\/\/artistorie.fr\/?product=lavabo-a-pied-2","title":{"rendered":"Lavabo \u00e0 pied 2"},"content":{"rendered":"<p style=\"text-align: left;\"><span style=\"color: #000000;\">Une lavabo \u00e0 pied sculpt\u00e9 pour \u00eatre aussi propre qu&rsquo;au Moyen-\u00c2ge !<\/span><br \/>\n<span style=\"color: #000000;\">Bas\u00e9 sur des enluminures.<\/span><\/p>\n<p style=\"text-align: left;\"><span style=\"color: #000000;\">Date : 14-15e si\u00e8cles<\/span><br \/>\n<span style=\"color: #000000;\">Dimensions : (H)83cm x (L)60cm x (l)60cm<\/span><br \/>\n<span style=\"color: #000000;\">R\u00e9alis\u00e9e en fr\u00eane. Sculpt\u00e9 \u00e0 la main. <\/span><span style=\"color: #000000;\">Finition \u00e0 base d\u2019huile de lin. <\/span><\/p>\n<p style=\"text-align: left;\"><span style=\"color: #000000;\">Bassine non fournie. N&rsquo;h\u00e9site pas \u00e0 m&rsquo;envoyer les dimensions de ta bassine pour adapter le plateau sup\u00e9rieur.<\/span><\/p>\n<p style=\"text-align: left;\"><span style=\"color: #000000;\">Un choix parfait pour se toiletter comme au Moyen-\u00c2ge !<\/span><\/p>\n","protected":false},"excerpt":{"rendered":"<p>Une lavabo \u00e0 pied sculpt\u00e9 pour \u00eatre aussi propre qu&rsquo;au Moyen-\u00c2ge ! Bas\u00e9 sur des enluminures. Date : 14-15e si\u00e8cles Dimensions : (H)83cm x (L)60cm x (l)60cm R\u00e9alis\u00e9e en fr\u00eane. Sculpt\u00e9 \u00e0 la main. Finition \u00e0 base d\u2019huile de lin. Bassine non fournie. N&rsquo;h\u00e9site pas \u00e0 m&rsquo;envoyer les dimensions de ta bassine pour adapter le&hellip; <br \/> <a class=\"read-more\" href=\"https:\/\/artistorie.fr\/?product=lavabo-a-pied-2\">Lire la suite<\/a><\/p>\n","protected":false},"featured_media":3071,"comment_status":"open","ping_status":"closed","template":"","meta":{"_editorskit_title_hidden":false,"_editorskit_reading_time":0,"_editorskit_is_block_options_detached":false,"_editorskit_block_options_position":"{}","_uag_custom_page_level_css":"","_monsterinsights_skip_tracking":false,"_monsterinsights_sitenote_active":false,"_monsterinsights_sitenote_note":"","_monsterinsights_sitenote_category":0},"product_brand":[],"product_cat":[46],"product_tag":[],"class_list":{"0":"post-3070","1":"product","2":"type-product","3":"status-publish","4":"has-post-thumbnail","6":"product_cat-mobilier","8":"first","9":"onbackorder","10":"shipping-taxable","11":"purchasable","12":"product-type-simple"},"aioseo_notices":[],"uagb_featured_image_src":{"full":["https:\/\/artistorie.fr\/wp-content\/uploads\/2025\/12\/1.png",1080,1080,false],"thumbnail":["https:\/\/artistorie.fr\/wp-content\/uploads\/2025\/12\/1-150x150.png",150,150,true],"medium":["https:\/\/artistorie.fr\/wp-content\/uploads\/2025\/12\/1-300x300.png",300,300,true],"medium_large":["https:\/\/artistorie.fr\/wp-content\/uploads\/2025\/12\/1-768x768.png",768,768,true],"large":["https:\/\/artistorie.fr\/wp-content\/uploads\/2025\/12\/1-1024x1024.png",1024,1024,true],"1536x1536":["https:\/\/artistorie.fr\/wp-content\/uploads\/2025\/12\/1.png",1080,1080,false],"2048x2048":["https:\/\/artistorie.fr\/wp-content\/uploads\/2025\/12\/1.png",1080,1080,false],"post-thumbnail":["https:\/\/artistorie.fr\/wp-content\/uploads\/2025\/12\/1-1024x1024.png",1024,1024,true],"mesmerize-full-hd":["https:\/\/artistorie.fr\/wp-content\/uploads\/2025\/12\/1.png",1080,1080,false],"woocommerce_thumbnail":["https:\/\/artistorie.fr\/wp-content\/uploads\/2025\/12\/1-300x300.png",300,300,true],"woocommerce_single":["https:\/\/artistorie.fr\/wp-content\/uploads\/2025\/12\/1-600x600.png",600,600,true],"woocommerce_gallery_thumbnail":["https:\/\/artistorie.fr\/wp-content\/uploads\/2025\/12\/1-100x100.png",100,100,true]},"uagb_author_info":{"display_name":"valentin.berlemont","author_link":"https:\/\/artistorie.fr\/?author=0"},"uagb_comment_info":0,"uagb_excerpt":"Une lavabo \u00e0 pied sculpt\u00e9 pour \u00eatre aussi propre qu&rsquo;au Moyen-\u00c2ge ! Bas\u00e9 sur des enluminures. Date : 14-15e si\u00e8cles Dimensions : (H)83cm x (L)60cm x (l)60cm R\u00e9alis\u00e9e en fr\u00eane. Sculpt\u00e9 \u00e0 la main. Finition \u00e0 base d\u2019huile de lin. Bassine non fournie. N&rsquo;h\u00e9site pas \u00e0 m&rsquo;envoyer les dimensions de ta bassine pour adapter le&hellip;\u2026","jetpack_sharing_enabled":true,"_links":{"self":[{"href":"https:\/\/artistorie.fr\/index.php?rest_route=\/wp\/v2\/product\/3070","targetHints":{"allow":["GET"]}}],"collection":[{"href":"https:\/\/artistorie.fr\/index.php?rest_route=\/wp\/v2\/product"}],"about":[{"href":"https:\/\/artistorie.fr\/index.php?rest_route=\/wp\/v2\/types\/product"}],"replies":[{"embeddable":true,"href":"https:\/\/artistorie.fr\/index.php?rest_route=%2Fwp%2Fv2%2Fcomments&post=3070"}],"wp:featuredmedia":[{"embeddable":true,"href":"https:\/\/artistorie.fr\/index.php?rest_route=\/wp\/v2\/media\/3071"}],"wp:attachment":[{"href":"https:\/\/artistorie.fr\/index.php?rest_route=%2Fwp%2Fv2%2Fmedia&parent=3070"}],"wp:term":[{"taxonomy":"product_brand","embeddable":true,"href":"https:\/\/artistorie.fr\/index.php?rest_route=%2Fwp%2Fv2%2Fproduct_brand&post=3070"},{"taxonomy":"product_cat","embeddable":true,"href":"https:\/\/artistorie.fr\/index.php?rest_route=%2Fwp%2Fv2%2Fproduct_cat&post=3070"},{"taxonomy":"product_tag","embeddable":true,"href":"https:\/\/artistorie.fr\/index.php?rest_route=%2Fwp%2Fv2%2Fproduct_tag&post=3070"}],"curies":[{"name":"wp","href":"https:\/\/api.w.org\/{rel}","templated":true}]}}