{"id":3043,"date":"2025-11-29T10:14:43","date_gmt":"2025-11-29T10:14:43","guid":{"rendered":"https:\/\/artistorie.fr\/?post_type=product&#038;p=3043"},"modified":"2026-04-20T09:39:26","modified_gmt":"2026-04-20T09:39:26","slug":"lanterne-ronde-a-coulisse","status":"publish","type":"product","link":"https:\/\/artistorie.fr\/?product=lanterne-ronde-a-coulisse","title":{"rendered":"Lanterne ronde \u00e0 coulisse"},"content":{"rendered":"<p style=\"text-align: left;\"><span style=\"color: #000000;\">Une belle lanterne \u00e0 coulisse pour y voir plus clair dans la p\u00e9nombre !<\/span><br \/>\n<span style=\"color: #000000;\">Bas\u00e9 sur des enluminures et mod\u00e8les historiques.<\/span><\/p>\n<p style=\"text-align: left;\"><span style=\"color: #000000;\">R\u00e9alis\u00e9e en ch\u00eane, parchemin et cuir fran\u00e7ais. Traitement \u00e0 l&rsquo;huile de lin. Coupelle m\u00e9tallique.<\/span><\/p>\n<p style=\"text-align: left;\"><span style=\"color: #000000;\">Dimensions : (H)25cm x (L)14cm x (l)14cm<\/span><\/p>\n<p style=\"text-align: left;\"><span style=\"color: #000000;\">Pour l&rsquo;entretien, appliquez de l&rsquo;huile de lin au chiffon une \u00e0 deux fois par an.<\/span><br \/>\n<span style=\"color: #000000;\">Un choix parfait pour s&rsquo;\u00e9clairer comme au Moyen-\u00c2ge !<\/span><\/p>\n","protected":false},"excerpt":{"rendered":"<p>Une belle lanterne \u00e0 coulisse pour y voir plus clair dans la p\u00e9nombre ! Bas\u00e9 sur des enluminures et mod\u00e8les historiques. R\u00e9alis\u00e9e en ch\u00eane, parchemin et cuir fran\u00e7ais. Traitement \u00e0 l&rsquo;huile de lin. Coupelle m\u00e9tallique. Dimensions : (H)25cm x (L)14cm x (l)14cm Pour l&rsquo;entretien, appliquez de l&rsquo;huile de lin au chiffon une \u00e0 deux fois&hellip; <br \/> <a class=\"read-more\" href=\"https:\/\/artistorie.fr\/?product=lanterne-ronde-a-coulisse\">Lire la suite<\/a><\/p>\n","protected":false},"featured_media":3055,"comment_status":"open","ping_status":"closed","template":"","meta":{"_editorskit_title_hidden":false,"_editorskit_reading_time":0,"_editorskit_is_block_options_detached":false,"_editorskit_block_options_position":"{}","_uag_custom_page_level_css":"","_monsterinsights_skip_tracking":false,"_monsterinsights_sitenote_active":false,"_monsterinsights_sitenote_note":"","_monsterinsights_sitenote_category":0},"product_brand":[],"product_cat":[44],"product_tag":[],"class_list":{"0":"post-3043","1":"product","2":"type-product","3":"status-publish","4":"has-post-thumbnail","6":"product_cat-luminaire","8":"first","9":"instock","10":"shipping-taxable","11":"purchasable","12":"product-type-simple"},"aioseo_notices":[],"uagb_featured_image_src":{"full":["https:\/\/artistorie.fr\/wp-content\/uploads\/2025\/11\/Design-sans-titre-2.png",1080,1080,false],"thumbnail":["https:\/\/artistorie.fr\/wp-content\/uploads\/2025\/11\/Design-sans-titre-2-150x150.png",150,150,true],"medium":["https:\/\/artistorie.fr\/wp-content\/uploads\/2025\/11\/Design-sans-titre-2-300x300.png",300,300,true],"medium_large":["https:\/\/artistorie.fr\/wp-content\/uploads\/2025\/11\/Design-sans-titre-2-768x768.png",768,768,true],"large":["https:\/\/artistorie.fr\/wp-content\/uploads\/2025\/11\/Design-sans-titre-2-1024x1024.png",1024,1024,true],"1536x1536":["https:\/\/artistorie.fr\/wp-content\/uploads\/2025\/11\/Design-sans-titre-2.png",1080,1080,false],"2048x2048":["https:\/\/artistorie.fr\/wp-content\/uploads\/2025\/11\/Design-sans-titre-2.png",1080,1080,false],"post-thumbnail":["https:\/\/artistorie.fr\/wp-content\/uploads\/2025\/11\/Design-sans-titre-2-1024x1024.png",1024,1024,true],"mesmerize-full-hd":["https:\/\/artistorie.fr\/wp-content\/uploads\/2025\/11\/Design-sans-titre-2.png",1080,1080,false],"woocommerce_thumbnail":["https:\/\/artistorie.fr\/wp-content\/uploads\/2025\/11\/Design-sans-titre-2-300x300.png",300,300,true],"woocommerce_single":["https:\/\/artistorie.fr\/wp-content\/uploads\/2025\/11\/Design-sans-titre-2-600x600.png",600,600,true],"woocommerce_gallery_thumbnail":["https:\/\/artistorie.fr\/wp-content\/uploads\/2025\/11\/Design-sans-titre-2-100x100.png",100,100,true]},"uagb_author_info":{"display_name":"valentin.berlemont","author_link":"https:\/\/artistorie.fr\/?author=0"},"uagb_comment_info":0,"uagb_excerpt":"Une belle lanterne \u00e0 coulisse pour y voir plus clair dans la p\u00e9nombre ! Bas\u00e9 sur des enluminures et mod\u00e8les historiques. R\u00e9alis\u00e9e en ch\u00eane, parchemin et cuir fran\u00e7ais. Traitement \u00e0 l&rsquo;huile de lin. Coupelle m\u00e9tallique. Dimensions : (H)25cm x (L)14cm x (l)14cm Pour l&rsquo;entretien, appliquez de l&rsquo;huile de lin au chiffon une \u00e0 deux fois&hellip;\u2026","jetpack_sharing_enabled":true,"_links":{"self":[{"href":"https:\/\/artistorie.fr\/index.php?rest_route=\/wp\/v2\/product\/3043","targetHints":{"allow":["GET"]}}],"collection":[{"href":"https:\/\/artistorie.fr\/index.php?rest_route=\/wp\/v2\/product"}],"about":[{"href":"https:\/\/artistorie.fr\/index.php?rest_route=\/wp\/v2\/types\/product"}],"replies":[{"embeddable":true,"href":"https:\/\/artistorie.fr\/index.php?rest_route=%2Fwp%2Fv2%2Fcomments&post=3043"}],"wp:featuredmedia":[{"embeddable":true,"href":"https:\/\/artistorie.fr\/index.php?rest_route=\/wp\/v2\/media\/3055"}],"wp:attachment":[{"href":"https:\/\/artistorie.fr\/index.php?rest_route=%2Fwp%2Fv2%2Fmedia&parent=3043"}],"wp:term":[{"taxonomy":"product_brand","embeddable":true,"href":"https:\/\/artistorie.fr\/index.php?rest_route=%2Fwp%2Fv2%2Fproduct_brand&post=3043"},{"taxonomy":"product_cat","embeddable":true,"href":"https:\/\/artistorie.fr\/index.php?rest_route=%2Fwp%2Fv2%2Fproduct_cat&post=3043"},{"taxonomy":"product_tag","embeddable":true,"href":"https:\/\/artistorie.fr\/index.php?rest_route=%2Fwp%2Fv2%2Fproduct_tag&post=3043"}],"curies":[{"name":"wp","href":"https:\/\/api.w.org\/{rel}","templated":true}]}}