{"id":2914,"date":"2025-02-08T09:42:59","date_gmt":"2025-02-08T09:42:59","guid":{"rendered":"https:\/\/artistorie.fr\/?post_type=product&#038;p=2914"},"modified":"2025-12-01T10:10:04","modified_gmt":"2025-12-01T10:10:04","slug":"lanterne-carree-a-porte","status":"publish","type":"product","link":"https:\/\/artistorie.fr\/?product=lanterne-carree-a-porte","title":{"rendered":"Lanterne carr\u00e9e \u00e0 porte"},"content":{"rendered":"<p style=\"text-align: left;\"><span style=\"color: #000000;\">Une belle lanterne carr\u00e9e \u00e0 porte pour y voir plus clair dans la p\u00e9nombre !<\/span><br \/>\n<span style=\"color: #000000;\">Bas\u00e9 sur des enluminures.<\/span><\/p>\n<p style=\"text-align: left;\"><span style=\"color: #000000;\">R\u00e9alis\u00e9e en fr\u00eane et parchemin trait\u00e9s \u00e0 l&rsquo;huile de lin. Poign\u00e9e en laiton, coupelle et pique-chandelle m\u00e9tallique.<\/span><\/p>\n<p style=\"text-align: left;\"><span style=\"color: #000000;\">Dimensions : (H)24,5cm x (L)17cm x (l)17cm<\/span><\/p>\n<p><span style=\"color: #000000;\">Hauteur avec poign\u00e9e = 46cm<\/span><\/p>\n<p style=\"text-align: left;\"><span style=\"color: #000000;\">Pour l&rsquo;entretien, appliquez de l&rsquo;huile de lin au chiffon une \u00e0 deux fois par an.<\/span><br \/>\n<span style=\"color: #000000;\">Un choix parfait pour s&rsquo;\u00e9clairer comme au Moyen-\u00c2ge !<\/span><\/p>\n","protected":false},"excerpt":{"rendered":"<p>Une belle lanterne carr\u00e9e \u00e0 porte pour y voir plus clair dans la p\u00e9nombre ! Bas\u00e9 sur des enluminures. R\u00e9alis\u00e9e en fr\u00eane et parchemin trait\u00e9s \u00e0 l&rsquo;huile de lin. Poign\u00e9e en laiton, coupelle et pique-chandelle m\u00e9tallique. Dimensions : (H)24,5cm x (L)17cm x (l)17cm Hauteur avec poign\u00e9e = 46cm Pour l&rsquo;entretien, appliquez de l&rsquo;huile de lin&hellip; <br \/> <a class=\"read-more\" href=\"https:\/\/artistorie.fr\/?product=lanterne-carree-a-porte\">Lire la suite<\/a><\/p>\n","protected":false},"featured_media":2889,"comment_status":"open","ping_status":"closed","template":"","meta":{"_editorskit_title_hidden":false,"_editorskit_reading_time":0,"_editorskit_is_block_options_detached":false,"_editorskit_block_options_position":"{}","_uag_custom_page_level_css":"","_monsterinsights_skip_tracking":false,"_monsterinsights_sitenote_active":false,"_monsterinsights_sitenote_note":"","_monsterinsights_sitenote_category":0},"product_brand":[],"product_cat":[44],"product_tag":[],"class_list":{"0":"post-2914","1":"product","2":"type-product","3":"status-publish","4":"has-post-thumbnail","6":"product_cat-luminaire","8":"first","9":"onbackorder","10":"shipping-taxable","11":"purchasable","12":"product-type-simple"},"aioseo_notices":[],"uagb_featured_image_src":{"full":["https:\/\/artistorie.fr\/wp-content\/uploads\/2025\/02\/12.png",1080,1080,false],"thumbnail":["https:\/\/artistorie.fr\/wp-content\/uploads\/2025\/02\/12-150x150.png",150,150,true],"medium":["https:\/\/artistorie.fr\/wp-content\/uploads\/2025\/02\/12-300x300.png",300,300,true],"medium_large":["https:\/\/artistorie.fr\/wp-content\/uploads\/2025\/02\/12-768x768.png",768,768,true],"large":["https:\/\/artistorie.fr\/wp-content\/uploads\/2025\/02\/12-1024x1024.png",1024,1024,true],"1536x1536":["https:\/\/artistorie.fr\/wp-content\/uploads\/2025\/02\/12.png",1080,1080,false],"2048x2048":["https:\/\/artistorie.fr\/wp-content\/uploads\/2025\/02\/12.png",1080,1080,false],"post-thumbnail":["https:\/\/artistorie.fr\/wp-content\/uploads\/2025\/02\/12-1024x1024.png",1024,1024,true],"mesmerize-full-hd":["https:\/\/artistorie.fr\/wp-content\/uploads\/2025\/02\/12.png",1080,1080,false],"woocommerce_thumbnail":["https:\/\/artistorie.fr\/wp-content\/uploads\/2025\/02\/12-300x300.png",300,300,true],"woocommerce_single":["https:\/\/artistorie.fr\/wp-content\/uploads\/2025\/02\/12-600x600.png",600,600,true],"woocommerce_gallery_thumbnail":["https:\/\/artistorie.fr\/wp-content\/uploads\/2025\/02\/12-100x100.png",100,100,true]},"uagb_author_info":{"display_name":"valentin.berlemont","author_link":"https:\/\/artistorie.fr\/?author=0"},"uagb_comment_info":0,"uagb_excerpt":"Une belle lanterne carr\u00e9e \u00e0 porte pour y voir plus clair dans la p\u00e9nombre ! Bas\u00e9 sur des enluminures. R\u00e9alis\u00e9e en fr\u00eane et parchemin trait\u00e9s \u00e0 l&rsquo;huile de lin. Poign\u00e9e en laiton, coupelle et pique-chandelle m\u00e9tallique. Dimensions : (H)24,5cm x (L)17cm x (l)17cm Hauteur avec poign\u00e9e = 46cm Pour l&rsquo;entretien, appliquez de l&rsquo;huile de lin&hellip;\u2026","jetpack_sharing_enabled":true,"_links":{"self":[{"href":"https:\/\/artistorie.fr\/index.php?rest_route=\/wp\/v2\/product\/2914","targetHints":{"allow":["GET"]}}],"collection":[{"href":"https:\/\/artistorie.fr\/index.php?rest_route=\/wp\/v2\/product"}],"about":[{"href":"https:\/\/artistorie.fr\/index.php?rest_route=\/wp\/v2\/types\/product"}],"replies":[{"embeddable":true,"href":"https:\/\/artistorie.fr\/index.php?rest_route=%2Fwp%2Fv2%2Fcomments&post=2914"}],"wp:featuredmedia":[{"embeddable":true,"href":"https:\/\/artistorie.fr\/index.php?rest_route=\/wp\/v2\/media\/2889"}],"wp:attachment":[{"href":"https:\/\/artistorie.fr\/index.php?rest_route=%2Fwp%2Fv2%2Fmedia&parent=2914"}],"wp:term":[{"taxonomy":"product_brand","embeddable":true,"href":"https:\/\/artistorie.fr\/index.php?rest_route=%2Fwp%2Fv2%2Fproduct_brand&post=2914"},{"taxonomy":"product_cat","embeddable":true,"href":"https:\/\/artistorie.fr\/index.php?rest_route=%2Fwp%2Fv2%2Fproduct_cat&post=2914"},{"taxonomy":"product_tag","embeddable":true,"href":"https:\/\/artistorie.fr\/index.php?rest_route=%2Fwp%2Fv2%2Fproduct_tag&post=2914"}],"curies":[{"name":"wp","href":"https:\/\/api.w.org\/{rel}","templated":true}]}}