{"id":2894,"date":"2025-02-07T16:02:13","date_gmt":"2025-02-07T16:02:13","guid":{"rendered":"https:\/\/artistorie.fr\/?post_type=product&#038;p=2894"},"modified":"2025-12-21T23:21:03","modified_gmt":"2025-12-21T23:21:03","slug":"sculpture-cle-de-mon-coeur","status":"publish","type":"product","link":"https:\/\/artistorie.fr\/?product=sculpture-cle-de-mon-coeur","title":{"rendered":"Sculpture \u00ab\u00a0Cl\u00e9 de mon coeur\u00a0\u00bb"},"content":{"rendered":"<p><span style=\"color: #000000;\">Sculpture cr\u00e9ation originale.<\/span><\/p>\n<p><span style=\"color: #000000;\">Id\u00e9al pour d\u00e9corer votre maison et avouer vos sentiments.<\/span><\/p>\n<p><span style=\"color: #000000;\">Fr\u00eane sculpt\u00e9 \u00e0 la main, traitement \u00e0 la gomme laque blanche.<\/span><\/p>\n<p><span style=\"color: #000000;\">Tige en fer, serrure et cl\u00e9 en laiton.<\/span><\/p>\n<p><span style=\"color: #000000;\">Dimensions : (H)24cm x (L)10cm x (l)11,5cm<\/span><\/p>\n","protected":false},"excerpt":{"rendered":"<p>Sculpture cr\u00e9ation originale. Id\u00e9al pour d\u00e9corer votre maison et avouer vos sentiments. Fr\u00eane sculpt\u00e9 \u00e0 la main, traitement \u00e0 la gomme laque blanche. Tige en fer, serrure et cl\u00e9 en laiton. Dimensions : (H)24cm x (L)10cm x (l)11,5cm<\/p>\n","protected":false},"featured_media":2893,"comment_status":"open","ping_status":"closed","template":"","meta":{"_editorskit_title_hidden":false,"_editorskit_reading_time":0,"_editorskit_is_block_options_detached":false,"_editorskit_block_options_position":"{}","_uag_custom_page_level_css":"","_monsterinsights_skip_tracking":false,"_monsterinsights_sitenote_active":false,"_monsterinsights_sitenote_note":"","_monsterinsights_sitenote_category":0},"product_brand":[],"product_cat":[23,254],"product_tag":[],"class_list":{"0":"post-2894","1":"product","2":"type-product","3":"status-publish","4":"has-post-thumbnail","6":"product_cat-modern-istorie","7":"product_cat-sculpture","9":"first","10":"instock","11":"sold-individually","12":"purchasable","13":"product-type-simple"},"aioseo_notices":[],"uagb_featured_image_src":{"full":["https:\/\/artistorie.fr\/wp-content\/uploads\/2025\/02\/16.png",1080,1080,false],"thumbnail":["https:\/\/artistorie.fr\/wp-content\/uploads\/2025\/02\/16-150x150.png",150,150,true],"medium":["https:\/\/artistorie.fr\/wp-content\/uploads\/2025\/02\/16-300x300.png",300,300,true],"medium_large":["https:\/\/artistorie.fr\/wp-content\/uploads\/2025\/02\/16-768x768.png",768,768,true],"large":["https:\/\/artistorie.fr\/wp-content\/uploads\/2025\/02\/16-1024x1024.png",1024,1024,true],"1536x1536":["https:\/\/artistorie.fr\/wp-content\/uploads\/2025\/02\/16.png",1080,1080,false],"2048x2048":["https:\/\/artistorie.fr\/wp-content\/uploads\/2025\/02\/16.png",1080,1080,false],"post-thumbnail":["https:\/\/artistorie.fr\/wp-content\/uploads\/2025\/02\/16-1024x1024.png",1024,1024,true],"mesmerize-full-hd":["https:\/\/artistorie.fr\/wp-content\/uploads\/2025\/02\/16.png",1080,1080,false],"woocommerce_thumbnail":["https:\/\/artistorie.fr\/wp-content\/uploads\/2025\/02\/16-300x300.png",300,300,true],"woocommerce_single":["https:\/\/artistorie.fr\/wp-content\/uploads\/2025\/02\/16-600x600.png",600,600,true],"woocommerce_gallery_thumbnail":["https:\/\/artistorie.fr\/wp-content\/uploads\/2025\/02\/16-100x100.png",100,100,true]},"uagb_author_info":{"display_name":"valentin.berlemont","author_link":"https:\/\/artistorie.fr\/?author=0"},"uagb_comment_info":0,"uagb_excerpt":"Sculpture cr\u00e9ation originale. Id\u00e9al pour d\u00e9corer votre maison et avouer vos sentiments. Fr\u00eane sculpt\u00e9 \u00e0 la main, traitement \u00e0 la gomme laque blanche. Tige en fer, serrure et cl\u00e9 en laiton. Dimensions : (H)24cm x (L)10cm x (l)11,5cm","jetpack_sharing_enabled":true,"_links":{"self":[{"href":"https:\/\/artistorie.fr\/index.php?rest_route=\/wp\/v2\/product\/2894","targetHints":{"allow":["GET"]}}],"collection":[{"href":"https:\/\/artistorie.fr\/index.php?rest_route=\/wp\/v2\/product"}],"about":[{"href":"https:\/\/artistorie.fr\/index.php?rest_route=\/wp\/v2\/types\/product"}],"replies":[{"embeddable":true,"href":"https:\/\/artistorie.fr\/index.php?rest_route=%2Fwp%2Fv2%2Fcomments&post=2894"}],"wp:featuredmedia":[{"embeddable":true,"href":"https:\/\/artistorie.fr\/index.php?rest_route=\/wp\/v2\/media\/2893"}],"wp:attachment":[{"href":"https:\/\/artistorie.fr\/index.php?rest_route=%2Fwp%2Fv2%2Fmedia&parent=2894"}],"wp:term":[{"taxonomy":"product_brand","embeddable":true,"href":"https:\/\/artistorie.fr\/index.php?rest_route=%2Fwp%2Fv2%2Fproduct_brand&post=2894"},{"taxonomy":"product_cat","embeddable":true,"href":"https:\/\/artistorie.fr\/index.php?rest_route=%2Fwp%2Fv2%2Fproduct_cat&post=2894"},{"taxonomy":"product_tag","embeddable":true,"href":"https:\/\/artistorie.fr\/index.php?rest_route=%2Fwp%2Fv2%2Fproduct_tag&post=2894"}],"curies":[{"name":"wp","href":"https:\/\/api.w.org\/{rel}","templated":true}]}}