{"id":2880,"date":"2025-02-07T15:46:48","date_gmt":"2025-02-07T15:46:48","guid":{"rendered":"https:\/\/artistorie.fr\/?post_type=product&#038;p=2880"},"modified":"2025-08-03T09:18:43","modified_gmt":"2025-08-03T09:18:43","slug":"jeu-de-runes-ancien-futhark","status":"publish","type":"product","link":"https:\/\/artistorie.fr\/?product=jeu-de-runes-ancien-futhark","title":{"rendered":"Jeu de runes &#8211; ancien futhark"},"content":{"rendered":"<p style=\"text-align: left;\"><span style=\"color: #000000;\">Un jeu de 24 runes style ancien futhark.<\/span><\/p>\n<p style=\"text-align: left;\"><span style=\"color: #000000;\">Les runes repr\u00e9sentent les lettres d&rsquo;un ancien alphabet des peuples germaniques. Utilis\u00e9 pour l&rsquo;\u00e9criture, les runes \u00e9taient aussi utilis\u00e9es pour la divination et la magie. On les associe aujourd&rsquo;hui particuli\u00e8rement \u00e0 aux peuples vikings, mais elles existaient d\u00e9j\u00e0 bien avant eux ! Les runes les plus anciennes datent du 2e si\u00e8cle de notre \u00e8re, et l&rsquo;une des pierres runiques les plus connus aujourd&rsquo;hui date du 4e si\u00e8cle.<\/span><\/p>\n<p style=\"text-align: left;\"><span style=\"color: #000000;\">Date : \u00e0 partir du IIe si\u00e8cle<\/span><br \/>\n<span style=\"color: #000000;\">Dimensions sac : (H)1cm x (L)2cm x (l)22cm<\/span><\/p>\n<p style=\"text-align: left;\"><span style=\"color: #000000;\">Dimensions rune unique : (H)4,5cm x (L)1,5cm x (l)4,5cm<\/span><\/p>\n<p style=\"text-align: left;\"><span style=\"color: #000000;\">R\u00e9alis\u00e9 en tilleul pyrograv\u00e9. Exp\u00e9di\u00e9 avec un sac en coton blanc.<\/span><\/p>\n<p style=\"text-align: left;\"><span style=\"color: #000000;\">Un choix parfait pour faire la divination comme au Moyen-\u00c2ge !<\/span><\/p>\n","protected":false},"excerpt":{"rendered":"<p>Un jeu de 24 runes style ancien futhark. Les runes repr\u00e9sentent les lettres d&rsquo;un ancien alphabet des peuples germaniques. Utilis\u00e9 pour l&rsquo;\u00e9criture, les runes \u00e9taient aussi utilis\u00e9es pour la divination et la magie. On les associe aujourd&rsquo;hui particuli\u00e8rement \u00e0 aux peuples vikings, mais elles existaient d\u00e9j\u00e0 bien avant eux ! Les runes les plus anciennes&hellip; <br \/> <a class=\"read-more\" href=\"https:\/\/artistorie.fr\/?product=jeu-de-runes-ancien-futhark\">Lire la suite<\/a><\/p>\n","protected":false},"featured_media":2883,"comment_status":"open","ping_status":"closed","template":"","meta":{"_editorskit_title_hidden":false,"_editorskit_reading_time":0,"_editorskit_is_block_options_detached":false,"_editorskit_block_options_position":"{}","_uag_custom_page_level_css":"","_monsterinsights_skip_tracking":false,"_monsterinsights_sitenote_active":false,"_monsterinsights_sitenote_note":"","_monsterinsights_sitenote_category":0},"product_brand":[],"product_cat":[38,23,250],"product_tag":[],"class_list":{"0":"post-2880","1":"product","2":"type-product","3":"status-publish","4":"has-post-thumbnail","6":"product_cat-esoterisme","7":"product_cat-modern-istorie","8":"product_cat-religion","10":"first","11":"onbackorder","12":"shipping-taxable","13":"purchasable","14":"product-type-simple"},"aioseo_notices":[],"uagb_featured_image_src":{"full":["https:\/\/artistorie.fr\/wp-content\/uploads\/2025\/02\/6.png",1080,1080,false],"thumbnail":["https:\/\/artistorie.fr\/wp-content\/uploads\/2025\/02\/6-150x150.png",150,150,true],"medium":["https:\/\/artistorie.fr\/wp-content\/uploads\/2025\/02\/6-300x300.png",300,300,true],"medium_large":["https:\/\/artistorie.fr\/wp-content\/uploads\/2025\/02\/6-768x768.png",768,768,true],"large":["https:\/\/artistorie.fr\/wp-content\/uploads\/2025\/02\/6-1024x1024.png",1024,1024,true],"1536x1536":["https:\/\/artistorie.fr\/wp-content\/uploads\/2025\/02\/6.png",1080,1080,false],"2048x2048":["https:\/\/artistorie.fr\/wp-content\/uploads\/2025\/02\/6.png",1080,1080,false],"post-thumbnail":["https:\/\/artistorie.fr\/wp-content\/uploads\/2025\/02\/6-1024x1024.png",1024,1024,true],"mesmerize-full-hd":["https:\/\/artistorie.fr\/wp-content\/uploads\/2025\/02\/6.png",1080,1080,false],"woocommerce_thumbnail":["https:\/\/artistorie.fr\/wp-content\/uploads\/2025\/02\/6-300x300.png",300,300,true],"woocommerce_single":["https:\/\/artistorie.fr\/wp-content\/uploads\/2025\/02\/6-600x600.png",600,600,true],"woocommerce_gallery_thumbnail":["https:\/\/artistorie.fr\/wp-content\/uploads\/2025\/02\/6-100x100.png",100,100,true]},"uagb_author_info":{"display_name":"valentin.berlemont","author_link":"https:\/\/artistorie.fr\/?author=0"},"uagb_comment_info":0,"uagb_excerpt":"Un jeu de 24 runes style ancien futhark. Les runes repr\u00e9sentent les lettres d&rsquo;un ancien alphabet des peuples germaniques. Utilis\u00e9 pour l&rsquo;\u00e9criture, les runes \u00e9taient aussi utilis\u00e9es pour la divination et la magie. On les associe aujourd&rsquo;hui particuli\u00e8rement \u00e0 aux peuples vikings, mais elles existaient d\u00e9j\u00e0 bien avant eux ! Les runes les plus anciennes&hellip;\u2026","jetpack_sharing_enabled":true,"_links":{"self":[{"href":"https:\/\/artistorie.fr\/index.php?rest_route=\/wp\/v2\/product\/2880","targetHints":{"allow":["GET"]}}],"collection":[{"href":"https:\/\/artistorie.fr\/index.php?rest_route=\/wp\/v2\/product"}],"about":[{"href":"https:\/\/artistorie.fr\/index.php?rest_route=\/wp\/v2\/types\/product"}],"replies":[{"embeddable":true,"href":"https:\/\/artistorie.fr\/index.php?rest_route=%2Fwp%2Fv2%2Fcomments&post=2880"}],"wp:featuredmedia":[{"embeddable":true,"href":"https:\/\/artistorie.fr\/index.php?rest_route=\/wp\/v2\/media\/2883"}],"wp:attachment":[{"href":"https:\/\/artistorie.fr\/index.php?rest_route=%2Fwp%2Fv2%2Fmedia&parent=2880"}],"wp:term":[{"taxonomy":"product_brand","embeddable":true,"href":"https:\/\/artistorie.fr\/index.php?rest_route=%2Fwp%2Fv2%2Fproduct_brand&post=2880"},{"taxonomy":"product_cat","embeddable":true,"href":"https:\/\/artistorie.fr\/index.php?rest_route=%2Fwp%2Fv2%2Fproduct_cat&post=2880"},{"taxonomy":"product_tag","embeddable":true,"href":"https:\/\/artistorie.fr\/index.php?rest_route=%2Fwp%2Fv2%2Fproduct_tag&post=2880"}],"curies":[{"name":"wp","href":"https:\/\/api.w.org\/{rel}","templated":true}]}}