{"id":2826,"date":"2024-07-08T14:45:29","date_gmt":"2024-07-08T14:45:29","guid":{"rendered":"https:\/\/artistorie.fr\/?post_type=product&#038;p=2826"},"modified":"2024-10-07T16:30:58","modified_gmt":"2024-10-07T16:30:58","slug":"patenotre-bois-blanc-et-mauve","status":"publish","type":"product","link":"https:\/\/artistorie.fr\/?product=patenotre-bois-blanc-et-mauve","title":{"rendered":"Paten\u00f4tre bois blanc et mauve"},"content":{"rendered":"<p style=\"text-align: left;\"><span style=\"color: #000000;\">Une petite paten\u00f4tre en bois mauve et blanc.<\/span><br \/>\n<span style=\"color: #000000;\">Inspir\u00e9 de la forme repr\u00e9sent\u00e9e dans Rogier Van der Weyden, <em>Portrait de Philippe de Cro\u00ff, 2e comte de Chimay<\/em>, v.1460, huile sur panneau de bois, Mus\u00e9e royal des Beaux-Arts, Anvers, n\u00b0254.<\/span><\/p>\n<p style=\"text-align: left;\"><span style=\"color: #000000;\">Date : 15e si\u00e8cle<\/span><br \/>\n<span style=\"color: #000000;\">Dimensions : (H)1cm x (L)1cm x (l)27cm<\/span><br \/>\n<span style=\"color: #000000;\">R\u00e9alis\u00e9 en bois blanc et teint\u00e9 en vert et fil de coton.<\/span><\/p>\n<p style=\"text-align: left;\"><span style=\"color: #000000;\">Un choix parfait pour prier comme au Moyen-\u00c2ge !<\/span><\/p>\n","protected":false},"excerpt":{"rendered":"<p>Une petite paten\u00f4tre en bois mauve et blanc. Inspir\u00e9 de la forme repr\u00e9sent\u00e9e dans Rogier Van der Weyden, Portrait de Philippe de Cro\u00ff, 2e comte de Chimay, v.1460, huile sur panneau de bois, Mus\u00e9e royal des Beaux-Arts, Anvers, n\u00b0254. Date : 15e si\u00e8cle Dimensions : (H)1cm x (L)1cm x (l)27cm R\u00e9alis\u00e9 en bois blanc et&hellip; <br \/> <a class=\"read-more\" href=\"https:\/\/artistorie.fr\/?product=patenotre-bois-blanc-et-mauve\">Lire la suite<\/a><\/p>\n","protected":false},"featured_media":2727,"comment_status":"open","ping_status":"closed","template":"","meta":{"_editorskit_title_hidden":false,"_editorskit_reading_time":0,"_editorskit_is_block_options_detached":false,"_editorskit_block_options_position":"{}","_uag_custom_page_level_css":"","_monsterinsights_skip_tracking":false,"_monsterinsights_sitenote_active":false,"_monsterinsights_sitenote_note":"","_monsterinsights_sitenote_category":0},"product_brand":[],"product_cat":[250],"product_tag":[],"class_list":{"0":"post-2826","1":"product","2":"type-product","3":"status-publish","4":"has-post-thumbnail","6":"product_cat-religion","8":"first","9":"outofstock","10":"sold-individually","11":"shipping-taxable","12":"purchasable","13":"product-type-simple"},"aioseo_notices":[],"uagb_featured_image_src":{"full":["https:\/\/artistorie.fr\/wp-content\/uploads\/2024\/07\/artistorie-patenotre-bois-rose-boutique.png",1080,1080,false],"thumbnail":["https:\/\/artistorie.fr\/wp-content\/uploads\/2024\/07\/artistorie-patenotre-bois-rose-boutique-150x150.png",150,150,true],"medium":["https:\/\/artistorie.fr\/wp-content\/uploads\/2024\/07\/artistorie-patenotre-bois-rose-boutique-300x300.png",300,300,true],"medium_large":["https:\/\/artistorie.fr\/wp-content\/uploads\/2024\/07\/artistorie-patenotre-bois-rose-boutique-768x768.png",768,768,true],"large":["https:\/\/artistorie.fr\/wp-content\/uploads\/2024\/07\/artistorie-patenotre-bois-rose-boutique-1024x1024.png",1024,1024,true],"1536x1536":["https:\/\/artistorie.fr\/wp-content\/uploads\/2024\/07\/artistorie-patenotre-bois-rose-boutique.png",1080,1080,false],"2048x2048":["https:\/\/artistorie.fr\/wp-content\/uploads\/2024\/07\/artistorie-patenotre-bois-rose-boutique.png",1080,1080,false],"post-thumbnail":["https:\/\/artistorie.fr\/wp-content\/uploads\/2024\/07\/artistorie-patenotre-bois-rose-boutique-1024x1024.png",1024,1024,true],"mesmerize-full-hd":["https:\/\/artistorie.fr\/wp-content\/uploads\/2024\/07\/artistorie-patenotre-bois-rose-boutique.png",1080,1080,false],"woocommerce_thumbnail":["https:\/\/artistorie.fr\/wp-content\/uploads\/2024\/07\/artistorie-patenotre-bois-rose-boutique-300x300.png",300,300,true],"woocommerce_single":["https:\/\/artistorie.fr\/wp-content\/uploads\/2024\/07\/artistorie-patenotre-bois-rose-boutique-600x600.png",600,600,true],"woocommerce_gallery_thumbnail":["https:\/\/artistorie.fr\/wp-content\/uploads\/2024\/07\/artistorie-patenotre-bois-rose-boutique-100x100.png",100,100,true]},"uagb_author_info":{"display_name":"valentin.berlemont","author_link":"https:\/\/artistorie.fr\/?author=0"},"uagb_comment_info":0,"uagb_excerpt":"Une petite paten\u00f4tre en bois mauve et blanc. Inspir\u00e9 de la forme repr\u00e9sent\u00e9e dans Rogier Van der Weyden, Portrait de Philippe de Cro\u00ff, 2e comte de Chimay, v.1460, huile sur panneau de bois, Mus\u00e9e royal des Beaux-Arts, Anvers, n\u00b0254. Date : 15e si\u00e8cle Dimensions : (H)1cm x (L)1cm x (l)27cm R\u00e9alis\u00e9 en bois blanc et&hellip;\u2026","jetpack_sharing_enabled":true,"_links":{"self":[{"href":"https:\/\/artistorie.fr\/index.php?rest_route=\/wp\/v2\/product\/2826","targetHints":{"allow":["GET"]}}],"collection":[{"href":"https:\/\/artistorie.fr\/index.php?rest_route=\/wp\/v2\/product"}],"about":[{"href":"https:\/\/artistorie.fr\/index.php?rest_route=\/wp\/v2\/types\/product"}],"replies":[{"embeddable":true,"href":"https:\/\/artistorie.fr\/index.php?rest_route=%2Fwp%2Fv2%2Fcomments&post=2826"}],"wp:featuredmedia":[{"embeddable":true,"href":"https:\/\/artistorie.fr\/index.php?rest_route=\/wp\/v2\/media\/2727"}],"wp:attachment":[{"href":"https:\/\/artistorie.fr\/index.php?rest_route=%2Fwp%2Fv2%2Fmedia&parent=2826"}],"wp:term":[{"taxonomy":"product_brand","embeddable":true,"href":"https:\/\/artistorie.fr\/index.php?rest_route=%2Fwp%2Fv2%2Fproduct_brand&post=2826"},{"taxonomy":"product_cat","embeddable":true,"href":"https:\/\/artistorie.fr\/index.php?rest_route=%2Fwp%2Fv2%2Fproduct_cat&post=2826"},{"taxonomy":"product_tag","embeddable":true,"href":"https:\/\/artistorie.fr\/index.php?rest_route=%2Fwp%2Fv2%2Fproduct_tag&post=2826"}],"curies":[{"name":"wp","href":"https:\/\/api.w.org\/{rel}","templated":true}]}}