{"id":2737,"date":"2024-07-05T20:52:55","date_gmt":"2024-07-05T20:52:55","guid":{"rendered":"https:\/\/artistorie.fr\/?post_type=product&#038;p=2737"},"modified":"2024-07-08T13:48:36","modified_gmt":"2024-07-08T13:48:36","slug":"pot-bouleau-frugardi-chirurgia","status":"publish","type":"product","link":"https:\/\/artistorie.fr\/?product=pot-bouleau-frugardi-chirurgia","title":{"rendered":"Pot Bouleau &#8211; Frugardi Chirurgia"},"content":{"rendered":"<p><span style=\"color: #000000;\">Il vous manque de quoi stocker vos aliments, onguents ou poudre noire ?<\/span><\/p>\n<p><span style=\"color: #000000;\">Ce pot est reconstitu\u00e9 sur base d&rsquo;une enluminure : BL Sloane 1977. Roger Frugardi of Salerno, Chirurgia, France, premier quart du 14e si\u00e8cle.<\/span><\/p>\n<p><span style=\"color: #000000;\">Datation : 13 &#8211; 14e si\u00e8cles.<\/span><\/p>\n<p><span style=\"color: #000000;\">R\u00e9alis\u00e9 en fr\u00eane.<\/span><\/p>\n<p><span style=\"color: #000000;\">Finition \u00e0 base d\u2019huile de lin alimentaire bio.<\/span><\/p>\n<p><span style=\"color: #000000;\">Dimensions :\u00a0 12 cm (hauteur) \/ 6,5 cm (diam\u00e8tre)<\/span><\/p>\n<p><span style=\"color: #000000;\">Un choix parfait pour stocker comme au Moyen-\u00c2ge !<\/span><\/p>\n<p>&nbsp;<\/p>\n<p><span style=\"color: #000000;\"><strong>Un peu d&rsquo;histoire<\/strong><\/span><\/p>\n<p><span style=\"color: #000000;\">Bois, m\u00e9taux, argile, toutes les mati\u00e8res sont bonnes pour stocker ses consommables ! Mais en tant que menuisier, j&rsquo;avoue avoir une pr\u00e9f\u00e9rence pour les bocaux en bois.<\/span><\/p>\n","protected":false},"excerpt":{"rendered":"<p>Pot en bouleau<\/p>\n<p>bas\u00e9 sur une enluminure : BL Sloane 1977. Roger Frugardi of Salerno, Chirurgia, France, premier quart du 14e si\u00e8cle.<\/p>\n<p>13 &#8211; 14e si\u00e8cles<\/p>\n","protected":false},"featured_media":2720,"comment_status":"open","ping_status":"closed","template":"","meta":{"_editorskit_title_hidden":false,"_editorskit_reading_time":0,"_editorskit_is_block_options_detached":false,"_editorskit_block_options_position":"{}","_uag_custom_page_level_css":"","_monsterinsights_skip_tracking":false,"_monsterinsights_sitenote_active":false,"_monsterinsights_sitenote_note":"","_monsterinsights_sitenote_category":0},"product_brand":[],"product_cat":[42],"product_tag":[],"class_list":{"0":"post-2737","1":"product","2":"type-product","3":"status-publish","4":"has-post-thumbnail","6":"product_cat-cuisine","8":"first","9":"instock","10":"sold-individually","11":"shipping-taxable","12":"purchasable","13":"product-type-simple"},"aioseo_notices":[],"uagb_featured_image_src":{"full":["https:\/\/artistorie.fr\/wp-content\/uploads\/2024\/07\/artistorie-pot-frugardi-salerno-bouleau-boutique.png",1080,1080,false],"thumbnail":["https:\/\/artistorie.fr\/wp-content\/uploads\/2024\/07\/artistorie-pot-frugardi-salerno-bouleau-boutique-150x150.png",150,150,true],"medium":["https:\/\/artistorie.fr\/wp-content\/uploads\/2024\/07\/artistorie-pot-frugardi-salerno-bouleau-boutique-300x300.png",300,300,true],"medium_large":["https:\/\/artistorie.fr\/wp-content\/uploads\/2024\/07\/artistorie-pot-frugardi-salerno-bouleau-boutique-768x768.png",768,768,true],"large":["https:\/\/artistorie.fr\/wp-content\/uploads\/2024\/07\/artistorie-pot-frugardi-salerno-bouleau-boutique-1024x1024.png",1024,1024,true],"1536x1536":["https:\/\/artistorie.fr\/wp-content\/uploads\/2024\/07\/artistorie-pot-frugardi-salerno-bouleau-boutique.png",1080,1080,false],"2048x2048":["https:\/\/artistorie.fr\/wp-content\/uploads\/2024\/07\/artistorie-pot-frugardi-salerno-bouleau-boutique.png",1080,1080,false],"post-thumbnail":["https:\/\/artistorie.fr\/wp-content\/uploads\/2024\/07\/artistorie-pot-frugardi-salerno-bouleau-boutique-1024x1024.png",1024,1024,true],"mesmerize-full-hd":["https:\/\/artistorie.fr\/wp-content\/uploads\/2024\/07\/artistorie-pot-frugardi-salerno-bouleau-boutique.png",1080,1080,false],"woocommerce_thumbnail":["https:\/\/artistorie.fr\/wp-content\/uploads\/2024\/07\/artistorie-pot-frugardi-salerno-bouleau-boutique-300x300.png",300,300,true],"woocommerce_single":["https:\/\/artistorie.fr\/wp-content\/uploads\/2024\/07\/artistorie-pot-frugardi-salerno-bouleau-boutique-600x600.png",600,600,true],"woocommerce_gallery_thumbnail":["https:\/\/artistorie.fr\/wp-content\/uploads\/2024\/07\/artistorie-pot-frugardi-salerno-bouleau-boutique-100x100.png",100,100,true]},"uagb_author_info":{"display_name":"valentin.berlemont","author_link":"https:\/\/artistorie.fr\/?author=0"},"uagb_comment_info":0,"uagb_excerpt":"Pot en bouleau bas\u00e9 sur une enluminure : BL Sloane 1977. Roger Frugardi of Salerno, Chirurgia, France, premier quart du 14e si\u00e8cle. 13 - 14e si\u00e8cles","jetpack_sharing_enabled":true,"_links":{"self":[{"href":"https:\/\/artistorie.fr\/index.php?rest_route=\/wp\/v2\/product\/2737","targetHints":{"allow":["GET"]}}],"collection":[{"href":"https:\/\/artistorie.fr\/index.php?rest_route=\/wp\/v2\/product"}],"about":[{"href":"https:\/\/artistorie.fr\/index.php?rest_route=\/wp\/v2\/types\/product"}],"replies":[{"embeddable":true,"href":"https:\/\/artistorie.fr\/index.php?rest_route=%2Fwp%2Fv2%2Fcomments&post=2737"}],"wp:featuredmedia":[{"embeddable":true,"href":"https:\/\/artistorie.fr\/index.php?rest_route=\/wp\/v2\/media\/2720"}],"wp:attachment":[{"href":"https:\/\/artistorie.fr\/index.php?rest_route=%2Fwp%2Fv2%2Fmedia&parent=2737"}],"wp:term":[{"taxonomy":"product_brand","embeddable":true,"href":"https:\/\/artistorie.fr\/index.php?rest_route=%2Fwp%2Fv2%2Fproduct_brand&post=2737"},{"taxonomy":"product_cat","embeddable":true,"href":"https:\/\/artistorie.fr\/index.php?rest_route=%2Fwp%2Fv2%2Fproduct_cat&post=2737"},{"taxonomy":"product_tag","embeddable":true,"href":"https:\/\/artistorie.fr\/index.php?rest_route=%2Fwp%2Fv2%2Fproduct_tag&post=2737"}],"curies":[{"name":"wp","href":"https:\/\/api.w.org\/{rel}","templated":true}]}}