{"id":2642,"date":"2024-02-24T11:31:11","date_gmt":"2024-02-24T11:31:11","guid":{"rendered":"https:\/\/artistorie.fr\/?post_type=product&#038;p=2642"},"modified":"2025-07-05T17:25:32","modified_gmt":"2025-07-05T17:25:32","slug":"plateau-merelle-alquerque","status":"publish","type":"product","link":"https:\/\/artistorie.fr\/?product=plateau-merelle-alquerque","title":{"rendered":"Plateau Alquerque &#8211; Li\u00e8vre et les chasseurs"},"content":{"rendered":"<p>Tu adores les jeux ? Tu vas adorer ce plateau pour jouer non pas \u00e0 un mais \u00e0 deux jeux !<br \/>\nTu peux jouer \u00e0 l&rsquo;alquerque et au jeu du li\u00e8vre et des chasseurs.<br \/>\nBas\u00e9 sur des sources iconographiques des 12e au 15e si\u00e8cles.<br \/>\nPlateau en h\u00eatre, jetons clairs en fr\u00eane, jetons fonc\u00e9s en bois exotique.<br \/>\nFinition \u00e0 l&rsquo;huile de lin.<br \/>\nDimensions du plateau : 18 cm (long) \/ 18 cm (large) \/ 1,6 cm (\u00e9paisseur)<br \/>\nDimensions des jetons : 2 cm (diam\u00e8tre) \/ 1 cm (\u00e9paisseur)<br \/>\nUn choix parfait pour s&rsquo;amuser comme au Moyen-\u00c2ge !<\/p>\n","protected":false},"excerpt":{"rendered":"<p>Plateau d&rsquo;alquerque \/ li\u00e8vre et les chasseurs<br \/>\n12e &#8211; 15e si\u00e8cle<br \/>\nBas\u00e9 sur des sources iconographiques<\/p>\n","protected":false},"featured_media":2698,"comment_status":"open","ping_status":"closed","template":"","meta":{"_editorskit_title_hidden":false,"_editorskit_reading_time":0,"_editorskit_is_block_options_detached":false,"_editorskit_block_options_position":"{}","_uag_custom_page_level_css":"","_monsterinsights_skip_tracking":false,"_monsterinsights_sitenote_active":false,"_monsterinsights_sitenote_note":"","_monsterinsights_sitenote_category":0},"product_brand":[],"product_cat":[22],"product_tag":[],"class_list":{"0":"post-2642","1":"product","2":"type-product","3":"status-publish","4":"has-post-thumbnail","6":"product_cat-jeux-et-jouets","8":"first","9":"onbackorder","10":"shipping-taxable","11":"purchasable","12":"product-type-simple"},"aioseo_notices":[],"uagb_featured_image_src":{"full":["https:\/\/artistorie.fr\/wp-content\/uploads\/2024\/07\/artistorie-plateau-alquerque-boutique.png",1080,1080,false],"thumbnail":["https:\/\/artistorie.fr\/wp-content\/uploads\/2024\/07\/artistorie-plateau-alquerque-boutique-150x150.png",150,150,true],"medium":["https:\/\/artistorie.fr\/wp-content\/uploads\/2024\/07\/artistorie-plateau-alquerque-boutique-300x300.png",300,300,true],"medium_large":["https:\/\/artistorie.fr\/wp-content\/uploads\/2024\/07\/artistorie-plateau-alquerque-boutique-768x768.png",768,768,true],"large":["https:\/\/artistorie.fr\/wp-content\/uploads\/2024\/07\/artistorie-plateau-alquerque-boutique-1024x1024.png",1024,1024,true],"1536x1536":["https:\/\/artistorie.fr\/wp-content\/uploads\/2024\/07\/artistorie-plateau-alquerque-boutique.png",1080,1080,false],"2048x2048":["https:\/\/artistorie.fr\/wp-content\/uploads\/2024\/07\/artistorie-plateau-alquerque-boutique.png",1080,1080,false],"post-thumbnail":["https:\/\/artistorie.fr\/wp-content\/uploads\/2024\/07\/artistorie-plateau-alquerque-boutique-1024x1024.png",1024,1024,true],"mesmerize-full-hd":["https:\/\/artistorie.fr\/wp-content\/uploads\/2024\/07\/artistorie-plateau-alquerque-boutique.png",1080,1080,false],"woocommerce_thumbnail":["https:\/\/artistorie.fr\/wp-content\/uploads\/2024\/07\/artistorie-plateau-alquerque-boutique-300x300.png",300,300,true],"woocommerce_single":["https:\/\/artistorie.fr\/wp-content\/uploads\/2024\/07\/artistorie-plateau-alquerque-boutique-600x600.png",600,600,true],"woocommerce_gallery_thumbnail":["https:\/\/artistorie.fr\/wp-content\/uploads\/2024\/07\/artistorie-plateau-alquerque-boutique-100x100.png",100,100,true]},"uagb_author_info":{"display_name":"valentin.berlemont","author_link":"https:\/\/artistorie.fr\/?author=0"},"uagb_comment_info":0,"uagb_excerpt":"Plateau d'alquerque \/ li\u00e8vre et les chasseurs 12e - 15e si\u00e8cle Bas\u00e9 sur des sources iconographiques","jetpack_sharing_enabled":true,"_links":{"self":[{"href":"https:\/\/artistorie.fr\/index.php?rest_route=\/wp\/v2\/product\/2642","targetHints":{"allow":["GET"]}}],"collection":[{"href":"https:\/\/artistorie.fr\/index.php?rest_route=\/wp\/v2\/product"}],"about":[{"href":"https:\/\/artistorie.fr\/index.php?rest_route=\/wp\/v2\/types\/product"}],"replies":[{"embeddable":true,"href":"https:\/\/artistorie.fr\/index.php?rest_route=%2Fwp%2Fv2%2Fcomments&post=2642"}],"wp:featuredmedia":[{"embeddable":true,"href":"https:\/\/artistorie.fr\/index.php?rest_route=\/wp\/v2\/media\/2698"}],"wp:attachment":[{"href":"https:\/\/artistorie.fr\/index.php?rest_route=%2Fwp%2Fv2%2Fmedia&parent=2642"}],"wp:term":[{"taxonomy":"product_brand","embeddable":true,"href":"https:\/\/artistorie.fr\/index.php?rest_route=%2Fwp%2Fv2%2Fproduct_brand&post=2642"},{"taxonomy":"product_cat","embeddable":true,"href":"https:\/\/artistorie.fr\/index.php?rest_route=%2Fwp%2Fv2%2Fproduct_cat&post=2642"},{"taxonomy":"product_tag","embeddable":true,"href":"https:\/\/artistorie.fr\/index.php?rest_route=%2Fwp%2Fv2%2Fproduct_tag&post=2642"}],"curies":[{"name":"wp","href":"https:\/\/api.w.org\/{rel}","templated":true}]}}