{"id":2532,"date":"2023-11-07T14:47:56","date_gmt":"2023-11-07T14:47:56","guid":{"rendered":"https:\/\/artistorie.fr\/?post_type=product&#038;p=2532"},"modified":"2024-07-08T13:48:37","modified_gmt":"2024-07-08T13:48:37","slug":"aumoniere-soie","status":"publish","type":"product","link":"https:\/\/artistorie.fr\/?product=aumoniere-soie","title":{"rendered":"Aumoni\u00e8re soie"},"content":{"rendered":"<p>Pas de poche, mais une aumoni\u00e8re !<\/p>\n<p>R\u00e9alis\u00e9e en soie, doubl\u00e9e en lin, cordons en laine<\/p>\n<p>Datation : 13-16e si\u00e8cles.<\/p>\n<p>Trois options :<br \/>\n&#8211; aumoni\u00e8re bleue<br \/>\n&#8211; aumoni\u00e8re jaune<br \/>\n&#8211; aumoni\u00e8re noire<\/p>\n<p>Un choix parfait pour \u00eatre \u00e0 la mode du Moyen-\u00c2ge !<\/p>\n","protected":false},"excerpt":{"rendered":"<p>Fabriqu\u00e9 par \u00ab\u00a0La Garde-Robe de Bertille\u00a0\u00bb<\/p>\n","protected":false},"featured_media":2415,"comment_status":"open","ping_status":"closed","template":"","meta":{"_editorskit_title_hidden":false,"_editorskit_reading_time":0,"_editorskit_is_block_options_detached":false,"_editorskit_block_options_position":"{}","_uag_custom_page_level_css":"","_monsterinsights_skip_tracking":false,"_monsterinsights_sitenote_active":false,"_monsterinsights_sitenote_note":"","_monsterinsights_sitenote_category":0},"product_brand":[],"product_cat":[146,142],"product_tag":[],"class_list":{"0":"post-2532","1":"product","2":"type-product","3":"status-publish","4":"has-post-thumbnail","6":"product_cat-accessoires","7":"product_cat-garde-robe-bertille","9":"first","10":"instock","11":"shipping-taxable","12":"purchasable","13":"product-type-variable"},"aioseo_notices":[],"uagb_featured_image_src":{"full":["https:\/\/artistorie.fr\/wp-content\/uploads\/2023\/11\/bertille-aumoniere-soie-1-boutique.png",1080,1080,false],"thumbnail":["https:\/\/artistorie.fr\/wp-content\/uploads\/2023\/11\/bertille-aumoniere-soie-1-boutique-150x150.png",150,150,true],"medium":["https:\/\/artistorie.fr\/wp-content\/uploads\/2023\/11\/bertille-aumoniere-soie-1-boutique-300x300.png",300,300,true],"medium_large":["https:\/\/artistorie.fr\/wp-content\/uploads\/2023\/11\/bertille-aumoniere-soie-1-boutique-768x768.png",768,768,true],"large":["https:\/\/artistorie.fr\/wp-content\/uploads\/2023\/11\/bertille-aumoniere-soie-1-boutique-1024x1024.png",1024,1024,true],"1536x1536":["https:\/\/artistorie.fr\/wp-content\/uploads\/2023\/11\/bertille-aumoniere-soie-1-boutique.png",1080,1080,false],"2048x2048":["https:\/\/artistorie.fr\/wp-content\/uploads\/2023\/11\/bertille-aumoniere-soie-1-boutique.png",1080,1080,false],"post-thumbnail":["https:\/\/artistorie.fr\/wp-content\/uploads\/2023\/11\/bertille-aumoniere-soie-1-boutique-1024x1024.png",1024,1024,true],"mesmerize-full-hd":["https:\/\/artistorie.fr\/wp-content\/uploads\/2023\/11\/bertille-aumoniere-soie-1-boutique.png",1080,1080,false],"woocommerce_thumbnail":["https:\/\/artistorie.fr\/wp-content\/uploads\/2023\/11\/bertille-aumoniere-soie-1-boutique-300x300.png",300,300,true],"woocommerce_single":["https:\/\/artistorie.fr\/wp-content\/uploads\/2023\/11\/bertille-aumoniere-soie-1-boutique-600x600.png",600,600,true],"woocommerce_gallery_thumbnail":["https:\/\/artistorie.fr\/wp-content\/uploads\/2023\/11\/bertille-aumoniere-soie-1-boutique-100x100.png",100,100,true]},"uagb_author_info":{"display_name":"valentin.berlemont","author_link":"https:\/\/artistorie.fr\/?author=0"},"uagb_comment_info":0,"uagb_excerpt":"Fabriqu\u00e9 par \"La Garde-Robe de Bertille\"","jetpack_sharing_enabled":true,"_links":{"self":[{"href":"https:\/\/artistorie.fr\/index.php?rest_route=\/wp\/v2\/product\/2532","targetHints":{"allow":["GET"]}}],"collection":[{"href":"https:\/\/artistorie.fr\/index.php?rest_route=\/wp\/v2\/product"}],"about":[{"href":"https:\/\/artistorie.fr\/index.php?rest_route=\/wp\/v2\/types\/product"}],"replies":[{"embeddable":true,"href":"https:\/\/artistorie.fr\/index.php?rest_route=%2Fwp%2Fv2%2Fcomments&post=2532"}],"wp:featuredmedia":[{"embeddable":true,"href":"https:\/\/artistorie.fr\/index.php?rest_route=\/wp\/v2\/media\/2415"}],"wp:attachment":[{"href":"https:\/\/artistorie.fr\/index.php?rest_route=%2Fwp%2Fv2%2Fmedia&parent=2532"}],"wp:term":[{"taxonomy":"product_brand","embeddable":true,"href":"https:\/\/artistorie.fr\/index.php?rest_route=%2Fwp%2Fv2%2Fproduct_brand&post=2532"},{"taxonomy":"product_cat","embeddable":true,"href":"https:\/\/artistorie.fr\/index.php?rest_route=%2Fwp%2Fv2%2Fproduct_cat&post=2532"},{"taxonomy":"product_tag","embeddable":true,"href":"https:\/\/artistorie.fr\/index.php?rest_route=%2Fwp%2Fv2%2Fproduct_tag&post=2532"}],"curies":[{"name":"wp","href":"https:\/\/api.w.org\/{rel}","templated":true}]}}