{"id":2288,"date":"2023-07-03T15:13:07","date_gmt":"2023-07-03T15:13:07","guid":{"rendered":"https:\/\/artistorie.fr\/?post_type=product&#038;p=2288"},"modified":"2025-04-08T12:42:06","modified_gmt":"2025-04-08T12:42:06","slug":"jeu-de-9-quilles","status":"publish","type":"product","link":"https:\/\/artistorie.fr\/?product=jeu-de-9-quilles","title":{"rendered":"Jeu de 9 quilles"},"content":{"rendered":"<p><span style=\"color: #000000;\">Anc\u00eatre du bowling, le jeu de 9 quilles a connu au cours de son histoire diff\u00e9rentes variantes.<\/span><\/p>\n<p><span style=\"color: #000000;\">Ce jeu est inspir\u00e9 de sources iconographiques.<\/span><\/p>\n<p><span style=\"color: #000000;\">R\u00e9alis\u00e9 en fr\u00eane. Finition naturelle<\/span><\/p>\n<p><span style=\"color: #000000;\">Dimension des quilles : 30 cm (hauteur) \/ 6 cm (diam\u00e8tre)<\/span><\/p>\n<p>Option boule de lancer : 10 cm (diam\u00e8tre)<\/p>\n<p>Option quille de lancer : 30 cm (longueur) \/ 3 cm (\u00e9paisseur)<\/p>\n<p><span style=\"color: #000000;\">Un choix parfait pour s&rsquo;amuser comme au Moyen-\u00c2ge !<\/span><\/p>\n","protected":false},"excerpt":{"rendered":"<p>Anc\u00eatre du bowling, le jeu de 9 quilles a connu au cours de son histoire diff\u00e9rentes variantes. Ce jeu est inspir\u00e9 de sources iconographiques. R\u00e9alis\u00e9 en fr\u00eane. Finition naturelle Dimension des quilles : 30 cm (hauteur) \/ 6 cm (diam\u00e8tre) Option boule de lancer : 10 cm (diam\u00e8tre) Option quille de lancer : 30 cm&hellip; <br \/> <a class=\"read-more\" href=\"https:\/\/artistorie.fr\/?product=jeu-de-9-quilles\">Lire la suite<\/a><\/p>\n","protected":false},"featured_media":2932,"comment_status":"open","ping_status":"closed","template":"","meta":{"_editorskit_title_hidden":false,"_editorskit_reading_time":0,"_editorskit_is_block_options_detached":false,"_editorskit_block_options_position":"{}","_uag_custom_page_level_css":"","_monsterinsights_skip_tracking":false,"_monsterinsights_sitenote_active":false,"_monsterinsights_sitenote_note":"","_monsterinsights_sitenote_category":0},"product_brand":[],"product_cat":[22],"product_tag":[],"class_list":{"0":"post-2288","1":"product","2":"type-product","3":"status-publish","4":"has-post-thumbnail","6":"product_cat-jeux-et-jouets","8":"first","9":"onbackorder","10":"shipping-taxable","11":"purchasable","12":"product-type-variable"},"aioseo_notices":[],"uagb_featured_image_src":{"full":["https:\/\/artistorie.fr\/wp-content\/uploads\/2023\/07\/Design-sans-titre.png",1080,1080,false],"thumbnail":["https:\/\/artistorie.fr\/wp-content\/uploads\/2023\/07\/Design-sans-titre-150x150.png",150,150,true],"medium":["https:\/\/artistorie.fr\/wp-content\/uploads\/2023\/07\/Design-sans-titre-300x300.png",300,300,true],"medium_large":["https:\/\/artistorie.fr\/wp-content\/uploads\/2023\/07\/Design-sans-titre-768x768.png",768,768,true],"large":["https:\/\/artistorie.fr\/wp-content\/uploads\/2023\/07\/Design-sans-titre-1024x1024.png",1024,1024,true],"1536x1536":["https:\/\/artistorie.fr\/wp-content\/uploads\/2023\/07\/Design-sans-titre.png",1080,1080,false],"2048x2048":["https:\/\/artistorie.fr\/wp-content\/uploads\/2023\/07\/Design-sans-titre.png",1080,1080,false],"post-thumbnail":["https:\/\/artistorie.fr\/wp-content\/uploads\/2023\/07\/Design-sans-titre-1024x1024.png",1024,1024,true],"mesmerize-full-hd":["https:\/\/artistorie.fr\/wp-content\/uploads\/2023\/07\/Design-sans-titre.png",1080,1080,false],"woocommerce_thumbnail":["https:\/\/artistorie.fr\/wp-content\/uploads\/2023\/07\/Design-sans-titre-300x300.png",300,300,true],"woocommerce_single":["https:\/\/artistorie.fr\/wp-content\/uploads\/2023\/07\/Design-sans-titre-600x600.png",600,600,true],"woocommerce_gallery_thumbnail":["https:\/\/artistorie.fr\/wp-content\/uploads\/2023\/07\/Design-sans-titre-100x100.png",100,100,true]},"uagb_author_info":{"display_name":"valentin.berlemont","author_link":"https:\/\/artistorie.fr\/?author=0"},"uagb_comment_info":0,"uagb_excerpt":"Anc\u00eatre du bowling, le jeu de 9 quilles a connu au cours de son histoire diff\u00e9rentes variantes. Ce jeu est inspir\u00e9 de sources iconographiques. R\u00e9alis\u00e9 en fr\u00eane. Finition naturelle Dimension des quilles : 30 cm (hauteur) \/ 6 cm (diam\u00e8tre) Option boule de lancer : 10 cm (diam\u00e8tre) Option quille de lancer : 30 cm&hellip;\u2026","jetpack_sharing_enabled":true,"_links":{"self":[{"href":"https:\/\/artistorie.fr\/index.php?rest_route=\/wp\/v2\/product\/2288","targetHints":{"allow":["GET"]}}],"collection":[{"href":"https:\/\/artistorie.fr\/index.php?rest_route=\/wp\/v2\/product"}],"about":[{"href":"https:\/\/artistorie.fr\/index.php?rest_route=\/wp\/v2\/types\/product"}],"replies":[{"embeddable":true,"href":"https:\/\/artistorie.fr\/index.php?rest_route=%2Fwp%2Fv2%2Fcomments&post=2288"}],"wp:featuredmedia":[{"embeddable":true,"href":"https:\/\/artistorie.fr\/index.php?rest_route=\/wp\/v2\/media\/2932"}],"wp:attachment":[{"href":"https:\/\/artistorie.fr\/index.php?rest_route=%2Fwp%2Fv2%2Fmedia&parent=2288"}],"wp:term":[{"taxonomy":"product_brand","embeddable":true,"href":"https:\/\/artistorie.fr\/index.php?rest_route=%2Fwp%2Fv2%2Fproduct_brand&post=2288"},{"taxonomy":"product_cat","embeddable":true,"href":"https:\/\/artistorie.fr\/index.php?rest_route=%2Fwp%2Fv2%2Fproduct_cat&post=2288"},{"taxonomy":"product_tag","embeddable":true,"href":"https:\/\/artistorie.fr\/index.php?rest_route=%2Fwp%2Fv2%2Fproduct_tag&post=2288"}],"curies":[{"name":"wp","href":"https:\/\/api.w.org\/{rel}","templated":true}]}}