{"id":2177,"date":"2023-06-25T15:24:16","date_gmt":"2023-06-25T15:24:16","guid":{"rendered":"https:\/\/artistorie.fr\/?post_type=product&#038;p=2177"},"modified":"2025-05-21T13:18:41","modified_gmt":"2025-05-21T13:18:41","slug":"treteau-simple-paire","status":"publish","type":"product","link":"https:\/\/artistorie.fr\/?product=treteau-simple-paire","title":{"rendered":"Tr\u00e9teaux simples (paire)"},"content":{"rendered":"<p><span style=\"color: #2a2a57;\">Des tr\u00e9teaux r\u00e9sistants et pratiques \u00e0 transporter.<\/span><\/p>\n<p><span style=\"color: #2a2a57;\">Bas\u00e9s sur des sources iconographiques des 14e au 16e si\u00e8cle.<\/span><\/p>\n<p><span style=\"color: #2a2a57;\">R\u00e9alis\u00e9s en bois variable selon votre demande<\/span><\/p>\n<p><span style=\"color: #2a2a57;\">Finition \u00e0 base d&rsquo;huile de lin.<\/span><\/p>\n<p><span style=\"color: #2a2a57;\"><strong>Vendu par paire !<\/strong><\/span><\/p>\n<p><span style=\"color: #2a2a57;\">Sac de rangement en tissu fourni selon votre demande.<\/span><\/p>\n<p><span style=\"color: #2a2a57;\">Dimensions : 70 cm (hauteur) \/ 60 cm (longueur) \/ 60 cm (largeur)<\/span><\/p>\n<p><span style=\"color: #2a2a57;\">Un choix parfait pour s&rsquo;attabler comme au Moyen-\u00c2ge !<\/span><\/p>\n<p>&nbsp;<\/p>\n<p><span style=\"color: #2a2a57;\"><strong>Un peu d\u2019histoire<\/strong><\/span><\/p>\n<p><span style=\"color: #2a2a57;\">Avant le 15e si\u00e8cle, la table \u00e0 l&rsquo;int\u00e9rieur des demeures n&rsquo;est souvent qu&rsquo;un simple plateau pos\u00e9 sur deux tr\u00e9teaux que l&rsquo;on d\u00e9monte apr\u00e8s les repas. C&rsquo;est de ce fait que nous provient l&rsquo;expression populaire \u00ab\u00a0dresser la table\u00a0\u00bb.<\/span><\/p>\n","protected":false},"excerpt":{"rendered":"<p>Des tr\u00e9teaux r\u00e9sistants et pratiques \u00e0 transporter. Bas\u00e9s sur des sources iconographiques des 14e au 16e si\u00e8cle. R\u00e9alis\u00e9s en bois variable selon votre demande Finition \u00e0 base d&rsquo;huile de lin. Vendu par paire ! Sac de rangement en tissu fourni selon votre demande. Dimensions : 70 cm (hauteur) \/ 60 cm (longueur) \/ 60 cm&hellip; <br \/> <a class=\"read-more\" href=\"https:\/\/artistorie.fr\/?product=treteau-simple-paire\">Lire la suite<\/a><\/p>\n","protected":false},"featured_media":2174,"comment_status":"open","ping_status":"closed","template":"","meta":{"_editorskit_title_hidden":false,"_editorskit_reading_time":0,"_editorskit_is_block_options_detached":false,"_editorskit_block_options_position":"{}","_uag_custom_page_level_css":"","_monsterinsights_skip_tracking":false,"_monsterinsights_sitenote_active":false,"_monsterinsights_sitenote_note":"","_monsterinsights_sitenote_category":0},"product_brand":[],"product_cat":[46],"product_tag":[],"class_list":{"0":"post-2177","1":"product","2":"type-product","3":"status-publish","4":"has-post-thumbnail","6":"product_cat-mobilier","8":"first","9":"onbackorder","10":"shipping-taxable","11":"purchasable","12":"product-type-variable"},"aioseo_notices":[],"uagb_featured_image_src":{"full":["https:\/\/artistorie.fr\/wp-content\/uploads\/2023\/06\/artistorie-treteaux-simples-1-boutique.png",1080,1080,false],"thumbnail":["https:\/\/artistorie.fr\/wp-content\/uploads\/2023\/06\/artistorie-treteaux-simples-1-boutique-150x150.png",150,150,true],"medium":["https:\/\/artistorie.fr\/wp-content\/uploads\/2023\/06\/artistorie-treteaux-simples-1-boutique-300x300.png",300,300,true],"medium_large":["https:\/\/artistorie.fr\/wp-content\/uploads\/2023\/06\/artistorie-treteaux-simples-1-boutique-768x768.png",768,768,true],"large":["https:\/\/artistorie.fr\/wp-content\/uploads\/2023\/06\/artistorie-treteaux-simples-1-boutique-1024x1024.png",1024,1024,true],"1536x1536":["https:\/\/artistorie.fr\/wp-content\/uploads\/2023\/06\/artistorie-treteaux-simples-1-boutique.png",1080,1080,false],"2048x2048":["https:\/\/artistorie.fr\/wp-content\/uploads\/2023\/06\/artistorie-treteaux-simples-1-boutique.png",1080,1080,false],"post-thumbnail":["https:\/\/artistorie.fr\/wp-content\/uploads\/2023\/06\/artistorie-treteaux-simples-1-boutique-1024x1024.png",1024,1024,true],"mesmerize-full-hd":["https:\/\/artistorie.fr\/wp-content\/uploads\/2023\/06\/artistorie-treteaux-simples-1-boutique.png",1080,1080,false],"woocommerce_thumbnail":["https:\/\/artistorie.fr\/wp-content\/uploads\/2023\/06\/artistorie-treteaux-simples-1-boutique-300x300.png",300,300,true],"woocommerce_single":["https:\/\/artistorie.fr\/wp-content\/uploads\/2023\/06\/artistorie-treteaux-simples-1-boutique-600x600.png",600,600,true],"woocommerce_gallery_thumbnail":["https:\/\/artistorie.fr\/wp-content\/uploads\/2023\/06\/artistorie-treteaux-simples-1-boutique-100x100.png",100,100,true]},"uagb_author_info":{"display_name":"valentin.berlemont","author_link":"https:\/\/artistorie.fr\/?author=0"},"uagb_comment_info":2,"uagb_excerpt":"Des tr\u00e9teaux r\u00e9sistants et pratiques \u00e0 transporter. Bas\u00e9s sur des sources iconographiques des 14e au 16e si\u00e8cle. R\u00e9alis\u00e9s en bois variable selon votre demande Finition \u00e0 base d&rsquo;huile de lin. Vendu par paire ! Sac de rangement en tissu fourni selon votre demande. Dimensions : 70 cm (hauteur) \/ 60 cm (longueur) \/ 60 cm&hellip;\u2026","jetpack_sharing_enabled":true,"_links":{"self":[{"href":"https:\/\/artistorie.fr\/index.php?rest_route=\/wp\/v2\/product\/2177","targetHints":{"allow":["GET"]}}],"collection":[{"href":"https:\/\/artistorie.fr\/index.php?rest_route=\/wp\/v2\/product"}],"about":[{"href":"https:\/\/artistorie.fr\/index.php?rest_route=\/wp\/v2\/types\/product"}],"replies":[{"embeddable":true,"href":"https:\/\/artistorie.fr\/index.php?rest_route=%2Fwp%2Fv2%2Fcomments&post=2177"}],"wp:featuredmedia":[{"embeddable":true,"href":"https:\/\/artistorie.fr\/index.php?rest_route=\/wp\/v2\/media\/2174"}],"wp:attachment":[{"href":"https:\/\/artistorie.fr\/index.php?rest_route=%2Fwp%2Fv2%2Fmedia&parent=2177"}],"wp:term":[{"taxonomy":"product_brand","embeddable":true,"href":"https:\/\/artistorie.fr\/index.php?rest_route=%2Fwp%2Fv2%2Fproduct_brand&post=2177"},{"taxonomy":"product_cat","embeddable":true,"href":"https:\/\/artistorie.fr\/index.php?rest_route=%2Fwp%2Fv2%2Fproduct_cat&post=2177"},{"taxonomy":"product_tag","embeddable":true,"href":"https:\/\/artistorie.fr\/index.php?rest_route=%2Fwp%2Fv2%2Fproduct_tag&post=2177"}],"curies":[{"name":"wp","href":"https:\/\/api.w.org\/{rel}","templated":true}]}}