{"id":1778,"date":"2023-02-06T17:52:30","date_gmt":"2023-02-06T17:52:30","guid":{"rendered":"https:\/\/artistorie.fr\/?post_type=product&#038;p=1778"},"modified":"2025-04-29T09:13:05","modified_gmt":"2025-04-29T09:13:05","slug":"lutrin-de-table-a-trilobes","status":"publish","type":"product","link":"https:\/\/artistorie.fr\/?product=lutrin-de-table-a-trilobes","title":{"rendered":"Lutrin de table \u00e0 trilobes"},"content":{"rendered":"<p><span style=\"color: #000000;\">Ce lutrin est parfait pour vous lancer ou pour perfectionner votre art de l&rsquo;\u00e9criture ou de l&rsquo;enluminure !<\/span><\/p>\n<p><span style=\"color: #000000;\">Bas\u00e9s sur des sources iconographiques et arch\u00e9ologiques des 14e au 16e si\u00e8cle.<\/span><\/p>\n<p><span style=\"color: #000000;\">R\u00e9alis\u00e9 en bois variable selon votre demande<\/span><\/p>\n<p><span style=\"color: #000000;\">Finition au m\u00e9lange \u00e0 base de gomme laque.<\/span><\/p>\n<p><span style=\"color: #000000;\">Dimensions : 14,5 cm (hauteur) \/ 43 cm (largeur) \/ 30 cm (profondeur)<\/span><\/p>\n<p><span style=\"color: #000000;\">Un choix parfait pour \u00e9tudier comme au Moyen-\u00c2ge !<\/span><\/p>\n<p>&nbsp;<\/p>\n<p><span style=\"color: #000000;\"><strong>Un peu d\u2019histoire<\/strong><\/span><\/p>\n<p><span style=\"color: #000000;\">Non seulement le mot \u00ab\u00a0lutrin\u00a0\u00bb est trop mignon, mais il renvoie \u00e0 un meuble typique du Moyen-\u00c2ge ! Il aide \u00e0 la lecture et \u00e0 l&rsquo;\u00e9criture, mais aussi \u00e0 exposer de beaux ouvrages.<\/span><\/p>\n<p><span style=\"color: #000000;\">Con\u00e7u en bois massif, il peut \u00eatre de table (pos\u00e9 sur la table) ou sur pied (il fait partie d&rsquo;un ensemble mobilier).<\/span><\/p>\n","protected":false},"excerpt":{"rendered":"<p><span style=\"color: #000000;\">Lutrin de table d\u00e9cor\u00e9 de trilobes<\/span><\/p>\n<p><span style=\"color: #000000;\">14e &#8211; 16e si\u00e8cle<\/span><\/p>\n<p>Inspir\u00e9 de mod\u00e8les iconographiques et arch\u00e9ologiques<\/p>\n","protected":false},"featured_media":1782,"comment_status":"open","ping_status":"closed","template":"","meta":{"_editorskit_title_hidden":false,"_editorskit_reading_time":0,"_editorskit_is_block_options_detached":false,"_editorskit_block_options_position":"{}","_uag_custom_page_level_css":"","_monsterinsights_skip_tracking":false,"_monsterinsights_sitenote_active":false,"_monsterinsights_sitenote_note":"","_monsterinsights_sitenote_category":0},"product_brand":[],"product_cat":[46],"product_tag":[],"class_list":{"0":"post-1778","1":"product","2":"type-product","3":"status-publish","4":"has-post-thumbnail","6":"product_cat-mobilier","8":"first","9":"onbackorder","10":"shipping-taxable","11":"purchasable","12":"product-type-variable"},"aioseo_notices":[],"uagb_featured_image_src":{"full":["https:\/\/artistorie.fr\/wp-content\/uploads\/2023\/02\/artistorie-lutrin-2-boutique.png",1080,1080,false],"thumbnail":["https:\/\/artistorie.fr\/wp-content\/uploads\/2023\/02\/artistorie-lutrin-2-boutique-150x150.png",150,150,true],"medium":["https:\/\/artistorie.fr\/wp-content\/uploads\/2023\/02\/artistorie-lutrin-2-boutique-300x300.png",300,300,true],"medium_large":["https:\/\/artistorie.fr\/wp-content\/uploads\/2023\/02\/artistorie-lutrin-2-boutique-768x768.png",768,768,true],"large":["https:\/\/artistorie.fr\/wp-content\/uploads\/2023\/02\/artistorie-lutrin-2-boutique-1024x1024.png",1024,1024,true],"1536x1536":["https:\/\/artistorie.fr\/wp-content\/uploads\/2023\/02\/artistorie-lutrin-2-boutique.png",1080,1080,false],"2048x2048":["https:\/\/artistorie.fr\/wp-content\/uploads\/2023\/02\/artistorie-lutrin-2-boutique.png",1080,1080,false],"post-thumbnail":["https:\/\/artistorie.fr\/wp-content\/uploads\/2023\/02\/artistorie-lutrin-2-boutique-1024x1024.png",1024,1024,true],"mesmerize-full-hd":["https:\/\/artistorie.fr\/wp-content\/uploads\/2023\/02\/artistorie-lutrin-2-boutique.png",1080,1080,false],"woocommerce_thumbnail":["https:\/\/artistorie.fr\/wp-content\/uploads\/2023\/02\/artistorie-lutrin-2-boutique-300x300.png",300,300,true],"woocommerce_single":["https:\/\/artistorie.fr\/wp-content\/uploads\/2023\/02\/artistorie-lutrin-2-boutique-600x600.png",600,600,true],"woocommerce_gallery_thumbnail":["https:\/\/artistorie.fr\/wp-content\/uploads\/2023\/02\/artistorie-lutrin-2-boutique-100x100.png",100,100,true]},"uagb_author_info":{"display_name":"valentin.berlemont","author_link":"https:\/\/artistorie.fr\/?author=0"},"uagb_comment_info":0,"uagb_excerpt":"Lutrin de table d\u00e9cor\u00e9 de trilobes 14e - 16e si\u00e8cle Inspir\u00e9 de mod\u00e8les iconographiques et arch\u00e9ologiques","jetpack_sharing_enabled":true,"_links":{"self":[{"href":"https:\/\/artistorie.fr\/index.php?rest_route=\/wp\/v2\/product\/1778","targetHints":{"allow":["GET"]}}],"collection":[{"href":"https:\/\/artistorie.fr\/index.php?rest_route=\/wp\/v2\/product"}],"about":[{"href":"https:\/\/artistorie.fr\/index.php?rest_route=\/wp\/v2\/types\/product"}],"replies":[{"embeddable":true,"href":"https:\/\/artistorie.fr\/index.php?rest_route=%2Fwp%2Fv2%2Fcomments&post=1778"}],"wp:featuredmedia":[{"embeddable":true,"href":"https:\/\/artistorie.fr\/index.php?rest_route=\/wp\/v2\/media\/1782"}],"wp:attachment":[{"href":"https:\/\/artistorie.fr\/index.php?rest_route=%2Fwp%2Fv2%2Fmedia&parent=1778"}],"wp:term":[{"taxonomy":"product_brand","embeddable":true,"href":"https:\/\/artistorie.fr\/index.php?rest_route=%2Fwp%2Fv2%2Fproduct_brand&post=1778"},{"taxonomy":"product_cat","embeddable":true,"href":"https:\/\/artistorie.fr\/index.php?rest_route=%2Fwp%2Fv2%2Fproduct_cat&post=1778"},{"taxonomy":"product_tag","embeddable":true,"href":"https:\/\/artistorie.fr\/index.php?rest_route=%2Fwp%2Fv2%2Fproduct_tag&post=1778"}],"curies":[{"name":"wp","href":"https:\/\/api.w.org\/{rel}","templated":true}]}}