{"id":1745,"date":"2023-02-05T16:02:27","date_gmt":"2023-02-05T16:02:27","guid":{"rendered":"https:\/\/artistorie.fr\/?post_type=product&#038;p=1745"},"modified":"2024-07-08T13:48:46","modified_gmt":"2024-07-08T13:48:46","slug":"peignes-a-laine","status":"publish","type":"product","link":"https:\/\/artistorie.fr\/?product=peignes-a-laine","title":{"rendered":"Peignes \u00e0 laine"},"content":{"rendered":"<p><span style=\"color: #000000;\">Peignes \u00e0 laine (\u00e7a marche aussi pour les cheveux, mais \u00e7a risque de faire mal)<\/span><\/p>\n<p><span style=\"color: #000000;\">Bas\u00e9s sur des sources iconographiques et arch\u00e9ologiques des 10e au 20e si\u00e8cles.<\/span><\/p>\n<p><span style=\"color: #000000;\">R\u00e9alis\u00e9 en bois local de l&rsquo;atelier et en fer.<\/span><\/p>\n<p><span style=\"color: #000000;\">Finition au m\u00e9lange \u00e0 base d&rsquo;huile de lin bio.<\/span><\/p>\n<p><span style=\"color: #000000;\">Dimensions : 10 cm (hauteur) \/ 17 cm (longueur) \/ 12 cm (largeur)<\/span><\/p>\n<p><span style=\"color: #000000;\">Un choix parfait pour travailler comme au Moyen-\u00c2ge !<\/span><\/p>\n<p>&nbsp;<\/p>\n<p><span style=\"color: #000000;\"><strong>Un peu d\u2019histoire<\/strong><\/span><\/p>\n<p><span style=\"color: #000000;\">Utilis\u00e9 dans l&rsquo;artisanat textile, ces peignes ont pour fonction d&rsquo;aligner les fibres de la laine et la d\u00e9barrasser des petits d\u00e9bris restants apr\u00e8s lavage. On va les pr\u00e9f\u00e9rer pour les poils longs, tandis que les cardes seront plut\u00f4t utiliser pour les poils courts.<\/span><\/p>\n<p><span style=\"color: #000000;\">Les peignes \u00e0 laine \u00e9taient utilis\u00e9s depuis l&rsquo;Antiquit\u00e9, mais on constate une \u00e9volution de la forme : d&rsquo;un peigne plat enti\u00e8rement en bois, on passe \u00e0 un peigne \u00e0 manche avec les dents en m\u00e9tal \u00e0 partir du Moyen-\u00c2ge central. C&rsquo;est encore cette forme qui \u00e9tait utilis\u00e9 jusqu&rsquo;au 20e si\u00e8cle.<\/span><\/p>\n","protected":false},"excerpt":{"rendered":"<p><span style=\"color: #000000;\">Peignes \u00e0 laine<\/span><\/p>\n<p><span style=\"color: #000000;\">10e &#8211; 20e si\u00e8cle<\/span><\/p>\n<p>Inspir\u00e9 de mod\u00e8les iconographiques et arch\u00e9ologiques<\/p>\n","protected":false},"featured_media":1746,"comment_status":"open","ping_status":"closed","template":"","meta":{"_editorskit_title_hidden":false,"_editorskit_reading_time":0,"_editorskit_is_block_options_detached":false,"_editorskit_block_options_position":"{}","_uag_custom_page_level_css":"","_monsterinsights_skip_tracking":false,"_monsterinsights_sitenote_active":false,"_monsterinsights_sitenote_note":"","_monsterinsights_sitenote_category":0},"product_brand":[],"product_cat":[41],"product_tag":[],"class_list":{"0":"post-1745","1":"product","2":"type-product","3":"status-publish","4":"has-post-thumbnail","6":"product_cat-artisanat","8":"first","9":"onbackorder","10":"shipping-taxable","11":"purchasable","12":"product-type-simple"},"aioseo_notices":[],"uagb_featured_image_src":{"full":["https:\/\/artistorie.fr\/wp-content\/uploads\/2023\/02\/artistorie-peigne-laine-boutique.png",1080,1080,false],"thumbnail":["https:\/\/artistorie.fr\/wp-content\/uploads\/2023\/02\/artistorie-peigne-laine-boutique-150x150.png",150,150,true],"medium":["https:\/\/artistorie.fr\/wp-content\/uploads\/2023\/02\/artistorie-peigne-laine-boutique-300x300.png",300,300,true],"medium_large":["https:\/\/artistorie.fr\/wp-content\/uploads\/2023\/02\/artistorie-peigne-laine-boutique-768x768.png",768,768,true],"large":["https:\/\/artistorie.fr\/wp-content\/uploads\/2023\/02\/artistorie-peigne-laine-boutique-1024x1024.png",1024,1024,true],"1536x1536":["https:\/\/artistorie.fr\/wp-content\/uploads\/2023\/02\/artistorie-peigne-laine-boutique.png",1080,1080,false],"2048x2048":["https:\/\/artistorie.fr\/wp-content\/uploads\/2023\/02\/artistorie-peigne-laine-boutique.png",1080,1080,false],"post-thumbnail":["https:\/\/artistorie.fr\/wp-content\/uploads\/2023\/02\/artistorie-peigne-laine-boutique-1024x1024.png",1024,1024,true],"mesmerize-full-hd":["https:\/\/artistorie.fr\/wp-content\/uploads\/2023\/02\/artistorie-peigne-laine-boutique.png",1080,1080,false],"woocommerce_thumbnail":["https:\/\/artistorie.fr\/wp-content\/uploads\/2023\/02\/artistorie-peigne-laine-boutique-300x300.png",300,300,true],"woocommerce_single":["https:\/\/artistorie.fr\/wp-content\/uploads\/2023\/02\/artistorie-peigne-laine-boutique-600x600.png",600,600,true],"woocommerce_gallery_thumbnail":["https:\/\/artistorie.fr\/wp-content\/uploads\/2023\/02\/artistorie-peigne-laine-boutique-100x100.png",100,100,true]},"uagb_author_info":{"display_name":"valentin.berlemont","author_link":"https:\/\/artistorie.fr\/?author=0"},"uagb_comment_info":0,"uagb_excerpt":"Peignes \u00e0 laine 10e - 20e si\u00e8cle Inspir\u00e9 de mod\u00e8les iconographiques et arch\u00e9ologiques","jetpack_sharing_enabled":true,"_links":{"self":[{"href":"https:\/\/artistorie.fr\/index.php?rest_route=\/wp\/v2\/product\/1745","targetHints":{"allow":["GET"]}}],"collection":[{"href":"https:\/\/artistorie.fr\/index.php?rest_route=\/wp\/v2\/product"}],"about":[{"href":"https:\/\/artistorie.fr\/index.php?rest_route=\/wp\/v2\/types\/product"}],"replies":[{"embeddable":true,"href":"https:\/\/artistorie.fr\/index.php?rest_route=%2Fwp%2Fv2%2Fcomments&post=1745"}],"wp:featuredmedia":[{"embeddable":true,"href":"https:\/\/artistorie.fr\/index.php?rest_route=\/wp\/v2\/media\/1746"}],"wp:attachment":[{"href":"https:\/\/artistorie.fr\/index.php?rest_route=%2Fwp%2Fv2%2Fmedia&parent=1745"}],"wp:term":[{"taxonomy":"product_brand","embeddable":true,"href":"https:\/\/artistorie.fr\/index.php?rest_route=%2Fwp%2Fv2%2Fproduct_brand&post=1745"},{"taxonomy":"product_cat","embeddable":true,"href":"https:\/\/artistorie.fr\/index.php?rest_route=%2Fwp%2Fv2%2Fproduct_cat&post=1745"},{"taxonomy":"product_tag","embeddable":true,"href":"https:\/\/artistorie.fr\/index.php?rest_route=%2Fwp%2Fv2%2Fproduct_tag&post=1745"}],"curies":[{"name":"wp","href":"https:\/\/api.w.org\/{rel}","templated":true}]}}