{"id":1615,"date":"2023-01-21T18:47:46","date_gmt":"2023-01-21T18:47:46","guid":{"rendered":"https:\/\/artistorie.fr\/?post_type=product&#038;p=1615"},"modified":"2025-08-03T15:06:03","modified_gmt":"2025-08-03T15:06:03","slug":"cheval-a-roulettes-sculpte-11e-13e-siecle","status":"publish","type":"product","link":"https:\/\/artistorie.fr\/?product=cheval-a-roulettes-sculpte-11e-13e-siecle","title":{"rendered":"Cheval \u00e0 roulettes sculpt\u00e9"},"content":{"rendered":"<p><span style=\"color: #000000;\">Quoi de mieux qu&rsquo;un petit cheval \u00e0 promener partout avec soi ?<\/span><\/p>\n<p><span style=\"color: #000000;\">Animal riche de symbolique, d\u00e9couvrez ce jouet m\u00e9di\u00e9val inspir\u00e9 de pi\u00e8ces arch\u00e9ologiques !<\/span><\/p>\n<p><span style=\"color: #000000;\">Reproduction d&rsquo;une pi\u00e8ce arch\u00e9ologique d\u00e9couverte \u00e0 Novgorod (Russie) (11e &#8211; 13e si\u00e8cle).<\/span><\/p>\n<p><span style=\"color: #000000;\">R\u00e9alis\u00e9 en bois local de l&rsquo;atelier et \u00e0 essence variable selon le stock disponible.<\/span><\/p>\n<p>Sculpture r\u00e9alis\u00e9e \u00e0 la main.<\/p>\n<p><span style=\"color: #000000;\">Finition naturelle au m\u00e9lange \u00e0 base de cire d&rsquo;abeille locale.<\/span><\/p>\n<p><span style=\"color: #000000;\">Dimension: 7 cm (hauteur) \/ 17,5 cm (longueur) \/ 3,6 cm (largeur)<\/span><\/p>\n<p><span style=\"color: #000000;\">Un choix parfait pour s&rsquo;amuser comme au Moyen-\u00c2ge !<\/span><\/p>\n<p>&nbsp;<\/p>\n<p><span style=\"color: #000000;\"><strong>Un peu d&rsquo;histoire<\/strong><\/span><\/p>\n<p><span style=\"color: #000000;\">Les animaux \u00e0 roulettes sont des jouets tr\u00e8s populaires depuis l&rsquo;\u00e2ge du bronze ! On les retrouve en diff\u00e9rentes mati\u00e8res, particuli\u00e8rement en bois et en argile.<\/span><\/p>\n<p><span style=\"color: #000000;\">Pour la p\u00e9riode m\u00e9di\u00e9vale, des exemples de chevaux \u00e0 roulettes en bois ont pu \u00eatre mis au jour dans le nord de l&rsquo;Europe et en Russie en tr\u00e8s grand nombre.<\/span><\/p>\n<p><span style=\"color: #000000;\">Les datations attribu\u00e9es \u00e0 ces jouets ne d\u00e9passent pas le 13\u00e8me si\u00e8cle, et il ne semble pas (en tout cas \u00e0 ma connaissance) que des exemples similaires aient \u00e9t\u00e9 retrouv\u00e9s pour des dates plus tardives.<\/span><\/p>\n","protected":false},"excerpt":{"rendered":"<p><span style=\"color: #000000;\">Cheval \u00e0 roulettes<\/span><\/p>\n<p><span style=\"color: #000000;\">11e &#8211; 13e si\u00e8cle<\/span><\/p>\n<p><span style=\"color: #000000;\">Reproduction d&rsquo;une pi\u00e8ce arch\u00e9ologique d\u00e9couverte \u00e0 Novgorod (Russie)<\/span><\/p>\n","protected":false},"featured_media":2696,"comment_status":"open","ping_status":"closed","template":"","meta":{"_editorskit_title_hidden":false,"_editorskit_reading_time":0,"_editorskit_is_block_options_detached":false,"_editorskit_block_options_position":"{}","_uag_custom_page_level_css":"","_monsterinsights_skip_tracking":false,"_monsterinsights_sitenote_active":false,"_monsterinsights_sitenote_note":"","_monsterinsights_sitenote_category":0},"product_brand":[],"product_cat":[22],"product_tag":[],"class_list":{"0":"post-1615","1":"product","2":"type-product","3":"status-publish","4":"has-post-thumbnail","6":"product_cat-jeux-et-jouets","8":"first","9":"instock","10":"shipping-taxable","11":"purchasable","12":"product-type-simple"},"aioseo_notices":[],"uagb_featured_image_src":{"full":["https:\/\/artistorie.fr\/wp-content\/uploads\/2024\/07\/artistorie-cheval-roulettes-sculpte-boutique.png",1080,1080,false],"thumbnail":["https:\/\/artistorie.fr\/wp-content\/uploads\/2024\/07\/artistorie-cheval-roulettes-sculpte-boutique-150x150.png",150,150,true],"medium":["https:\/\/artistorie.fr\/wp-content\/uploads\/2024\/07\/artistorie-cheval-roulettes-sculpte-boutique-300x300.png",300,300,true],"medium_large":["https:\/\/artistorie.fr\/wp-content\/uploads\/2024\/07\/artistorie-cheval-roulettes-sculpte-boutique-768x768.png",768,768,true],"large":["https:\/\/artistorie.fr\/wp-content\/uploads\/2024\/07\/artistorie-cheval-roulettes-sculpte-boutique-1024x1024.png",1024,1024,true],"1536x1536":["https:\/\/artistorie.fr\/wp-content\/uploads\/2024\/07\/artistorie-cheval-roulettes-sculpte-boutique.png",1080,1080,false],"2048x2048":["https:\/\/artistorie.fr\/wp-content\/uploads\/2024\/07\/artistorie-cheval-roulettes-sculpte-boutique.png",1080,1080,false],"post-thumbnail":["https:\/\/artistorie.fr\/wp-content\/uploads\/2024\/07\/artistorie-cheval-roulettes-sculpte-boutique-1024x1024.png",1024,1024,true],"mesmerize-full-hd":["https:\/\/artistorie.fr\/wp-content\/uploads\/2024\/07\/artistorie-cheval-roulettes-sculpte-boutique.png",1080,1080,false],"woocommerce_thumbnail":["https:\/\/artistorie.fr\/wp-content\/uploads\/2024\/07\/artistorie-cheval-roulettes-sculpte-boutique-300x300.png",300,300,true],"woocommerce_single":["https:\/\/artistorie.fr\/wp-content\/uploads\/2024\/07\/artistorie-cheval-roulettes-sculpte-boutique-600x600.png",600,600,true],"woocommerce_gallery_thumbnail":["https:\/\/artistorie.fr\/wp-content\/uploads\/2024\/07\/artistorie-cheval-roulettes-sculpte-boutique-100x100.png",100,100,true]},"uagb_author_info":{"display_name":"valentin.berlemont","author_link":"https:\/\/artistorie.fr\/?author=0"},"uagb_comment_info":0,"uagb_excerpt":"Cheval \u00e0 roulettes 11e - 13e si\u00e8cle Reproduction d'une pi\u00e8ce arch\u00e9ologique d\u00e9couverte \u00e0 Novgorod (Russie)","jetpack_sharing_enabled":true,"_links":{"self":[{"href":"https:\/\/artistorie.fr\/index.php?rest_route=\/wp\/v2\/product\/1615","targetHints":{"allow":["GET"]}}],"collection":[{"href":"https:\/\/artistorie.fr\/index.php?rest_route=\/wp\/v2\/product"}],"about":[{"href":"https:\/\/artistorie.fr\/index.php?rest_route=\/wp\/v2\/types\/product"}],"replies":[{"embeddable":true,"href":"https:\/\/artistorie.fr\/index.php?rest_route=%2Fwp%2Fv2%2Fcomments&post=1615"}],"wp:featuredmedia":[{"embeddable":true,"href":"https:\/\/artistorie.fr\/index.php?rest_route=\/wp\/v2\/media\/2696"}],"wp:attachment":[{"href":"https:\/\/artistorie.fr\/index.php?rest_route=%2Fwp%2Fv2%2Fmedia&parent=1615"}],"wp:term":[{"taxonomy":"product_brand","embeddable":true,"href":"https:\/\/artistorie.fr\/index.php?rest_route=%2Fwp%2Fv2%2Fproduct_brand&post=1615"},{"taxonomy":"product_cat","embeddable":true,"href":"https:\/\/artistorie.fr\/index.php?rest_route=%2Fwp%2Fv2%2Fproduct_cat&post=1615"},{"taxonomy":"product_tag","embeddable":true,"href":"https:\/\/artistorie.fr\/index.php?rest_route=%2Fwp%2Fv2%2Fproduct_tag&post=1615"}],"curies":[{"name":"wp","href":"https:\/\/api.w.org\/{rel}","templated":true}]}}