{"id":1325,"date":"2022-02-12T18:57:42","date_gmt":"2022-02-12T18:57:42","guid":{"rendered":"https:\/\/artistorie.fr\/?post_type=product&#038;p=1325"},"modified":"2025-12-21T23:20:50","modified_gmt":"2025-12-21T23:20:50","slug":"scopperel-14e-16e-siecle","status":"publish","type":"product","link":"https:\/\/artistorie.fr\/?product=scopperel-14e-16e-siecle","title":{"rendered":"Scopperel"},"content":{"rendered":"<p><span style=\"color: #000000;\">L&rsquo;un des jeux favoris des enfants au Moyen-\u00c2ge, c&rsquo;est le scopperel !<\/span><\/p>\n<p><span style=\"color: #000000;\">Souvent repr\u00e9sent\u00e9 sur les enluminures, les enfants l&rsquo;utilisaient en jouant au chevalier \u00e0 la guerre ou en tournoi, souvent associ\u00e9 \u00e0 un cheval-b\u00e2ton.<\/span><\/p>\n<p><span style=\"color: #000000;\">En courant ou en se pla\u00e7ant face au vent, l&rsquo;extr\u00e9mit\u00e9\u00a0du scopperel tourne comme un moulin \u00e0 vent. A voir qui fera tourn\u00e9 son scopperel le plus vite !<\/span><\/p>\n<p><span style=\"color: #000000;\">Aujourd&rsquo;hui disparu, le scopperel propos\u00e9 par Art&rsquo;Istorie reprend vie en se basant sur des sources iconographiques.<\/span><\/p>\n<p><span style=\"color: #000000;\">R\u00e9alis\u00e9 en h\u00eatre et en parchemin animal.<\/span><\/p>\n<p><span style=\"color: #000000;\">Finition naturelle au m\u00e9lange \u00e0 base de cire d&rsquo;abeille locale.<\/span><\/p>\n<p><span style=\"color: #000000;\">Dimension: 100 cm (hauteur) \/ 35 cm (largeur) \/ 2,5 cm (longueur)<\/span><\/p>\n<p><span style=\"color: #000000;\">Un choix parfait pour s&rsquo;amuser comme au Moyen-\u00c2ge !<\/span><\/p>\n<p>&nbsp;<\/p>\n<p><span style=\"color: #000000;\"><strong>Un peu d&rsquo;histoire<\/strong><\/span><\/p>\n<p><span style=\"color: #000000;\">Aujourd&rsquo;hui bien mal connus et peu \u00e9tudi\u00e9s, les scopperels sont des jouets peu pr\u00e9sents dans la reconstitution et dans la m\u00e9diation de la fin du Moyen-\u00c2ge et de l&rsquo;Epoque Moderne.<\/span><\/p>\n<p><span style=\"color: #000000;\">Il n&rsquo;y a aucun exemple qui ne nous est parvenu et les sources textuelles restent assez discr\u00e8tes sur ce jouet.<\/span><\/p>\n<p><span style=\"color: #000000;\">Pourtant, en observant les sources iconographiques du 14\u00e8me au 16\u00e8me si\u00e8cle, et particuli\u00e8rement celles repr\u00e9sentant des enfants en train de jouer, il est assez rare de ne pas voir ce jouet particulier !<\/span><\/p>\n<p><span style=\"color: #000000;\">Les enfants de la fin du Moyen-\u00c2ge semblaient particuli\u00e8rement appr\u00e9cier ce type de jouet. Ils l&rsquo;utilisaient comme une lance, souvent associ\u00e9 \u00e0 un cheval-b\u00e2ton, pour jouer au chevalier partant \u00e0 la guerre ou en tournoi. La particularit\u00e9 du scopperel, c&rsquo;est qu&rsquo;\u00e0 son extr\u00e9mit\u00e9 se trouve une barre transversale qui peut tourner gr\u00e2ce aux parchemins qui y sont fix\u00e9s. En effet, lorsque les enfants courent ou qu&rsquo;ils se placent face au vent, l&rsquo;air pousse les parchemins et fait tourner la barre, comme un moulin \u00e0 vent. On pourrait d&rsquo;ailleurs bien imaginer les enfants faire des concours de celui ou celle qui fera tourner le plus son scopperel au cours de courses endiabl\u00e9es.<\/span><\/p>\n<p><span style=\"color: #000000;\">Si vous aussi vous voulez d\u00e9couvrir les jeux exceptionnels du Moyen-\u00c2ge, le scopperel est un exemplaire \u00e0 ne pas manquer !<\/span><\/p>\n","protected":false},"excerpt":{"rendered":"<p><span style=\"color: #000000;\">Scopperel<\/span><\/p>\n<p><span style=\"color: #000000;\">H\u00eatre et Parchemin<\/span><\/p>\n<p><span style=\"color: #000000;\">14e &#8211; 16e si\u00e8cle<\/span><\/p>\n<p><span style=\"color: #000000;\">Inspir\u00e9 de sources iconographiques<\/span><\/p>\n","protected":false},"featured_media":1326,"comment_status":"open","ping_status":"closed","template":"","meta":{"_editorskit_title_hidden":false,"_editorskit_reading_time":0,"_editorskit_is_block_options_detached":false,"_editorskit_block_options_position":"{}","_uag_custom_page_level_css":"","_monsterinsights_skip_tracking":false,"_monsterinsights_sitenote_active":false,"_monsterinsights_sitenote_note":"","_monsterinsights_sitenote_category":0},"product_brand":[],"product_cat":[22],"product_tag":[],"class_list":{"0":"post-1325","1":"product","2":"type-product","3":"status-publish","4":"has-post-thumbnail","6":"product_cat-jeux-et-jouets","8":"first","9":"instock","10":"shipping-taxable","11":"purchasable","12":"product-type-simple"},"aioseo_notices":[],"uagb_featured_image_src":{"full":["https:\/\/artistorie.fr\/wp-content\/uploads\/2022\/02\/artistorie-scopperel-boutique-2-scaled.jpg",2560,2560,false],"thumbnail":["https:\/\/artistorie.fr\/wp-content\/uploads\/2022\/02\/artistorie-scopperel-boutique-2-scaled-150x150.jpg",150,150,true],"medium":["https:\/\/artistorie.fr\/wp-content\/uploads\/2022\/02\/artistorie-scopperel-boutique-2-scaled-300x300.jpg",300,300,true],"medium_large":["https:\/\/artistorie.fr\/wp-content\/uploads\/2022\/02\/artistorie-scopperel-boutique-2-scaled-768x768.jpg",768,768,true],"large":["https:\/\/artistorie.fr\/wp-content\/uploads\/2022\/02\/artistorie-scopperel-boutique-2-scaled-1024x1024.jpg",1024,1024,true],"1536x1536":["https:\/\/artistorie.fr\/wp-content\/uploads\/2022\/02\/artistorie-scopperel-boutique-2-scaled-1536x1536.jpg",1536,1536,true],"2048x2048":["https:\/\/artistorie.fr\/wp-content\/uploads\/2022\/02\/artistorie-scopperel-boutique-2-scaled-2048x2048.jpg",2048,2048,true],"post-thumbnail":["https:\/\/artistorie.fr\/wp-content\/uploads\/2022\/02\/artistorie-scopperel-boutique-2-scaled-1024x1024.jpg",1024,1024,true],"mesmerize-full-hd":["https:\/\/artistorie.fr\/wp-content\/uploads\/2022\/02\/artistorie-scopperel-boutique-2-scaled-1080x1080.jpg",1080,1080,true],"woocommerce_thumbnail":["https:\/\/artistorie.fr\/wp-content\/uploads\/2022\/02\/artistorie-scopperel-boutique-2-scaled-300x300.jpg",300,300,true],"woocommerce_single":["https:\/\/artistorie.fr\/wp-content\/uploads\/2022\/02\/artistorie-scopperel-boutique-2-scaled-600x600.jpg",600,600,true],"woocommerce_gallery_thumbnail":["https:\/\/artistorie.fr\/wp-content\/uploads\/2022\/02\/artistorie-scopperel-boutique-2-scaled-100x100.jpg",100,100,true]},"uagb_author_info":{"display_name":"valentin.berlemont","author_link":"https:\/\/artistorie.fr\/?author=0"},"uagb_comment_info":0,"uagb_excerpt":"Scopperel H\u00eatre et Parchemin 14e - 16e si\u00e8cle Inspir\u00e9 de sources iconographiques","jetpack_sharing_enabled":true,"_links":{"self":[{"href":"https:\/\/artistorie.fr\/index.php?rest_route=\/wp\/v2\/product\/1325","targetHints":{"allow":["GET"]}}],"collection":[{"href":"https:\/\/artistorie.fr\/index.php?rest_route=\/wp\/v2\/product"}],"about":[{"href":"https:\/\/artistorie.fr\/index.php?rest_route=\/wp\/v2\/types\/product"}],"replies":[{"embeddable":true,"href":"https:\/\/artistorie.fr\/index.php?rest_route=%2Fwp%2Fv2%2Fcomments&post=1325"}],"wp:featuredmedia":[{"embeddable":true,"href":"https:\/\/artistorie.fr\/index.php?rest_route=\/wp\/v2\/media\/1326"}],"wp:attachment":[{"href":"https:\/\/artistorie.fr\/index.php?rest_route=%2Fwp%2Fv2%2Fmedia&parent=1325"}],"wp:term":[{"taxonomy":"product_brand","embeddable":true,"href":"https:\/\/artistorie.fr\/index.php?rest_route=%2Fwp%2Fv2%2Fproduct_brand&post=1325"},{"taxonomy":"product_cat","embeddable":true,"href":"https:\/\/artistorie.fr\/index.php?rest_route=%2Fwp%2Fv2%2Fproduct_cat&post=1325"},{"taxonomy":"product_tag","embeddable":true,"href":"https:\/\/artistorie.fr\/index.php?rest_route=%2Fwp%2Fv2%2Fproduct_tag&post=1325"}],"curies":[{"name":"wp","href":"https:\/\/api.w.org\/{rel}","templated":true}]}}