{"id":1249,"date":"2022-02-03T15:13:42","date_gmt":"2022-02-03T15:13:42","guid":{"rendered":"https:\/\/artistorie.fr\/?post_type=product&#038;p=1249"},"modified":"2025-03-24T15:28:51","modified_gmt":"2025-03-24T15:28:51","slug":"jeu-de-palets-13e-15e-siecle","status":"publish","type":"product","link":"https:\/\/artistorie.fr\/?product=jeu-de-palets-13e-15e-siecle","title":{"rendered":"Jeu de palets"},"content":{"rendered":"<p><span style=\"color: #000000;\">Les jeux de palets sont typiques de la fin du Moyen-\u00c2ge !<\/span><\/p>\n<p><span style=\"color: #000000;\">Avec cet ensemble compos\u00e9 d&rsquo;un petit palet, 5 palets clairs et 5 palets fonc\u00e9s, vous disposez des outils n\u00e9cessaires pour vous amuser comme au Moyen-\u00c2ge.<\/span><\/p>\n<p><span style=\"color: #000000;\">\u00ab\u00a0Jeu du carreau\u00a0\u00bb, \u00ab\u00a0jeu du tonneau\u00a0\u00bb ou \u00ab\u00a0palet-p\u00e9tanque\u00a0\u00bb, d\u00e9veloppez votre adresse et votre lancer pour vaincre tous vos adversaires !<\/span><\/p>\n<p><span style=\"color: #000000;\">Ce jeu est inspir\u00e9 de sources textuelles.<\/span><\/p>\n<p><span style=\"color: #000000;\">R\u00e9alis\u00e9 en bois local de l&rsquo;atelier et \u00e0 essence variable selon les stocks disponibles.<\/span><\/p>\n<p><span style=\"color: #000000;\">Teinture des palets fonc\u00e9s naturelle. Finition naturelle au m\u00e9lange \u00e0 base de cire d&rsquo;abeille locale.<\/span><\/p>\n<p><span style=\"color: #000000;\">Dimension du petit palet : 1,3 cm (hauteur) \/ 4 cm (diam\u00e8tre)<\/span><\/p>\n<p><span style=\"color: #000000;\">Dimension des palets : 1,3 cm (hauteur) \/ 6 cm (diam\u00e8tre)<\/span><\/p>\n<p><span style=\"color: #000000;\">Un choix parfait pour s&rsquo;amuser comme au Moyen-\u00c2ge !<\/span><\/p>\n<p>&nbsp;<\/p>\n<p><span style=\"color: #000000;\"><strong>Un peu d&rsquo;histoire<\/strong><\/span><\/p>\n<p><span style=\"color: #000000;\">Bien que peu de repr\u00e9sentations en soient faites, les jeux de palets \u00e9taient tr\u00e8s populaires au Moyen-\u00c2ge et plusieurs r\u00e8gles organisaient ces jeux. Consid\u00e9r\u00e9s comme des jeux de lancer, les palets n&rsquo;\u00e9taient pas forc\u00e9ment de vrais palets de bois ou de m\u00e9tal, mais pouvaient simplement \u00eatre des tessons de c\u00e9ramiques cass\u00e9s ou de simples cailloux ramass\u00e9s au sol.<\/span><\/p>\n<p><span style=\"color: #000000;\">A d\u00e9faut de sources visuelles, ce sont les textes qui nous permettent d&rsquo;attester la popularit\u00e9 de ce jeu \u00e0 la fin du Moyen-\u00c2ge. En effet, au cours du 14e si\u00e8cle, certains jeux vont \u00eatre interdits, notamment les jeux de palet. Par exemple, en 1369, Charles V, roi de France, promulgue une ordonnance interdisant aux sujets de son royaume la pratique de tous les jeux (d\u00e9s, jeux de tables, jeu de paume, quilles, palets, soule et les billes) au profit de la pratique de jeux sportifs tels que le tir \u00e0 l&rsquo;arc ou \u00e0 l&rsquo;arbal\u00e8te.<\/span><\/p>\n<p><span style=\"color: #000000;\">Ce jeu, bien qu&rsquo;interdit, sera toujours pratiqu\u00e9 et gagnera m\u00eame en popularit\u00e9 tout au long de la Renaissance !<\/span><\/p>\n","protected":false},"excerpt":{"rendered":"<p><span style=\"color: #000000;\">Jeu de 11 palets<\/span><\/p>\n<p><span style=\"color: #000000;\">5 palets clairs &#8211; 5 palets fonc\u00e9s &#8211; 1 petit palet<\/span><\/p>\n<p><span style=\"color: #000000;\">13e &#8211; 15e si\u00e8cle<\/span><\/p>\n<p><span style=\"color: #000000;\">Inspir\u00e9 de sources texturelles<\/span><\/p>\n","protected":false},"featured_media":1250,"comment_status":"open","ping_status":"closed","template":"","meta":{"_editorskit_title_hidden":false,"_editorskit_reading_time":0,"_editorskit_is_block_options_detached":false,"_editorskit_block_options_position":"{}","_uag_custom_page_level_css":"","_monsterinsights_skip_tracking":false,"_monsterinsights_sitenote_active":false,"_monsterinsights_sitenote_note":"","_monsterinsights_sitenote_category":0},"product_brand":[],"product_cat":[22],"product_tag":[],"class_list":{"0":"post-1249","1":"product","2":"type-product","3":"status-publish","4":"has-post-thumbnail","6":"product_cat-jeux-et-jouets","8":"first","9":"onbackorder","10":"shipping-taxable","11":"purchasable","12":"product-type-simple"},"aioseo_notices":[],"uagb_featured_image_src":{"full":["https:\/\/artistorie.fr\/wp-content\/uploads\/2022\/02\/artistorie-jeu-palets-boutique-1-scaled.jpg",2560,1920,false],"thumbnail":["https:\/\/artistorie.fr\/wp-content\/uploads\/2022\/02\/artistorie-jeu-palets-boutique-1-scaled-150x150.jpg",150,150,true],"medium":["https:\/\/artistorie.fr\/wp-content\/uploads\/2022\/02\/artistorie-jeu-palets-boutique-1-scaled-300x225.jpg",300,225,true],"medium_large":["https:\/\/artistorie.fr\/wp-content\/uploads\/2022\/02\/artistorie-jeu-palets-boutique-1-scaled-768x576.jpg",768,576,true],"large":["https:\/\/artistorie.fr\/wp-content\/uploads\/2022\/02\/artistorie-jeu-palets-boutique-1-scaled-1024x768.jpg",1024,768,true],"1536x1536":["https:\/\/artistorie.fr\/wp-content\/uploads\/2022\/02\/artistorie-jeu-palets-boutique-1-scaled-1536x1152.jpg",1536,1152,true],"2048x2048":["https:\/\/artistorie.fr\/wp-content\/uploads\/2022\/02\/artistorie-jeu-palets-boutique-1-scaled-2048x1536.jpg",2048,1536,true],"post-thumbnail":["https:\/\/artistorie.fr\/wp-content\/uploads\/2022\/02\/artistorie-jeu-palets-boutique-1-scaled-1024x768.jpg",1024,768,true],"mesmerize-full-hd":["https:\/\/artistorie.fr\/wp-content\/uploads\/2022\/02\/artistorie-jeu-palets-boutique-1-scaled-1440x1080.jpg",1440,1080,true],"woocommerce_thumbnail":["https:\/\/artistorie.fr\/wp-content\/uploads\/2022\/02\/artistorie-jeu-palets-boutique-1-scaled-300x300.jpg",300,300,true],"woocommerce_single":["https:\/\/artistorie.fr\/wp-content\/uploads\/2022\/02\/artistorie-jeu-palets-boutique-1-scaled-600x450.jpg",600,450,true],"woocommerce_gallery_thumbnail":["https:\/\/artistorie.fr\/wp-content\/uploads\/2022\/02\/artistorie-jeu-palets-boutique-1-scaled-100x100.jpg",100,100,true]},"uagb_author_info":{"display_name":"valentin.berlemont","author_link":"https:\/\/artistorie.fr\/?author=0"},"uagb_comment_info":0,"uagb_excerpt":"Jeu de 11 palets 5 palets clairs - 5 palets fonc\u00e9s - 1 petit palet 13e - 15e si\u00e8cle Inspir\u00e9 de sources texturelles","jetpack_sharing_enabled":true,"_links":{"self":[{"href":"https:\/\/artistorie.fr\/index.php?rest_route=\/wp\/v2\/product\/1249","targetHints":{"allow":["GET"]}}],"collection":[{"href":"https:\/\/artistorie.fr\/index.php?rest_route=\/wp\/v2\/product"}],"about":[{"href":"https:\/\/artistorie.fr\/index.php?rest_route=\/wp\/v2\/types\/product"}],"replies":[{"embeddable":true,"href":"https:\/\/artistorie.fr\/index.php?rest_route=%2Fwp%2Fv2%2Fcomments&post=1249"}],"wp:featuredmedia":[{"embeddable":true,"href":"https:\/\/artistorie.fr\/index.php?rest_route=\/wp\/v2\/media\/1250"}],"wp:attachment":[{"href":"https:\/\/artistorie.fr\/index.php?rest_route=%2Fwp%2Fv2%2Fmedia&parent=1249"}],"wp:term":[{"taxonomy":"product_brand","embeddable":true,"href":"https:\/\/artistorie.fr\/index.php?rest_route=%2Fwp%2Fv2%2Fproduct_brand&post=1249"},{"taxonomy":"product_cat","embeddable":true,"href":"https:\/\/artistorie.fr\/index.php?rest_route=%2Fwp%2Fv2%2Fproduct_cat&post=1249"},{"taxonomy":"product_tag","embeddable":true,"href":"https:\/\/artistorie.fr\/index.php?rest_route=%2Fwp%2Fv2%2Fproduct_tag&post=1249"}],"curies":[{"name":"wp","href":"https:\/\/api.w.org\/{rel}","templated":true}]}}