{"id":1241,"date":"2022-02-03T14:02:29","date_gmt":"2022-02-03T14:02:29","guid":{"rendered":"https:\/\/artistorie.fr\/?post_type=product&#038;p=1241"},"modified":"2025-08-03T09:35:14","modified_gmt":"2025-08-03T09:35:14","slug":"toupie-commande","status":"publish","type":"product","link":"https:\/\/artistorie.fr\/?product=toupie-commande","title":{"rendered":"Toupie"},"content":{"rendered":"<p><span style=\"color: #000000;\">L&rsquo;un des jeux favoris des enfants du Moyen-\u00c2ge ? Les toupies, bien-s\u00fbr !<\/span><\/p>\n<p><span style=\"color: #000000;\">Cette toupie \u00e0 lancer \u00e0 la main est inspir\u00e9e d&rsquo;un mod\u00e8le du 13e-14e si\u00e8cle, conserv\u00e9 aujourd&rsquo;hui au Mus\u00e9e Carnavalet (Paris).<\/span><\/p>\n<p><span style=\"color: #000000;\">R\u00e9alis\u00e9e en bois local de l&rsquo;atelier et \u00e0 essence variable selon les stocks disponibles.<\/span><\/p>\n<p><span style=\"color: #000000;\">Finition au m\u00e9lange \u00e0 base de cire d&rsquo;abeille locale.<\/span><\/p>\n<p><span style=\"color: #000000;\">Dimensions : 5 cm (hauteur) \/ 4 cm (diam\u00e8tre)<\/span><\/p>\n<p><span style=\"color: #000000;\">Un choix parfait pour s&rsquo;amuser comme au Moyen-\u00c2ge !<\/span><\/p>\n<p>&nbsp;<\/p>\n<p><span style=\"color: #000000;\"><strong>Un peu d&rsquo;histoire<\/strong><\/span><\/p>\n<p><span style=\"color: #000000;\">D\u00e9j\u00e0 populaires durant l&rsquo;Antiquit\u00e9 et \u00e0 travers le monde, les toupies sont rest\u00e9es pr\u00e9sentes dans le panel des jouets m\u00e9di\u00e9vaux. De nombreuses sources historiques nous montrent des toupies aux formes diverses et vari\u00e9es, telles que des textes, des enluminures ou m\u00eame des pi\u00e8ces arch\u00e9ologiques.<\/span><\/p>\n<p><span style=\"color: #000000;\">Les deux modes de propulsion des toupies au Moyen-\u00c2ge sont la main ou le fouet.<\/span><\/p>\n<p>&nbsp;<\/p>\n<p>&nbsp;<\/p>\n","protected":false},"excerpt":{"rendered":"<p><span style=\"color: #000000;\">Toupie \u00e0 main<\/span><\/p>\n<p><span style=\"color: #000000;\">13e &#8211; 14e si\u00e8cle<\/span><\/p>\n<p><span style=\"color: #000000;\">Inspir\u00e9 d&rsquo;un mod\u00e8le du Mus\u00e9e Carnavalet (Paris)<\/span><\/p>\n<p>&nbsp;<\/p>\n","protected":false},"featured_media":2733,"comment_status":"open","ping_status":"closed","template":"","meta":{"_editorskit_title_hidden":false,"_editorskit_reading_time":0,"_editorskit_is_block_options_detached":false,"_editorskit_block_options_position":"{}","_uag_custom_page_level_css":"","_monsterinsights_skip_tracking":false,"_monsterinsights_sitenote_active":false,"_monsterinsights_sitenote_note":"","_monsterinsights_sitenote_category":0},"product_brand":[],"product_cat":[22],"product_tag":[],"class_list":{"0":"post-1241","1":"product","2":"type-product","3":"status-publish","4":"has-post-thumbnail","6":"product_cat-jeux-et-jouets","8":"first","9":"instock","10":"shipping-taxable","11":"purchasable","12":"product-type-simple"},"aioseo_notices":[],"uagb_featured_image_src":{"full":["https:\/\/artistorie.fr\/wp-content\/uploads\/2024\/07\/artistorie-toupie-2-boutique.png",1080,1080,false],"thumbnail":["https:\/\/artistorie.fr\/wp-content\/uploads\/2024\/07\/artistorie-toupie-2-boutique-150x150.png",150,150,true],"medium":["https:\/\/artistorie.fr\/wp-content\/uploads\/2024\/07\/artistorie-toupie-2-boutique-300x300.png",300,300,true],"medium_large":["https:\/\/artistorie.fr\/wp-content\/uploads\/2024\/07\/artistorie-toupie-2-boutique-768x768.png",768,768,true],"large":["https:\/\/artistorie.fr\/wp-content\/uploads\/2024\/07\/artistorie-toupie-2-boutique-1024x1024.png",1024,1024,true],"1536x1536":["https:\/\/artistorie.fr\/wp-content\/uploads\/2024\/07\/artistorie-toupie-2-boutique.png",1080,1080,false],"2048x2048":["https:\/\/artistorie.fr\/wp-content\/uploads\/2024\/07\/artistorie-toupie-2-boutique.png",1080,1080,false],"post-thumbnail":["https:\/\/artistorie.fr\/wp-content\/uploads\/2024\/07\/artistorie-toupie-2-boutique-1024x1024.png",1024,1024,true],"mesmerize-full-hd":["https:\/\/artistorie.fr\/wp-content\/uploads\/2024\/07\/artistorie-toupie-2-boutique.png",1080,1080,false],"woocommerce_thumbnail":["https:\/\/artistorie.fr\/wp-content\/uploads\/2024\/07\/artistorie-toupie-2-boutique-300x300.png",300,300,true],"woocommerce_single":["https:\/\/artistorie.fr\/wp-content\/uploads\/2024\/07\/artistorie-toupie-2-boutique-600x600.png",600,600,true],"woocommerce_gallery_thumbnail":["https:\/\/artistorie.fr\/wp-content\/uploads\/2024\/07\/artistorie-toupie-2-boutique-100x100.png",100,100,true]},"uagb_author_info":{"display_name":"valentin.berlemont","author_link":"https:\/\/artistorie.fr\/?author=0"},"uagb_comment_info":0,"uagb_excerpt":"Toupie \u00e0 main 13e - 14e si\u00e8cle Inspir\u00e9 d'un mod\u00e8le du Mus\u00e9e Carnavalet (Paris) &nbsp;","jetpack_sharing_enabled":true,"_links":{"self":[{"href":"https:\/\/artistorie.fr\/index.php?rest_route=\/wp\/v2\/product\/1241","targetHints":{"allow":["GET"]}}],"collection":[{"href":"https:\/\/artistorie.fr\/index.php?rest_route=\/wp\/v2\/product"}],"about":[{"href":"https:\/\/artistorie.fr\/index.php?rest_route=\/wp\/v2\/types\/product"}],"replies":[{"embeddable":true,"href":"https:\/\/artistorie.fr\/index.php?rest_route=%2Fwp%2Fv2%2Fcomments&post=1241"}],"wp:featuredmedia":[{"embeddable":true,"href":"https:\/\/artistorie.fr\/index.php?rest_route=\/wp\/v2\/media\/2733"}],"wp:attachment":[{"href":"https:\/\/artistorie.fr\/index.php?rest_route=%2Fwp%2Fv2%2Fmedia&parent=1241"}],"wp:term":[{"taxonomy":"product_brand","embeddable":true,"href":"https:\/\/artistorie.fr\/index.php?rest_route=%2Fwp%2Fv2%2Fproduct_brand&post=1241"},{"taxonomy":"product_cat","embeddable":true,"href":"https:\/\/artistorie.fr\/index.php?rest_route=%2Fwp%2Fv2%2Fproduct_cat&post=1241"},{"taxonomy":"product_tag","embeddable":true,"href":"https:\/\/artistorie.fr\/index.php?rest_route=%2Fwp%2Fv2%2Fproduct_tag&post=1241"}],"curies":[{"name":"wp","href":"https:\/\/api.w.org\/{rel}","templated":true}]}}