{"id":934,"date":"2022-01-21T22:21:21","date_gmt":"2022-01-21T22:21:21","guid":{"rendered":"https:\/\/artistorie.fr\/?page_id=934"},"modified":"2026-01-08T15:17:18","modified_gmt":"2026-01-08T15:17:18","slug":"accueil","status":"publish","type":"page","link":"https:\/\/artistorie.fr\/","title":{"rendered":"Accueil"},"content":{"rendered":"\n<section class=\"wp-block-uagb-section uagb-section__wrap uagb-section__background-undefined uagb-block-334c4ced\"><div class=\"uagb-section__overlay\"><\/div><div class=\"uagb-section__inner-wrap\">\n<div class=\"wp-block-group alignfull has-white-background-color has-text-color has-background\" style=\"color:#2a2a57\"><div class=\"wp-block-group__inner-container is-layout-flow wp-block-group-is-layout-flow\">\n<div class=\"wp-block-columns alignwide are-vertically-aligned-center is-layout-flex wp-container-core-columns-is-layout-9d6595d7 wp-block-columns-is-layout-flex\">\n<div class=\"wp-block-column is-layout-flow wp-block-column-is-layout-flow\" style=\"flex-basis:50%\">\n<p class=\"has-text-color\" style=\"color:#2a2a57;font-size:30px;line-height:1.1\"><strong><span class=\"uppercase\">Art&rsquo;Istorie, c&rsquo;est quoi ?<\/span><\/strong><\/p>\n<\/div>\n<\/div>\n\n\n\n<div class=\"wp-block-columns is-layout-flex wp-container-core-columns-is-layout-9d6595d7 wp-block-columns-is-layout-flex\">\n<div class=\"wp-block-column is-layout-flow wp-block-column-is-layout-flow\"><div class=\"wp-block-image\">\n<figure class=\"aligncenter size-large is-resized\"><a href=\"https:\/\/artistorie.fr\/?page_id=770\"><img loading=\"lazy\" decoding=\"async\" width=\"1024\" height=\"1024\" src=\"http:\/\/artistorie.fr\/wp-content\/uploads\/2022\/01\/artistorie-cat-mediation-culturelle-1024x1024.png\" alt=\"\" class=\"wp-image-927\" style=\"width:250px;height:250px\" srcset=\"https:\/\/artistorie.fr\/wp-content\/uploads\/2022\/01\/artistorie-cat-mediation-culturelle-1024x1024.png 1024w, https:\/\/artistorie.fr\/wp-content\/uploads\/2022\/01\/artistorie-cat-mediation-culturelle-300x300.png 300w, https:\/\/artistorie.fr\/wp-content\/uploads\/2022\/01\/artistorie-cat-mediation-culturelle-150x150.png 150w, https:\/\/artistorie.fr\/wp-content\/uploads\/2022\/01\/artistorie-cat-mediation-culturelle-768x768.png 768w, https:\/\/artistorie.fr\/wp-content\/uploads\/2022\/01\/artistorie-cat-mediation-culturelle-600x600.png 600w, https:\/\/artistorie.fr\/wp-content\/uploads\/2022\/01\/artistorie-cat-mediation-culturelle-100x100.png 100w, https:\/\/artistorie.fr\/wp-content\/uploads\/2022\/01\/artistorie-cat-mediation-culturelle.png 1080w\" sizes=\"auto, (max-width: 1024px) 100vw, 1024px\" \/><\/a><\/figure>\n<\/div>\n\n\n<p style=\"text-align: justify;\">Que ce soit en contexte scolaire ou de loisirs, pour les enfants ou les plus grands, <strong>Art\u2019Istorie intervient pour donner vie \u00e0 l\u2019Histoire.<br><\/strong><br>Nous sommes persuad\u00e9s que <strong>l\u2019apprentissage passe aussi par les sens et la pratique<\/strong>. C\u2019est pour cette raison que chacune de nos interventions est rythm\u00e9e par <strong>un \u00e9change et la d\u00e9monstration d\u2019objets reconstitu\u00e9s<\/strong>, ainsi que des <strong>activit\u00e9s p\u00e9dagogiques immersives et innovantes<\/strong> qui vous permettent de voyager dans le temps et d\u00e9couvrir tous les myst\u00e8res du pass\u00e9.<\/p>\n\n\n\n<p><\/p>\n<\/div>\n\n\n\n<div class=\"wp-block-column is-layout-flow wp-block-column-is-layout-flow\"><div class=\"wp-block-image\">\n<figure class=\"aligncenter size-large is-resized\"><a href=\"https:\/\/artistorie.fr\/?post_type=product\"><img decoding=\"async\" src=\"http:\/\/artistorie.fr\/wp-content\/uploads\/2022\/01\/Centre-daccueil-et-de-loisirs-5-1024x1024.png\" alt=\"\" class=\"wp-image-928\" style=\"width:250px;height:250px\"\/><\/a><\/figure>\n<\/div>\n\n\n<p style=\"text-align: justify;\"><strong>Le voyage dans le pass\u00e9<\/strong> ne passe pas que par des gestes, <strong>ce sont aussi des objets <\/strong>vari\u00e9s qui composaient le quotidien de nos anc\u00eatres.<br><br>Chez Art\u2019Istorie, la reconstitution des biens mat\u00e9riels d\u2019autrefois est aussi un moyen de valoriser l\u2019Histoire. En nous basant sur des <strong>sources mus\u00e9ographiques, historiques et arch\u00e9ologiques, nous essayons de reconstituer le plus fid\u00e8lement et dans la meilleure qualit\u00e9 des objets et mobiliers d\u2019autrefois.<\/strong><\/p>\n<\/div>\n<\/div>\n\n\n\n<div class=\"wp-block-columns is-layout-flex wp-container-core-columns-is-layout-9d6595d7 wp-block-columns-is-layout-flex\">\n<div class=\"wp-block-column is-layout-flow wp-block-column-is-layout-flow\" style=\"flex-basis:66.66%\">\n<div style=\"height:100px\" aria-hidden=\"true\" class=\"wp-block-spacer\"><\/div>\n\n\n<p class=\"fonts-plugin-block \" style=\"font-size: 27px;line-height: 2;text-align: center;color: #2a2a57\"><strong>Il n&rsquo;y a pas de machine \u00e0 voyager dans le temps, mais il y a Art&rsquo;Istorie !<\/strong><\/p><\/div>\n\n\n\n<div class=\"wp-block-column is-layout-flow wp-block-column-is-layout-flow\" style=\"flex-basis:33.33%\">\n<figure class=\"wp-block-jetpack-image-compare\"><div class=\"juxtapose\" data-mode=\"horizontal\"><img loading=\"lazy\" decoding=\"async\" id=\"1840\" src=\"https:\/\/artistorie.fr\/wp-content\/uploads\/2023\/04\/artistorie-retable-triptyque-progress.jpg\" alt=\"\" width=\"1923\" height=\"1887\" class=\"image-compare__image-before\"\/><img loading=\"lazy\" decoding=\"async\" id=\"1841\" src=\"https:\/\/artistorie.fr\/wp-content\/uploads\/2023\/04\/artistorie-retable-tritpyque-scaled-1.jpg\" alt=\"\" width=\"2526\" height=\"2560\" class=\"image-compare__image-after\"\/><\/div><\/figure>\n<\/div>\n<\/div>\n<\/div><\/div>\n<\/div><\/section>\n\n\n\n<section class=\"wp-block-uagb-section uagb-section__wrap uagb-section__background-undefined uagb-block-25331252\"><div class=\"uagb-section__overlay\"><\/div><div class=\"uagb-section__inner-wrap\">\n<div class=\"wp-block-columns is-layout-flex wp-container-core-columns-is-layout-9d6595d7 wp-block-columns-is-layout-flex\">\n<div class=\"wp-block-column is-layout-flow wp-block-column-is-layout-flow\" style=\"flex-basis:33.33%\">\n<figure class=\"wp-block-image size-full is-style-rounded\"><img loading=\"lazy\" decoding=\"async\" width=\"1928\" height=\"2048\" src=\"https:\/\/artistorie.fr\/wp-content\/uploads\/2026\/01\/274337205_10209432866616412_8026789365193376934_n.jpg\" alt=\"\" class=\"wp-image-3111\" style=\"aspect-ratio:0.9414468769752341\" srcset=\"https:\/\/artistorie.fr\/wp-content\/uploads\/2026\/01\/274337205_10209432866616412_8026789365193376934_n.jpg 1928w, https:\/\/artistorie.fr\/wp-content\/uploads\/2026\/01\/274337205_10209432866616412_8026789365193376934_n-282x300.jpg 282w, https:\/\/artistorie.fr\/wp-content\/uploads\/2026\/01\/274337205_10209432866616412_8026789365193376934_n-964x1024.jpg 964w, https:\/\/artistorie.fr\/wp-content\/uploads\/2026\/01\/274337205_10209432866616412_8026789365193376934_n-768x816.jpg 768w, https:\/\/artistorie.fr\/wp-content\/uploads\/2026\/01\/274337205_10209432866616412_8026789365193376934_n-1446x1536.jpg 1446w, https:\/\/artistorie.fr\/wp-content\/uploads\/2026\/01\/274337205_10209432866616412_8026789365193376934_n-1024x1088.jpg 1024w, https:\/\/artistorie.fr\/wp-content\/uploads\/2026\/01\/274337205_10209432866616412_8026789365193376934_n-1017x1080.jpg 1017w, https:\/\/artistorie.fr\/wp-content\/uploads\/2026\/01\/274337205_10209432866616412_8026789365193376934_n-600x637.jpg 600w\" sizes=\"auto, (max-width: 1928px) 100vw, 1928px\" \/><\/figure>\n<\/div>\n\n\n\n<div class=\"wp-block-column is-layout-flow wp-block-column-is-layout-flow\" style=\"flex-basis:66.66%\">\n<div class=\"wp-block-otfm-box-spoiler-start otfm-sp__wrapper otfm-sp__box js-otfm-sp-box__closed otfm-sp__f5f5f5\" role=\"button\" tabindex=\"0\" aria-expanded=\"false\" data-otfm-spc=\"#f5f5f5\" style=\"text-align:center\"><div class=\"otfm-sp__title\"><br\/><span class=\"uppercase\"><strong><span style=\"color:#2a2a57\" class=\"tadv-color\">Art&rsquo;Istorie, c&rsquo;est qui?<\/span><\/strong><br\/><\/span><strong><span style=\"color:#2a2a57\" class=\"tadv-color\"><br\/><\/span><\/strong><\/div><\/div>\n\n\n\n<p style=\"text-align: center;\"><span style=\"color: #2a2a57;\"><strong>Valentin Berlemont<\/strong><\/span><\/p>\n<p style=\"text-align: justify;\">&nbsp;<\/p>\n\n\n\n<p style=\"text-align: justify;\"><span style=\"color: #2a2a57;\">A l\u2019\u00e2ge de 4 ans, Valentin Berlemont jouait le r\u00f4le d\u2019un petit cochon dans une pi\u00e8ce de th\u00e9\u00e2tre m\u00e9di\u00e9vale destin\u00e9e \u00e0 valoriser l\u2019histoire de sa ville natale.<\/span><br \/><span style=\"color: #2a2a57;\"><strong>Qui aurait cru qu\u2019une v\u00e9ritable passion pour l\u2019Histoire et le patrimoine na\u00eetrait de cette exp\u00e9rience ?<br \/><\/strong><\/span><br \/><span style=\"color: #2a2a57;\">Il s\u2019est naturellement tourn\u00e9 vers des \u00e9tudes universitaires dans le domaine de l\u2019Arch\u00e9ologie et de la Gestion des sites patrimoniaux, au cours desquelles il s\u2019est concentr\u00e9 sur <strong>l\u2019analyse et la d\u00e9finition de nouvelles formes de m\u00e9diation et sur l\u2019usage de la reconstitution historique dans la valorisation du patrimoine<\/strong>.<\/span><br \/><span style=\"color: #2a2a57;\">En parall\u00e8le, il a d\u00e9velopp\u00e9 son activit\u00e9 de <strong>reconstitution historique<\/strong>, repr\u00e9sentant Wal\u00e9ran de Luxembourg, comte de Saint-Pol et de Ligny, ainsi que ch\u00e2telain de Lille \u00e0 la fin du 14e et d\u00e9but du 15e si\u00e8cle. Il cr\u00e9e par la suite Aeterna, une association de reconstitution historique, qui valorise la vie quotidienne du Ternois \u00e0 cette m\u00eame \u00e9poque.<\/span><br \/><span style=\"color: #2a2a57;\">Apr\u00e8s des exp\u00e9riences professionnelles en centre d\u2019interpr\u00e9tation et en parc arch\u00e9ologique, Valentin lance le projet ambitieux d\u2019<strong>Art\u2019Istorie<\/strong>, projet qui lui permet de mettre en place des projets originaux et innovants en lien avec l\u2019<strong>Histoire Vivante<\/strong>\u00a0et ainsi vivre de sa passion.<\/span><\/p>\n\n\n\n<div class=\"wp-block-uagb-team uagb-team__image-position-above uagb-team__align-center uagb-team__stack-tablet uagb-block-d1fe7549\"><div class=\"uagb-team__content\"><h3 class=\"uagb-team__title\"><\/h3><span class=\"uagb-team__prefix\"><\/span><p class=\"uagb-team__desc\"><\/p><ul class=\"uagb-team__social-list\"><li class=\"uagb-team__social-icon\"><a href=\"#https:\/\/www.instagram.com\/waleran_de_luxembourg\/?hl=fr\" aria-label=\"instagram\" target=\"_blank\" title=\"\" rel=\"noopener noreferrer\"><svg xmlns=\"https:\/\/www.w3.org\/2000\/svg\" viewBox=\"0 0 448 512\"><path d=\"M224.1 141c-63.6 0-114.9 51.3-114.9 114.9s51.3 114.9 114.9 114.9S339 319.5 339 255.9 287.7 141 224.1 141zm0 189.6c-41.1 0-74.7-33.5-74.7-74.7s33.5-74.7 74.7-74.7 74.7 33.5 74.7 74.7-33.6 74.7-74.7 74.7zm146.4-194.3c0 14.9-12 26.8-26.8 26.8-14.9 0-26.8-12-26.8-26.8s12-26.8 26.8-26.8 26.8 12 26.8 26.8zm76.1 27.2c-1.7-35.9-9.9-67.7-36.2-93.9-26.2-26.2-58-34.4-93.9-36.2-37-2.1-147.9-2.1-184.9 0-35.8 1.7-67.6 9.9-93.9 36.1s-34.4 58-36.2 93.9c-2.1 37-2.1 147.9 0 184.9 1.7 35.9 9.9 67.7 36.2 93.9s58 34.4 93.9 36.2c37 2.1 147.9 2.1 184.9 0 35.9-1.7 67.7-9.9 93.9-36.2 26.2-26.2 34.4-58 36.2-93.9 2.1-37 2.1-147.8 0-184.8zM398.8 388c-7.8 19.6-22.9 34.7-42.6 42.6-29.5 11.7-99.5 9-132.1 9s-102.7 2.6-132.1-9c-19.6-7.8-34.7-22.9-42.6-42.6-11.7-29.5-9-99.5-9-132.1s-2.6-102.7 9-132.1c7.8-19.6 22.9-34.7 42.6-42.6 29.5-11.7 99.5-9 132.1-9s102.7-2.6 132.1 9c19.6 7.8 34.7 22.9 42.6 42.6 11.7 29.5 9 99.5 9 132.1s2.7 102.7-9 132.1z\"><\/path><\/svg><\/a><\/li><li class=\"uagb-team__social-icon\"><a href=\"#https:\/\/www.linkedin.com\/in\/valentin-berlemont\/\" aria-label=\"fab fa-linkedin\" target=\"_blank\" title=\"\" rel=\"noopener noreferrer\"><svg xmlns=\"https:\/\/www.w3.org\/2000\/svg\" viewBox=\"0 0 448 512\"><path d=\"M416 32H31.9C14.3 32 0 46.5 0 64.3v383.4C0 465.5 14.3 480 31.9 480H416c17.6 0 32-14.5 32-32.3V64.3c0-17.8-14.4-32.3-32-32.3zM135.4 416H69V202.2h66.5V416zm-33.2-243c-21.3 0-38.5-17.3-38.5-38.5S80.9 96 102.2 96c21.2 0 38.5 17.3 38.5 38.5 0 21.3-17.2 38.5-38.5 38.5zm282.1 243h-66.4V312c0-24.8-.5-56.7-34.5-56.7-34.6 0-39.9 27-39.9 54.9V416h-66.4V202.2h63.7v29.2h.9c8.9-16.8 30.6-34.5 62.9-34.5 67.2 0 79.7 44.3 79.7 101.9V416z\"><\/path><\/svg><\/a><\/li><\/ul><\/div><\/div>\n\n\n\n<div class=\"wp-block-otfm-box-spoiler-end otfm-sp_end\"><\/div>\n<\/div>\n<\/div>\n<\/div><\/section>\n\n\n\n<p><\/p>\n","protected":false},"excerpt":{"rendered":"","protected":false},"author":1,"featured_media":0,"parent":0,"menu_order":0,"comment_status":"closed","ping_status":"closed","template":"page-templates\/homepage.php","meta":{"_editorskit_title_hidden":false,"_editorskit_reading_time":1,"_editorskit_is_block_options_detached":false,"_editorskit_block_options_position":"{}","_uag_custom_page_level_css":"","_monsterinsights_skip_tracking":false,"_monsterinsights_sitenote_active":false,"_monsterinsights_sitenote_note":"","_monsterinsights_sitenote_category":0,"footnotes":""},"class_list":["post-934","page","type-page","status-publish","hentry"],"aioseo_notices":[],"uagb_featured_image_src":{"full":false,"thumbnail":false,"medium":false,"medium_large":false,"large":false,"1536x1536":false,"2048x2048":false,"post-thumbnail":false,"mesmerize-full-hd":false,"woocommerce_thumbnail":false,"woocommerce_single":false,"woocommerce_gallery_thumbnail":false},"uagb_author_info":{"display_name":"valentin.berlemont","author_link":"https:\/\/artistorie.fr\/?author=1"},"uagb_comment_info":0,"uagb_excerpt":null,"jetpack_sharing_enabled":true,"_links":{"self":[{"href":"https:\/\/artistorie.fr\/index.php?rest_route=\/wp\/v2\/pages\/934","targetHints":{"allow":["GET"]}}],"collection":[{"href":"https:\/\/artistorie.fr\/index.php?rest_route=\/wp\/v2\/pages"}],"about":[{"href":"https:\/\/artistorie.fr\/index.php?rest_route=\/wp\/v2\/types\/page"}],"author":[{"embeddable":true,"href":"https:\/\/artistorie.fr\/index.php?rest_route=\/wp\/v2\/users\/1"}],"replies":[{"embeddable":true,"href":"https:\/\/artistorie.fr\/index.php?rest_route=%2Fwp%2Fv2%2Fcomments&post=934"}],"version-history":[{"count":171,"href":"https:\/\/artistorie.fr\/index.php?rest_route=\/wp\/v2\/pages\/934\/revisions"}],"predecessor-version":[{"id":3112,"href":"https:\/\/artistorie.fr\/index.php?rest_route=\/wp\/v2\/pages\/934\/revisions\/3112"}],"wp:attachment":[{"href":"https:\/\/artistorie.fr\/index.php?rest_route=%2Fwp%2Fv2%2Fmedia&parent=934"}],"curies":[{"name":"wp","href":"https:\/\/api.w.org\/{rel}","templated":true}]}}