{"id":3,"date":"2021-05-18T19:46:45","date_gmt":"2021-05-18T19:46:45","guid":{"rendered":"http:\/\/artistorie.fr\/?page_id=3"},"modified":"2025-11-06T16:19:21","modified_gmt":"2025-11-06T16:19:21","slug":"privacy-policy","status":"publish","type":"page","link":"https:\/\/artistorie.fr\/?page_id=3","title":{"rendered":"Mentions l\u00e9gales"},"content":{"rendered":"<p class=\"fonts-plugin-block \" style=\"color: #000000\">Merci de lire attentivement l&rsquo;ensemble des modalit\u00e9s d&rsquo;utilisation de ce site avant d&rsquo;en parcourir les pages. En vous connectant au site, vous acceptez sans r\u00e9serves les pr\u00e9sentes modalit\u00e9s.<\/p>\n\n<p class=\"fonts-plugin-block \" style=\"color: #000000\"><strong>Editeur du site :<\/strong><br>Art&rsquo;Istorie &#8211; Valentin Berlemont<br>7 rue Roger Salengro<br>62130 Saint-Pol sur Ternoise<br>France<br>T\u00e9l : 06 89 44 22 08<br>Mail : valentin.berlemont@artistorie.fr<br>Site web : www.artistorie.fr<br>SIREN  899 149 256<\/p>\n\n<p class=\"fonts-plugin-block \" style=\"color: #000000\"><strong>H\u00e9bergeur :<br><\/strong>Hostinger International Ltd<br>61 Lordou Vironos Street<br>6023 Larnaca<br>Cyprus<br>Site web\u00a0: www.hostinger.com<\/p>\n\n\n<h2 class=\"wp-block-heading\"><strong>Conditions g\u00e9n\u00e9rales d&rsquo;utilisation&nbsp;:<\/strong><\/h2>\n\n\n<p class=\"fonts-plugin-block \" style=\"color: #000000\"><strong>Loi applicable<br><\/strong>Les pr\u00e9sentes Conditions d&rsquo;Utilisation sont r\u00e9gies par la loi fran\u00e7aise. L&rsquo;utilisateur, par son acceptation, donne irr\u00e9vocablement comp\u00e9tence exclusive aux juridictions fran\u00e7aises.<br><br><strong>Modification des conditions g\u00e9n\u00e9rales d&rsquo;utilisation<br><\/strong>Art&rsquo;Istorie met en \u0153uvre tous les moyens pour assurer l&rsquo;exactitude des informations fournies sur ce site web. Si toutefois des erreurs ou omissions pouvaient survenir, l&rsquo;internaute doit signaler toute modification du site qu&rsquo;il jugerait utile. L&rsquo;\u00e9diteur n&rsquo;est en aucun cas responsable de l&rsquo;utilisation faite des informations erron\u00e9es, ni de tout pr\u00e9judice direct ou indirect pouvant en d\u00e9couler.<br>Art&rsquo;Istorie peut modifier et actualiser les pr\u00e9sentes conditions d&rsquo;utilisation \u00e0 tout moment et sans pr\u00e9avis afin notamment de les adaptes aux \u00e9volutions du site web.<br>Propri\u00e9t\u00e9 intellectuelle<br>Ce site et son contenu sont prot\u00e9g\u00e9s par le code de la propri\u00e9t\u00e9 intellectuelle, et en particulier du droit d&rsquo;auteur. Les photographies, textes, slogans, dessins, images, s\u00e9quences anim\u00e9es sonores ou non, et toutes les \u0153uvres int\u00e9gr\u00e9es dans le site sont la propri\u00e9t\u00e9 d&rsquo;Art&rsquo;Istorie ou de tiers l&rsquo;ayant autoris\u00e9 \u00e0 les utiliser.<br>Toute reproduction, repr\u00e9sentation, utilisation ou modification, compl\u00e8te ou partie des contenus qui composent le site et par quelque proc\u00e9d\u00e9 que ce soit et sur quelque support que ce soit, est strictement interdite sans l&rsquo;accord \u00e9crit d&rsquo;Art&rsquo;Istorie, et constituerait un d\u00e9lit de contrefa\u00e7on.<br>Liens hypertextes<br>Le site www.artistorie.fr autorise tout site internet ou tout autre support \u00e0 le citer ou \u00e0 mettre en place un lien hypertexte pointant vers son contenu, selon les conditions suivantes\u00a0:la page atteinte est accessible depuis un lien hypertexte ouvrant sur une autre page, et pas imbriqu\u00e9e \u00e0 l&rsquo;int\u00e9rieur d&rsquo;autres pages\u00a0;la source (site internet d&rsquo;Art&rsquo;istorie) doit \u00eatre mentionn\u00e9e\u00a0;l&rsquo;acc\u00e8s aux pages contenant ces liens vers le site www.artistorie.fr doivent \u00eatre gratuits. Cette autorisation ne s&rsquo;applique cependant pas aux sites diffusant des informations \u00e0 caract\u00e8re pol\u00e9mique, pornographique, x\u00e9nophobe, politique ou pouvant, dans une large mesure porter atteinte \u00e0 la sensibilit\u00e9 du plus grand nombre.<br>Art&rsquo;Istorie ne peut en aucun cas \u00eatre tenu pour responsable de la mise \u00e0 disposition de sites qui font l&rsquo;objet d&rsquo;un lien hypertexte \u00e0 partir des sites, et ne peut prend aucune responsabilit\u00e9 sur le contenu, les produits, les services, etc. disponibles sur ces sites ou \u00e0 partir de ces sites.<br><br><strong>Responsabilit\u00e9<br><\/strong>Art&rsquo;Istorie ne peut \u00eatre tenu pour responsable de tout dommage li\u00e9 \u00e0 une interruption, un dysfonctionnement quel qu&rsquo;il soit, d&rsquo;une suspension ou de la cessation du site, et ce pour quelque raison que ce soit ou encore de tout dommage mat\u00e9riel ou immat\u00e9riel qui r\u00e9sulterait d&rsquo;une quelconque fa\u00e7on de la connexion au site. La connexion de l&rsquo;utilisateur au site se fait sous sa responsabilit\u00e9 totale.<br><br><strong>Donn\u00e9es personnelles<br><\/strong>Vous n&rsquo;\u00eates pas tenu de nous communiquer vos donn\u00e9es personnelles lorsque vous visitez notre site www.artistorie.fr. Toutefois, certaines exceptions peuvent s&rsquo;appliquer\u00a0: certains services propos\u00e9s par notre site peuvent vous amener \u00e0 nous communiquer certaines donn\u00e9es telles que\u00a0: votre nom, le nom de votre soci\u00e9t\u00e9, votre adresse postale, votre adresse \u00e9lectronique et votre num\u00e9ro de t\u00e9l\u00e9phone. Tel est le cas si vous cr\u00e9ez un compte ou si vous remplissez le formulaire de newsletter par exemple.<br>Nous pouvons aussi \u00eatre amen\u00e9s \u00e0 collecter des donn\u00e9es vous concernant de mani\u00e8re automatique lors d&rsquo;une simple navigation sur notre site Internet\u00a0: notamment des informations concernant l&rsquo;utilisation du site, les pages auxquelles vous acc\u00e9dez, votre adresse IP ou vos temps d&rsquo;acc\u00e8s. Ces informations sont exclusivement destin\u00e9es \u00e0 des statistiques internes, dans le but d&rsquo;am\u00e9liorer la qualit\u00e9 des services qui vous sont propos\u00e9s.<br>Art&rsquo;Istorie s&rsquo;engage \u00e0 ce que les traitements de donn\u00e9es personnelles mis en \u0153uvre sur le site www.artistorie.fr respectent les obligations l\u00e9gales et r\u00e9glementaires auxquelles ils sont soumis, et, notamment le r\u00e8glement g\u00e9n\u00e9ral sur la protection des donn\u00e9es (RGPD) et la loi Informatique et Libert\u00e9s.<br>Conform\u00e9ment \u00e0 la loi Informatique et Libert\u00e9 du 6 janvier 1978 (article 27), chaque personne dispose d&rsquo;un droit d&rsquo;acc\u00e8s, de consultation, de rectification, de modification et de suppression des donn\u00e9es les concernant.<br><br><strong>Cookies<br><\/strong>Le site www.artistorie.fr peut \u00eatre amen\u00e9 \u00e0 vous demander l&rsquo;acceptation de cookies \u00e0 des fins de statistiques et d&rsquo;affichage. Un cookie est une information plac\u00e9e sur votre appareil par un site Web lorsque vous le visitez. Il contient plusieurs donn\u00e9es stock\u00e9es sur votre ordinateur et pouvant rassembler des informations recueillies \u00e0 votre \u00e9gard.<br>Vous pouvez param\u00e9trer votre appareil pour qu&rsquo;il vous informe \u00e0 chaque fois qu&rsquo;un cookie vous est transmis ou choisir de d\u00e9sactiver tous les cookies dans les param\u00e8tres de votre navigateur.<\/p>\n\n\n<p><\/p>\n\n\n\n<p class=\"has-text-align-right has-small-font-size\">Date de derni\u00e8re mise \u00e0 jour : 06\/11\/2025<\/p>\n","protected":false},"excerpt":{"rendered":"<p>Conditions g\u00e9n\u00e9rales d&rsquo;utilisation&nbsp;: Date de derni\u00e8re mise \u00e0 jour : 06\/11\/2025<\/p>\n","protected":false},"author":1,"featured_media":0,"parent":0,"menu_order":0,"comment_status":"closed","ping_status":"open","template":"","meta":{"_editorskit_title_hidden":false,"_editorskit_reading_time":1,"_editorskit_is_block_options_detached":false,"_editorskit_block_options_position":"{}","_uag_custom_page_level_css":"","_monsterinsights_skip_tracking":false,"_monsterinsights_sitenote_active":false,"_monsterinsights_sitenote_note":"","_monsterinsights_sitenote_category":0,"footnotes":""},"class_list":["post-3","page","type-page","status-publish","hentry"],"aioseo_notices":[],"uagb_featured_image_src":{"full":false,"thumbnail":false,"medium":false,"medium_large":false,"large":false,"1536x1536":false,"2048x2048":false,"post-thumbnail":false,"mesmerize-full-hd":false,"woocommerce_thumbnail":false,"woocommerce_single":false,"woocommerce_gallery_thumbnail":false},"uagb_author_info":{"display_name":"valentin.berlemont","author_link":"https:\/\/artistorie.fr\/?author=1"},"uagb_comment_info":0,"uagb_excerpt":"Conditions g\u00e9n\u00e9rales d&rsquo;utilisation&nbsp;: Date de derni\u00e8re mise \u00e0 jour : 06\/11\/2025","jetpack_sharing_enabled":true,"_links":{"self":[{"href":"https:\/\/artistorie.fr\/index.php?rest_route=\/wp\/v2\/pages\/3","targetHints":{"allow":["GET"]}}],"collection":[{"href":"https:\/\/artistorie.fr\/index.php?rest_route=\/wp\/v2\/pages"}],"about":[{"href":"https:\/\/artistorie.fr\/index.php?rest_route=\/wp\/v2\/types\/page"}],"author":[{"embeddable":true,"href":"https:\/\/artistorie.fr\/index.php?rest_route=\/wp\/v2\/users\/1"}],"replies":[{"embeddable":true,"href":"https:\/\/artistorie.fr\/index.php?rest_route=%2Fwp%2Fv2%2Fcomments&post=3"}],"version-history":[{"count":9,"href":"https:\/\/artistorie.fr\/index.php?rest_route=\/wp\/v2\/pages\/3\/revisions"}],"predecessor-version":[{"id":3036,"href":"https:\/\/artistorie.fr\/index.php?rest_route=\/wp\/v2\/pages\/3\/revisions\/3036"}],"wp:attachment":[{"href":"https:\/\/artistorie.fr\/index.php?rest_route=%2Fwp%2Fv2%2Fmedia&parent=3"}],"curies":[{"name":"wp","href":"https:\/\/api.w.org\/{rel}","templated":true}]}}