{"id":2955,"date":"2025-05-07T14:25:22","date_gmt":"2025-05-07T14:25:22","guid":{"rendered":"https:\/\/artistorie.fr\/?page_id=2955"},"modified":"2026-01-08T15:30:48","modified_gmt":"2026-01-08T15:30:48","slug":"conte-guigemar","status":"publish","type":"page","link":"https:\/\/artistorie.fr\/?page_id=2955","title":{"rendered":"Conte &lsquo;Guigemar\u00a0\u00bb"},"content":{"rendered":"\n<div class=\"wp-block-media-text alignwide is-stacked-on-mobile\" style=\"grid-template-columns:41% auto\"><figure class=\"wp-block-media-text__media\"><img loading=\"lazy\" decoding=\"async\" width=\"1024\" height=\"1024\" src=\"https:\/\/artistorie.fr\/wp-content\/uploads\/2025\/05\/Conte-2-1024x1024.png\" alt=\"\" class=\"wp-image-2963 size-full\" srcset=\"https:\/\/artistorie.fr\/wp-content\/uploads\/2025\/05\/Conte-2-1024x1024.png 1024w, https:\/\/artistorie.fr\/wp-content\/uploads\/2025\/05\/Conte-2-300x300.png 300w, https:\/\/artistorie.fr\/wp-content\/uploads\/2025\/05\/Conte-2-150x150.png 150w, https:\/\/artistorie.fr\/wp-content\/uploads\/2025\/05\/Conte-2-768x768.png 768w, https:\/\/artistorie.fr\/wp-content\/uploads\/2025\/05\/Conte-2-600x600.png 600w, https:\/\/artistorie.fr\/wp-content\/uploads\/2025\/05\/Conte-2-100x100.png 100w, https:\/\/artistorie.fr\/wp-content\/uploads\/2025\/05\/Conte-2.png 1080w\" sizes=\"auto, (max-width: 1024px) 100vw, 1024px\" \/><\/figure><div class=\"wp-block-media-text__content\">\n<h4 style=\"text-align: justify;\"><span style=\"color: #2a2a57;\">Lors d&rsquo;une partie de chasse, Guigemar est gravement bless\u00e9 et embarque dans un myst\u00e9rieux bateau sans \u00e9quipage. Ce voyage magique le conduit vers l&rsquo;amour et des \u00e9preuves impr\u00e9vues.<\/span><\/h4>\n<h4 style=\"text-align: justify;\"><span style=\"color: #2a2a57;\">Apr\u00e8s le conte, les enfants r\u00e9aliseront une impression v\u00e9g\u00e9tale repr\u00e9sentant le navire magique de Guigemar.<\/span><\/h4>\n<h4><span style=\"color: #2a2a57;\">Po\u00e8me courtois \u00e9crit par Marie de France au 12e si\u00e8cle.<\/span><\/h4>\n\n\n\n<div class=\"wp-block-uagb-icon-list uagb-block-cea6b733\"><div class=\"uagb-icon-list__wrap\">\n<div class=\"wp-block-uagb-icon-list-child uagb-block-2b091e21\"><span class=\"uagb-icon-list__source-wrap\"><svg xmlns=\"https:\/\/www.w3.org\/2000\/svg\" viewBox=\"0 0 512 512\"><path d=\"M256 0C114.6 0 0 114.6 0 256c0 141.4 114.6 256 256 256s256-114.6 256-256C512 114.6 397.4 0 256 0zM406.6 278.6l-103.1 103.1c-12.5 12.5-32.75 12.5-45.25 0s-12.5-32.75 0-45.25L306.8 288H128C110.3 288 96 273.7 96 256s14.31-32 32-32h178.8l-49.38-49.38c-12.5-12.5-12.5-32.75 0-45.25s32.75-12.5 45.25 0l103.1 103.1C414.6 241.3 416 251.1 416 256C416 260.9 414.6 270.7 406.6 278.6z\"><\/path><\/svg><\/span><span class=\"uagb-icon-list__label\"><strong>1h<\/strong><\/span><\/div>\n\n\n\n<div class=\"wp-block-uagb-icon-list-child uagb-block-03366004\"><span class=\"uagb-icon-list__source-wrap\"><svg xmlns=\"https:\/\/www.w3.org\/2000\/svg\" viewBox=\"0 0 512 512\"><path d=\"M256 0C114.6 0 0 114.6 0 256c0 141.4 114.6 256 256 256s256-114.6 256-256C512 114.6 397.4 0 256 0zM406.6 278.6l-103.1 103.1c-12.5 12.5-32.75 12.5-45.25 0s-12.5-32.75 0-45.25L306.8 288H128C110.3 288 96 273.7 96 256s14.31-32 32-32h178.8l-49.38-49.38c-12.5-12.5-12.5-32.75 0-45.25s32.75-12.5 45.25 0l103.1 103.1C414.6 241.3 416 251.1 416 256C416 260.9 414.6 270.7 406.6 278.6z\"><\/path><\/svg><\/span><span class=\"uagb-icon-list__label\"><strong>\u00e0 partir de 3 ans<\/strong><\/span><\/div>\n\n\n\n<div class=\"wp-block-uagb-icon-list-child uagb-block-c692df65\"><span class=\"uagb-icon-list__source-wrap\"><svg xmlns=\"https:\/\/www.w3.org\/2000\/svg\" viewBox=\"0 0 512 512\"><path d=\"M256 0C114.6 0 0 114.6 0 256c0 141.4 114.6 256 256 256s256-114.6 256-256C512 114.6 397.4 0 256 0zM406.6 278.6l-103.1 103.1c-12.5 12.5-32.75 12.5-45.25 0s-12.5-32.75 0-45.25L306.8 288H128C110.3 288 96 273.7 96 256s14.31-32 32-32h178.8l-49.38-49.38c-12.5-12.5-12.5-32.75 0-45.25s32.75-12.5 45.25 0l103.1 103.1C414.6 241.3 416 251.1 416 256C416 260.9 414.6 270.7 406.6 278.6z\"><\/path><\/svg><\/span><span class=\"uagb-icon-list__label\"><strong>Sensibiliser \u00e0 la nature et \u00e0 la diversit\u00e9 des formes et couleurs v\u00e9g\u00e9tales<\/strong><\/span><\/div>\n\n\n\n<div class=\"wp-block-uagb-icon-list-child uagb-block-91249616\"><span class=\"uagb-icon-list__source-wrap\"><svg xmlns=\"https:\/\/www.w3.org\/2000\/svg\" viewBox=\"0 0 512 512\"><path d=\"M256 0C114.6 0 0 114.6 0 256c0 141.4 114.6 256 256 256s256-114.6 256-256C512 114.6 397.4 0 256 0zM406.6 278.6l-103.1 103.1c-12.5 12.5-32.75 12.5-45.25 0s-12.5-32.75 0-45.25L306.8 288H128C110.3 288 96 273.7 96 256s14.31-32 32-32h178.8l-49.38-49.38c-12.5-12.5-12.5-32.75 0-45.25s32.75-12.5 45.25 0l103.1 103.1C414.6 241.3 416 251.1 416 256C416 260.9 414.6 270.7 406.6 278.6z\"><\/path><\/svg><\/span><span class=\"uagb-icon-list__label\"><strong>relier une activit\u00e9 artistique au r\u00e9cit m\u00e9di\u00e9val de Guigemar (th\u00e8mes de la nature, du voyage, de l&rsquo;attente et du merveilleux)<\/strong><\/span><\/div>\n\n\n\n<div class=\"wp-block-uagb-icon-list-child uagb-block-058e912e\"><span class=\"uagb-icon-list__source-wrap\"><svg xmlns=\"https:\/\/www.w3.org\/2000\/svg\" viewBox=\"0 0 512 512\"><path d=\"M256 0C114.6 0 0 114.6 0 256c0 141.4 114.6 256 256 256s256-114.6 256-256C512 114.6 397.4 0 256 0zM406.6 278.6l-103.1 103.1c-12.5 12.5-32.75 12.5-45.25 0s-12.5-32.75 0-45.25L306.8 288H128C110.3 288 96 273.7 96 256s14.31-32 32-32h178.8l-49.38-49.38c-12.5-12.5-12.5-32.75 0-45.25s32.75-12.5 45.25 0l103.1 103.1C414.6 241.3 416 251.1 416 256C416 260.9 414.6 270.7 406.6 278.6z\"><\/path><\/svg><\/span><span class=\"uagb-icon-list__label\"><strong>D\u00e9couvrir le po\u00e8me courtois m\u00e9di\u00e9val.<\/strong><\/span><\/div>\n<\/div><\/div>\n\n\n\n<div style=\"height:40px\" aria-hidden=\"true\" class=\"wp-block-spacer\"><\/div>\n\n\n\n<div class=\"wp-block-buttons is-content-justification-center is-layout-flex wp-container-core-buttons-is-layout-16018d1d wp-block-buttons-is-layout-flex\">\n<div class=\"wp-block-button\"><a class=\"wp-block-button__link wp-element-button\" href=\"https:\/\/artistorie.fr\/?page_id=261\">Retour<\/a><\/div>\n<\/div>\n\n\n\n<p><\/p>\n<\/div><\/div>\n","protected":false},"excerpt":{"rendered":"","protected":false},"author":1,"featured_media":0,"parent":0,"menu_order":0,"comment_status":"closed","ping_status":"closed","template":"","meta":{"_editorskit_title_hidden":false,"_editorskit_reading_time":0,"_editorskit_is_block_options_detached":false,"_editorskit_block_options_position":"{}","_uag_custom_page_level_css":"","_monsterinsights_skip_tracking":false,"_monsterinsights_sitenote_active":false,"_monsterinsights_sitenote_note":"","_monsterinsights_sitenote_category":0,"footnotes":""},"class_list":["post-2955","page","type-page","status-publish","hentry"],"aioseo_notices":[],"uagb_featured_image_src":{"full":false,"thumbnail":false,"medium":false,"medium_large":false,"large":false,"1536x1536":false,"2048x2048":false,"post-thumbnail":false,"mesmerize-full-hd":false,"woocommerce_thumbnail":false,"woocommerce_single":false,"woocommerce_gallery_thumbnail":false},"uagb_author_info":{"display_name":"valentin.berlemont","author_link":"https:\/\/artistorie.fr\/?author=1"},"uagb_comment_info":0,"uagb_excerpt":null,"jetpack_sharing_enabled":true,"_links":{"self":[{"href":"https:\/\/artistorie.fr\/index.php?rest_route=\/wp\/v2\/pages\/2955","targetHints":{"allow":["GET"]}}],"collection":[{"href":"https:\/\/artistorie.fr\/index.php?rest_route=\/wp\/v2\/pages"}],"about":[{"href":"https:\/\/artistorie.fr\/index.php?rest_route=\/wp\/v2\/types\/page"}],"author":[{"embeddable":true,"href":"https:\/\/artistorie.fr\/index.php?rest_route=\/wp\/v2\/users\/1"}],"replies":[{"embeddable":true,"href":"https:\/\/artistorie.fr\/index.php?rest_route=%2Fwp%2Fv2%2Fcomments&post=2955"}],"version-history":[{"count":5,"href":"https:\/\/artistorie.fr\/index.php?rest_route=\/wp\/v2\/pages\/2955\/revisions"}],"predecessor-version":[{"id":2989,"href":"https:\/\/artistorie.fr\/index.php?rest_route=\/wp\/v2\/pages\/2955\/revisions\/2989"}],"wp:attachment":[{"href":"https:\/\/artistorie.fr\/index.php?rest_route=%2Fwp%2Fv2%2Fmedia&parent=2955"}],"curies":[{"name":"wp","href":"https:\/\/api.w.org\/{rel}","templated":true}]}}