{"id":261,"date":"2021-05-31T15:04:03","date_gmt":"2021-05-31T15:04:03","guid":{"rendered":"https:\/\/artistorie.fr\/?page_id=261"},"modified":"2026-01-08T15:22:17","modified_gmt":"2026-01-08T15:22:17","slug":"mediation-culturelle","status":"publish","type":"page","link":"https:\/\/artistorie.fr\/?page_id=261","title":{"rendered":"Loisirs"},"content":{"rendered":"\n<div class=\"wp-block-group alignfull has-white-background-color has-text-color has-background\" style=\"color:#2a2a57\"><div class=\"wp-block-group__inner-container is-layout-flow wp-block-group-is-layout-flow\">\n<div class=\"wp-block-columns alignwide is-layout-flex wp-container-core-columns-is-layout-9d6595d7 wp-block-columns-is-layout-flex\">\n<div class=\"wp-block-column is-layout-flow wp-block-column-is-layout-flow\" style=\"flex-basis:33.38%\">\n<h4 style=\"text-align: justify;\"><span style=\"color: #2a2a57;\">Que ce soit pour les enfants ou les plus grands, Art&rsquo;Istorie intervient pour <strong>donner vie \u00e0 l&rsquo;Histoire<\/strong>.<\/span><\/h4>\n<p>&nbsp;<\/p>\n<h4 style=\"text-align: justify;\"><span style=\"color: #2a2a57;\">Persuad\u00e9s que <strong>l&rsquo;apprentissage passe aussi par les sens et la pratique<\/strong>, chacune de nos interventions est rythm\u00e9e par un \u00e9change, la d\u00e9monstration d&rsquo;objets historiques et des activit\u00e9s immersives et innovantes.<\/span><\/h4>\n<h4 style=\"text-align: justify;\"><span style=\"color: #2a2a57;\"><strong>La vie quotidienne de nos anc\u00eatres n&rsquo;aura plus de secret pour vous !<\/strong><\/span><\/h4>\n<\/div>\n\n\n\n<div class=\"wp-block-column is-layout-flow wp-block-column-is-layout-flow\" style=\"flex-basis:33%\">\n<div style=\"height:51px\" aria-hidden=\"true\" class=\"wp-block-spacer\"><\/div>\n\n\n\n<figure class=\"wp-block-image size-full is-style-default\"><img loading=\"lazy\" decoding=\"async\" width=\"480\" height=\"640\" src=\"http:\/\/artistorie.fr\/wp-content\/uploads\/2023\/11\/image5-rotated.jpeg\" alt=\"\" class=\"wp-image-2593\" srcset=\"https:\/\/artistorie.fr\/wp-content\/uploads\/2023\/11\/image5-rotated.jpeg 480w, https:\/\/artistorie.fr\/wp-content\/uploads\/2023\/11\/image5-225x300.jpeg 225w\" sizes=\"auto, (max-width: 480px) 100vw, 480px\" \/><\/figure>\n<\/div>\n\n\n\n<div class=\"wp-block-column is-layout-flow wp-block-column-is-layout-flow\" style=\"flex-basis:33.62%\">\n<div style=\"height:94px\" aria-hidden=\"true\" class=\"wp-block-spacer\"><\/div>\n\n\n\n<figure class=\"wp-block-image size-full is-style-default\"><img loading=\"lazy\" decoding=\"async\" width=\"480\" height=\"640\" src=\"http:\/\/artistorie.fr\/wp-content\/uploads\/2023\/11\/image3-rotated.jpeg\" alt=\"\" class=\"wp-image-2594\" srcset=\"https:\/\/artistorie.fr\/wp-content\/uploads\/2023\/11\/image3-rotated.jpeg 480w, https:\/\/artistorie.fr\/wp-content\/uploads\/2023\/11\/image3-225x300.jpeg 225w\" sizes=\"auto, (max-width: 480px) 100vw, 480px\" \/><\/figure>\n<\/div>\n<\/div>\n\n\n\n<div class=\"wp-block-columns is-layout-flex wp-container-core-columns-is-layout-9d6595d7 wp-block-columns-is-layout-flex\">\n<div class=\"wp-block-column is-layout-flow wp-block-column-is-layout-flow\" style=\"flex-basis:66.66%\">\n<div class=\"wp-block-uagb-image uagb-block-2a3a4b30 wp-block-uagb-image--layout-default wp-block-uagb-image--effect-static wp-block-uagb-image--align-none\"><figure class=\"wp-block-uagb-image__figure\"><img decoding=\"async\" srcset=\"https:\/\/artistorie.fr\/wp-content\/uploads\/2023\/11\/DSC3115-1024x683.jpg ,https:\/\/artistorie.fr\/wp-content\/uploads\/2023\/11\/DSC3115-scaled.jpg 780w, https:\/\/artistorie.fr\/wp-content\/uploads\/2023\/11\/DSC3115-scaled.jpg 360w\" sizes=\"auto, (max-width: 480px) 150px\" src=\"https:\/\/artistorie.fr\/wp-content\/uploads\/2023\/11\/DSC3115-1024x683.jpg\" alt=\"\" class=\"uag-image-2590\" width=\"1024\" height=\"768\" title=\"\" loading=\"lazy\" role=\"img\"\/><\/figure><\/div>\n<\/div>\n\n\n\n<div class=\"wp-block-column is-layout-flow wp-block-column-is-layout-flow\" style=\"flex-basis:33.33%\">\n<h4>&nbsp;<\/h4>\n<h4>&nbsp;<\/h4>\n<h4 style=\"text-align: justify;\">Aux c\u00f4t\u00e9s de Raoul Raoul, un bourgeois du 15e si\u00e8cle, vous pourrez d\u00e9couvrir&nbsp;<strong>le quotidien de nos anc\u00eatres<\/strong>, leur mode de vie, les gestes et techniques artisanales d&rsquo;autrefois.<\/h4>\n<p>&nbsp;<\/p>\n<h4 style=\"text-align: justify;\">Au-del\u00e0 d&rsquo;une simple activit\u00e9, c&rsquo;est&nbsp;<strong>tout un environnement qui s&rsquo;ouvre \u00e0 vous<\/strong>. Tous nos ateliers sont mis en sc\u00e8ne et illustr\u00e9s au maximum par des&nbsp;<strong>objets reconstitu\u00e9s<\/strong> qui nous plongent v\u00e9ritablement au Moyen-\u00c2ge.<\/h4>\n<\/div>\n<\/div>\n<\/div><\/div>\n\n\n\n<div style=\"height:69px\" aria-hidden=\"true\" class=\"wp-block-spacer\"><\/div>\n\n\n<p class=\"fonts-plugin-block \" style=\"font-family: Open Sans;font-size: 30px;line-height: 2.1;text-align: left;color: #2a2a57\"><strong>Les ateliers p\u00e9dagogiques :<\/strong><\/p>\n\n\n<section class=\"wp-block-uagb-columns uagb-columns__wrap uagb-columns__background-none uagb-columns__stack-mobile uagb-columns__valign- uagb-columns__gap-10 align uagb-block-c873d763 uagb-columns__columns-4 uagb-columns__max_width-theme\"><div class=\"uagb-columns__overlay\"><\/div><div class=\"uagb-columns__inner-wrap uagb-columns__columns-4\">\n<div class=\"wp-block-uagb-column uagb-column__wrap uagb-column__background-undefined uagb-block-75061f71\"><div class=\"uagb-column__overlay\"><\/div>\n<figure class=\"wp-block-image size-large is-style-default\"><a href=\"https:\/\/artistorie.fr\/?page_id=2948\"><img loading=\"lazy\" decoding=\"async\" width=\"1024\" height=\"1024\" src=\"http:\/\/artistorie.fr\/wp-content\/uploads\/2025\/05\/Conte-1024x1024.png\" alt=\"\" class=\"wp-image-2945\" srcset=\"https:\/\/artistorie.fr\/wp-content\/uploads\/2025\/05\/Conte-1024x1024.png 1024w, https:\/\/artistorie.fr\/wp-content\/uploads\/2025\/05\/Conte-300x300.png 300w, https:\/\/artistorie.fr\/wp-content\/uploads\/2025\/05\/Conte-150x150.png 150w, https:\/\/artistorie.fr\/wp-content\/uploads\/2025\/05\/Conte-768x768.png 768w, https:\/\/artistorie.fr\/wp-content\/uploads\/2025\/05\/Conte-600x600.png 600w, https:\/\/artistorie.fr\/wp-content\/uploads\/2025\/05\/Conte-100x100.png 100w, https:\/\/artistorie.fr\/wp-content\/uploads\/2025\/05\/Conte.png 1080w\" sizes=\"auto, (max-width: 1024px) 100vw, 1024px\" \/><\/a><\/figure>\n\n\n\n<figure class=\"wp-block-image size-large\"><a href=\"https:\/\/artistorie.fr\/?page_id=1967\"><img loading=\"lazy\" decoding=\"async\" width=\"1080\" height=\"1080\" src=\"http:\/\/artistorie.fr\/wp-content\/uploads\/2023\/05\/BOUTON-ARTISTORIE-PRET-FEU-FONDEZpng-1024x1024.\" alt=\"\" class=\"wp-image-1925\" srcset=\"https:\/\/artistorie.fr\/wp-content\/uploads\/2023\/05\/BOUTON-ARTISTORIE-PRET-FEU-FONDEZpng-1024x1024. 1024w, https:\/\/artistorie.fr\/wp-content\/uploads\/2023\/05\/BOUTON-ARTISTORIE-PRET-FEU-FONDEZpng-300x300. 300w, https:\/\/artistorie.fr\/wp-content\/uploads\/2023\/05\/BOUTON-ARTISTORIE-PRET-FEU-FONDEZpng-150x150. 150w, https:\/\/artistorie.fr\/wp-content\/uploads\/2023\/05\/BOUTON-ARTISTORIE-PRET-FEU-FONDEZpng-768x768. 768w, https:\/\/artistorie.fr\/wp-content\/uploads\/2023\/05\/BOUTON-ARTISTORIE-PRET-FEU-FONDEZpng-600x600. 600w, https:\/\/artistorie.fr\/wp-content\/uploads\/2023\/05\/BOUTON-ARTISTORIE-PRET-FEU-FONDEZpng-100x100. 100w, https:\/\/artistorie.fr\/wp-content\/uploads\/2023\/05\/BOUTON-ARTISTORIE-PRET-FEU-FONDEZpng 1080w\" sizes=\"auto, (max-width: 1080px) 100vw, 1080px\" \/><\/a><\/figure>\n<\/div>\n\n\n\n<div class=\"wp-block-uagb-column uagb-column__wrap uagb-column__background-undefined uagb-block-167815c9\"><div class=\"uagb-column__overlay\"><\/div>\n<figure class=\"wp-block-image size-large\"><a href=\"https:\/\/artistorie.fr\/?page_id=2955\"><img loading=\"lazy\" decoding=\"async\" width=\"1024\" height=\"1024\" src=\"http:\/\/artistorie.fr\/wp-content\/uploads\/2025\/05\/Conte-2-1024x1024.png\" alt=\"\" class=\"wp-image-2963\" srcset=\"https:\/\/artistorie.fr\/wp-content\/uploads\/2025\/05\/Conte-2-1024x1024.png 1024w, https:\/\/artistorie.fr\/wp-content\/uploads\/2025\/05\/Conte-2-300x300.png 300w, https:\/\/artistorie.fr\/wp-content\/uploads\/2025\/05\/Conte-2-150x150.png 150w, https:\/\/artistorie.fr\/wp-content\/uploads\/2025\/05\/Conte-2-768x768.png 768w, https:\/\/artistorie.fr\/wp-content\/uploads\/2025\/05\/Conte-2-600x600.png 600w, https:\/\/artistorie.fr\/wp-content\/uploads\/2025\/05\/Conte-2-100x100.png 100w, https:\/\/artistorie.fr\/wp-content\/uploads\/2025\/05\/Conte-2.png 1080w\" sizes=\"auto, (max-width: 1024px) 100vw, 1024px\" \/><\/a><\/figure>\n\n\n\n<figure class=\"wp-block-image size-large\"><a href=\"https:\/\/artistorie.fr\/?page_id=1972\"><img loading=\"lazy\" decoding=\"async\" width=\"1080\" height=\"1080\" src=\"http:\/\/artistorie.fr\/wp-content\/uploads\/2023\/05\/BOUTON-ARTISTORIE-ENQUETE-LARRECHINpng-1024x1024.\" alt=\"\" class=\"wp-image-1926\" srcset=\"https:\/\/artistorie.fr\/wp-content\/uploads\/2023\/05\/BOUTON-ARTISTORIE-ENQUETE-LARRECHINpng-1024x1024. 1024w, https:\/\/artistorie.fr\/wp-content\/uploads\/2023\/05\/BOUTON-ARTISTORIE-ENQUETE-LARRECHINpng-300x300. 300w, https:\/\/artistorie.fr\/wp-content\/uploads\/2023\/05\/BOUTON-ARTISTORIE-ENQUETE-LARRECHINpng-150x150. 150w, https:\/\/artistorie.fr\/wp-content\/uploads\/2023\/05\/BOUTON-ARTISTORIE-ENQUETE-LARRECHINpng-768x768. 768w, https:\/\/artistorie.fr\/wp-content\/uploads\/2023\/05\/BOUTON-ARTISTORIE-ENQUETE-LARRECHINpng-600x600. 600w, https:\/\/artistorie.fr\/wp-content\/uploads\/2023\/05\/BOUTON-ARTISTORIE-ENQUETE-LARRECHINpng-100x100. 100w, https:\/\/artistorie.fr\/wp-content\/uploads\/2023\/05\/BOUTON-ARTISTORIE-ENQUETE-LARRECHINpng 1080w\" sizes=\"auto, (max-width: 1080px) 100vw, 1080px\" \/><\/a><\/figure>\n<\/div>\n\n\n\n<div class=\"wp-block-uagb-column uagb-column__wrap uagb-column__background-undefined uagb-block-fb22c783\"><div class=\"uagb-column__overlay\"><\/div>\n<figure class=\"wp-block-image size-large\"><a href=\"https:\/\/artistorie.fr\/?page_id=1961\"><img loading=\"lazy\" decoding=\"async\" width=\"1080\" height=\"1080\" src=\"http:\/\/artistorie.fr\/wp-content\/uploads\/2023\/05\/BOUTON-ARTISTORIE-APPRENTIS-CORROYEURSpng-1024x1024.\" alt=\"\" class=\"wp-image-1923\" srcset=\"https:\/\/artistorie.fr\/wp-content\/uploads\/2023\/05\/BOUTON-ARTISTORIE-APPRENTIS-CORROYEURSpng-1024x1024. 1024w, https:\/\/artistorie.fr\/wp-content\/uploads\/2023\/05\/BOUTON-ARTISTORIE-APPRENTIS-CORROYEURSpng-300x300. 300w, https:\/\/artistorie.fr\/wp-content\/uploads\/2023\/05\/BOUTON-ARTISTORIE-APPRENTIS-CORROYEURSpng-150x150. 150w, https:\/\/artistorie.fr\/wp-content\/uploads\/2023\/05\/BOUTON-ARTISTORIE-APPRENTIS-CORROYEURSpng-768x768. 768w, https:\/\/artistorie.fr\/wp-content\/uploads\/2023\/05\/BOUTON-ARTISTORIE-APPRENTIS-CORROYEURSpng-600x600. 600w, https:\/\/artistorie.fr\/wp-content\/uploads\/2023\/05\/BOUTON-ARTISTORIE-APPRENTIS-CORROYEURSpng-100x100. 100w, https:\/\/artistorie.fr\/wp-content\/uploads\/2023\/05\/BOUTON-ARTISTORIE-APPRENTIS-CORROYEURSpng 1080w\" sizes=\"auto, (max-width: 1080px) 100vw, 1080px\" \/><\/a><\/figure>\n\n\n\n<figure class=\"wp-block-image size-large\"><a href=\"https:\/\/artistorie.fr\/?page_id=1974\"><img loading=\"lazy\" decoding=\"async\" width=\"1080\" height=\"1080\" src=\"http:\/\/artistorie.fr\/wp-content\/uploads\/2023\/05\/BOUTON-ARTISTORIE-EN-GARDEpng-1024x1024.\" alt=\"\" class=\"wp-image-1927\" srcset=\"https:\/\/artistorie.fr\/wp-content\/uploads\/2023\/05\/BOUTON-ARTISTORIE-EN-GARDEpng-1024x1024. 1024w, https:\/\/artistorie.fr\/wp-content\/uploads\/2023\/05\/BOUTON-ARTISTORIE-EN-GARDEpng-300x300. 300w, https:\/\/artistorie.fr\/wp-content\/uploads\/2023\/05\/BOUTON-ARTISTORIE-EN-GARDEpng-150x150. 150w, https:\/\/artistorie.fr\/wp-content\/uploads\/2023\/05\/BOUTON-ARTISTORIE-EN-GARDEpng-768x768. 768w, https:\/\/artistorie.fr\/wp-content\/uploads\/2023\/05\/BOUTON-ARTISTORIE-EN-GARDEpng-600x600. 600w, https:\/\/artistorie.fr\/wp-content\/uploads\/2023\/05\/BOUTON-ARTISTORIE-EN-GARDEpng-100x100. 100w, https:\/\/artistorie.fr\/wp-content\/uploads\/2023\/05\/BOUTON-ARTISTORIE-EN-GARDEpng 1080w\" sizes=\"auto, (max-width: 1080px) 100vw, 1080px\" \/><\/a><\/figure>\n<\/div>\n\n\n\n<div class=\"wp-block-uagb-column uagb-column__wrap uagb-column__background-undefined uagb-block-92ca7a1f\"><div class=\"uagb-column__overlay\"><\/div>\n<figure class=\"wp-block-image size-large\"><a href=\"https:\/\/artistorie.fr\/?page_id=1963\"><img loading=\"lazy\" decoding=\"async\" width=\"1080\" height=\"1080\" src=\"http:\/\/artistorie.fr\/wp-content\/uploads\/2023\/05\/BOUTON-ARTISTORIE-DROLES-DE-BETESpng-1024x1024.\" alt=\"atelier m\u00e9di\u00e9val dr\u00f4le de b\u00eates enluminure licorne artistorie art'istorie\" class=\"wp-image-1924\" srcset=\"https:\/\/artistorie.fr\/wp-content\/uploads\/2023\/05\/BOUTON-ARTISTORIE-DROLES-DE-BETESpng-1024x1024. 1024w, https:\/\/artistorie.fr\/wp-content\/uploads\/2023\/05\/BOUTON-ARTISTORIE-DROLES-DE-BETESpng-300x300. 300w, https:\/\/artistorie.fr\/wp-content\/uploads\/2023\/05\/BOUTON-ARTISTORIE-DROLES-DE-BETESpng-150x150. 150w, https:\/\/artistorie.fr\/wp-content\/uploads\/2023\/05\/BOUTON-ARTISTORIE-DROLES-DE-BETESpng-768x768. 768w, https:\/\/artistorie.fr\/wp-content\/uploads\/2023\/05\/BOUTON-ARTISTORIE-DROLES-DE-BETESpng-600x600. 600w, https:\/\/artistorie.fr\/wp-content\/uploads\/2023\/05\/BOUTON-ARTISTORIE-DROLES-DE-BETESpng-100x100. 100w, https:\/\/artistorie.fr\/wp-content\/uploads\/2023\/05\/BOUTON-ARTISTORIE-DROLES-DE-BETESpng 1080w\" sizes=\"auto, (max-width: 1080px) 100vw, 1080px\" \/><\/a><\/figure>\n\n\n\n<figure class=\"wp-block-image size-large\"><a href=\"https:\/\/artistorie.fr\/?page_id=1976\"><img loading=\"lazy\" decoding=\"async\" width=\"1024\" height=\"1024\" src=\"https:\/\/artistorie.fr\/wp-content\/uploads\/2023\/05\/BOUTON-ARTISTORIE-A-VOUS-DE-JOUER-1024x1024.png\" alt=\"\" class=\"wp-image-1928\" srcset=\"https:\/\/artistorie.fr\/wp-content\/uploads\/2023\/05\/BOUTON-ARTISTORIE-A-VOUS-DE-JOUER-1024x1024.png 1024w, https:\/\/artistorie.fr\/wp-content\/uploads\/2023\/05\/BOUTON-ARTISTORIE-A-VOUS-DE-JOUER-300x300.png 300w, https:\/\/artistorie.fr\/wp-content\/uploads\/2023\/05\/BOUTON-ARTISTORIE-A-VOUS-DE-JOUER-150x150.png 150w, https:\/\/artistorie.fr\/wp-content\/uploads\/2023\/05\/BOUTON-ARTISTORIE-A-VOUS-DE-JOUER-768x768.png 768w, https:\/\/artistorie.fr\/wp-content\/uploads\/2023\/05\/BOUTON-ARTISTORIE-A-VOUS-DE-JOUER-600x600.png 600w, https:\/\/artistorie.fr\/wp-content\/uploads\/2023\/05\/BOUTON-ARTISTORIE-A-VOUS-DE-JOUER-100x100.png 100w, https:\/\/artistorie.fr\/wp-content\/uploads\/2023\/05\/BOUTON-ARTISTORIE-A-VOUS-DE-JOUER.png 1080w\" sizes=\"auto, (max-width: 1024px) 100vw, 1024px\" \/><\/a><\/figure>\n<\/div>\n<\/div><\/section>\n\n\n\n<div style=\"height:69px\" aria-hidden=\"true\" class=\"wp-block-spacer\"><\/div>\n\n\n<p class=\"fonts-plugin-block \" style=\"font-family: Open Sans;font-size: 30px;line-height: 2.1;text-align: left;color: #2a2a57\"><strong>Infos pratiques et tarifs :<\/strong><\/p>\n\n\n<div class=\"wp-block-otfm-box-spoiler-start otfm-sp__wrapper otfm-sp__box js-otfm-sp-box__closed otfm-sp__b7d7e8\" role=\"button\" tabindex=\"0\" aria-expanded=\"false\" data-otfm-spc=\"#b7d7e8\" style=\"text-align:left\"><div class=\"otfm-sp__title\"><strong><mark style=\"background-color:rgba(0, 0, 0, 0)\" class=\"has-inline-color has-black-color\">Infos pratiques<\/mark><\/strong><\/div><\/div>\n\n\n\n<h4><span style=\"color: #2a2a57;\">Pour le bon d\u00e9roulement des interventions, voici quelques infos \u00e0 prendre en compte :<\/span><\/h4>\n<ul>\n<li>\n<h4>r\u00e9servation de l&rsquo;intervention 15 jours \u00e0 l&rsquo;avance minimum ;<\/h4>\n<\/li>\n<li>\n<h4>groupes de -6 ans limit\u00e9s \u00e0 25 enfants \/ atelier <strong>* <\/strong>;<\/h4>\n<\/li>\n<li>\n<h4>groupes de +6ans limit\u00e9s \u00e0 30 enfants \/ atelier <strong>* <\/strong>;<\/h4>\n<\/li>\n<li>\n<h4>les accompagnateurs garantissent l&rsquo;encadrement et la s\u00e9curit\u00e9 du groupe tout au long de l&rsquo;intervention ;<\/h4>\n<\/li>\n<li>\n<h4>le montage d&rsquo;une tente m\u00e9di\u00e9vale est possible pour les interventions \u00e0 la journ\u00e9e compl\u00e8te et en fonction des conditions climatiques.<\/h4>\n<\/li>\n<\/ul>\n<h6>* en cas de non respect des jauges fix\u00e9es, un suppl\u00e9ment de 7,5 \u20ac sera appliqu\u00e9 par participant suppl\u00e9mentaire.<\/h6>\n\n\n\n<div class=\"wp-block-otfm-box-spoiler-end otfm-sp_end\"><\/div>\n\n\n\n<div class=\"wp-block-otfm-box-spoiler-start otfm-sp__wrapper otfm-sp__box js-otfm-sp-box__closed otfm-sp__b7d7e8\" role=\"button\" tabindex=\"0\" aria-expanded=\"false\" data-otfm-spc=\"#b7d7e8\" style=\"text-align:left\"><div class=\"otfm-sp__title\"><strong><mark style=\"background-color:rgba(0, 0, 0, 0)\" class=\"has-inline-color has-black-color\">Tarifs<\/mark><\/strong><\/div><\/div>\n\n\n\n<figure class=\"wp-block-table caption-align-default\"><table><thead><tr><th>Atelier<\/th><th>Dur\u00e9e<\/th><th>Tarif<\/th><\/tr><\/thead><tbody><tr><td><mark style=\"background-color:rgba(0, 0, 0, 0);color:#2a2a57\" class=\"has-inline-color\">Conte \u00ab\u00a0Brunain et Bl\u00e9rain\u00a0\u00bb<\/mark><\/td><td><mark style=\"background-color:rgba(0, 0, 0, 0);color:#2a2a57\" class=\"has-inline-color\">1h<\/mark><\/td><td><mark style=\"background-color:rgba(0, 0, 0, 0);color:#2a2a57\" class=\"has-inline-color\">140 \u20ac<\/mark><\/td><\/tr><tr><td><mark style=\"background-color:rgba(0, 0, 0, 0);color:#2a2a57\" class=\"has-inline-color\">Conte \u00ab\u00a0Guigemar\u00a0\u00bb<\/mark><\/td><td><mark style=\"background-color:rgba(0, 0, 0, 0);color:#2a2a57\" class=\"has-inline-color\">1h<\/mark><\/td><td><mark style=\"background-color:rgba(0, 0, 0, 0);color:#2a2a57\" class=\"has-inline-color\">140 \u20ac<\/mark><\/td><\/tr><tr><td><mark style=\"background-color:rgba(0, 0, 0, 0);color:#2a2a57\" class=\"has-inline-color\">Atelier \u00ab\u00a0Apprentis corroyeurs\u00a0\u00bb<\/mark><\/td><td><mark style=\"background-color:rgba(0, 0, 0, 0);color:#2a2a57\" class=\"has-inline-color\">1h30<\/mark><\/td><td><mark style=\"background-color:rgba(0, 0, 0, 0);color:#2a2a57\" class=\"has-inline-color\">180 \u20ac<\/mark><\/td><\/tr><tr><td><mark style=\"background-color:rgba(0, 0, 0, 0);color:#2a2a57\" class=\"has-inline-color\">Atelier \u00ab\u00a0Dr\u00f4les de b\u00eates\u00a0\u00bb<\/mark><\/td><td><mark style=\"background-color:rgba(0, 0, 0, 0);color:#2a2a57\" class=\"has-inline-color\">1h30<\/mark><\/td><td><mark style=\"background-color:rgba(0, 0, 0, 0);color:#2a2a57\" class=\"has-inline-color\">180 \u20ac<\/mark><\/td><\/tr><tr><td><mark style=\"background-color:rgba(0, 0, 0, 0);color:#2a2a57\" class=\"has-inline-color\">Atelier \u00ab\u00a0Pr\u00eats, feu, fondez !\u00a0\u00bb<\/mark><\/td><td><mark style=\"background-color:rgba(0, 0, 0, 0);color:#2a2a57\" class=\"has-inline-color\">1h30<\/mark><\/td><td><mark style=\"background-color:rgba(0, 0, 0, 0);color:#2a2a57\" class=\"has-inline-color\">180 \u20ac<\/mark><\/td><\/tr><tr><td><mark style=\"background-color:rgba(0, 0, 0, 0);color:#2a2a57\" class=\"has-inline-color\">Enqu\u00eate \u00ab\u00a0Larrechin du fermail\u00a0\u00bb<\/mark><\/td><td><mark style=\"background-color:rgba(0, 0, 0, 0);color:#2a2a57\" class=\"has-inline-color\">1h30<\/mark><\/td><td><mark style=\"background-color:rgba(0, 0, 0, 0);color:#2a2a57\" class=\"has-inline-color\">180 \u20ac<\/mark><\/td><\/tr><tr><td><mark style=\"background-color:rgba(0, 0, 0, 0);color:#2a2a57\" class=\"has-inline-color\">Atelier \u00ab\u00a0En garde !\u00a0\u00bb<\/mark><\/td><td><mark style=\"background-color:rgba(0, 0, 0, 0);color:#2a2a57\" class=\"has-inline-color\">1h30<\/mark><\/td><td><mark style=\"background-color:rgba(0, 0, 0, 0);color:#2a2a57\" class=\"has-inline-color\">180 \u20ac<\/mark><\/td><\/tr><tr><td><mark style=\"background-color:rgba(0, 0, 0, 0);color:#2a2a57\" class=\"has-inline-color\">Atelier \u00ab\u00a0A vous de jouer\u00a0\u00bb<\/mark><\/td><td><mark style=\"background-color:rgba(0, 0, 0, 0);color:#2a2a57\" class=\"has-inline-color\">1h30<\/mark><\/td><td><mark style=\"background-color:rgba(0, 0, 0, 0);color:#2a2a57\" class=\"has-inline-color\">180 \u20ac<\/mark><\/td><\/tr><\/tbody><\/table><\/figure>\n\n\n<p class=\"fonts-plugin-block \" style=\"font-size: 10px;text-align: right;color: #2a2a57\">TVA non applicable, art. 293B du CGI.<\/p>\n\n<p class=\"fonts-plugin-block \" style=\"font-size: 10px;text-align: left;color: #2a2a57\"><strong>Des frais suppl\u00e9mentaires peuvent s&rsquo;appliquer pour le d\u00e9placement, repas..<br>R\u00e8glement en ch\u00e8que ou virement bancaire.<br>Un acompte peut vous \u00eatre demand\u00e9 lors de l&rsquo;\u00e9mission du devis.<\/strong><\/p>\n\n\n<div class=\"wp-block-otfm-box-spoiler-end otfm-sp_end\"><\/div>\n\n\n\n<div style=\"height:69px\" aria-hidden=\"true\" class=\"wp-block-spacer\"><\/div>\n\n\n\n<h4 class=\"has-text-color has-extra-small-font-size\" style=\"color: #2a2a57; text-align: center;\"><strong>Vous souhaitez monter un projet \u00e9ducatif sur mesure\u00a0?<\/strong><br \/><br \/>Je me tiens \u00e0 votre disposition pour d\u00e9finir les th\u00e9matiques et les activit\u00e9s adapt\u00e9es \u00e0 vos demandes !<br \/>N&rsquo;h\u00e9sitez pas \u00e0 me contacter pour construire ensemble le projet qui vous convient.<\/h4>\n\n\n\n<div style=\"height:69px\" aria-hidden=\"true\" class=\"wp-block-spacer\"><\/div>\n\n\n<p class=\"fonts-plugin-block \" style=\"font-family: Open Sans;font-size: 20px;line-height: 1.5;text-align: center;color: #2a2a57\"><strong>Alors, envie d&rsquo;un voyage dans le temps\u00a0?<br>Renseignements et r\u00e9servation\u00a0:<br>Valentin Berlemont<br><a href=\"mailto:contact@artistorie.fr\">contact@artistorie.fr<\/a><\/strong><br><strong>06 89 44 22 08<\/strong><\/p>\n\n\n<p><\/p>\n","protected":false},"excerpt":{"rendered":"<p>Que ce soit pour les enfants ou les plus grands, Art&rsquo;Istorie intervient pour donner vie \u00e0 l&rsquo;Histoire. &nbsp; Persuad\u00e9s que l&rsquo;apprentissage passe aussi par les sens et la pratique, chacune de nos interventions est rythm\u00e9e par un \u00e9change, la d\u00e9monstration d&rsquo;objets historiques et des activit\u00e9s immersives et innovantes. La vie quotidienne de nos anc\u00eatres n&rsquo;aura&hellip; <br \/> <a class=\"read-more\" href=\"https:\/\/artistorie.fr\/?page_id=261\">Lire la suite<\/a><\/p>\n","protected":false},"author":1,"featured_media":0,"parent":0,"menu_order":0,"comment_status":"closed","ping_status":"closed","template":"","meta":{"_editorskit_title_hidden":false,"_editorskit_reading_time":1,"_editorskit_is_block_options_detached":false,"_editorskit_block_options_position":"{}","_uag_custom_page_level_css":"","_monsterinsights_skip_tracking":false,"_monsterinsights_sitenote_active":false,"_monsterinsights_sitenote_note":"","_monsterinsights_sitenote_category":0,"footnotes":""},"class_list":["post-261","page","type-page","status-publish","hentry"],"aioseo_notices":[],"uagb_featured_image_src":{"full":false,"thumbnail":false,"medium":false,"medium_large":false,"large":false,"1536x1536":false,"2048x2048":false,"post-thumbnail":false,"mesmerize-full-hd":false,"woocommerce_thumbnail":false,"woocommerce_single":false,"woocommerce_gallery_thumbnail":false},"uagb_author_info":{"display_name":"valentin.berlemont","author_link":"https:\/\/artistorie.fr\/?author=1"},"uagb_comment_info":0,"uagb_excerpt":"Que ce soit pour les enfants ou les plus grands, Art&rsquo;Istorie intervient pour donner vie \u00e0 l&rsquo;Histoire. &nbsp; Persuad\u00e9s que l&rsquo;apprentissage passe aussi par les sens et la pratique, chacune de nos interventions est rythm\u00e9e par un \u00e9change, la d\u00e9monstration d&rsquo;objets historiques et des activit\u00e9s immersives et innovantes. La vie quotidienne de nos anc\u00eatres n&rsquo;aura&hellip;\u2026","jetpack_sharing_enabled":true,"_links":{"self":[{"href":"https:\/\/artistorie.fr\/index.php?rest_route=\/wp\/v2\/pages\/261","targetHints":{"allow":["GET"]}}],"collection":[{"href":"https:\/\/artistorie.fr\/index.php?rest_route=\/wp\/v2\/pages"}],"about":[{"href":"https:\/\/artistorie.fr\/index.php?rest_route=\/wp\/v2\/types\/page"}],"author":[{"embeddable":true,"href":"https:\/\/artistorie.fr\/index.php?rest_route=\/wp\/v2\/users\/1"}],"replies":[{"embeddable":true,"href":"https:\/\/artistorie.fr\/index.php?rest_route=%2Fwp%2Fv2%2Fcomments&post=261"}],"version-history":[{"count":325,"href":"https:\/\/artistorie.fr\/index.php?rest_route=\/wp\/v2\/pages\/261\/revisions"}],"predecessor-version":[{"id":2979,"href":"https:\/\/artistorie.fr\/index.php?rest_route=\/wp\/v2\/pages\/261\/revisions\/2979"}],"wp:attachment":[{"href":"https:\/\/artistorie.fr\/index.php?rest_route=%2Fwp%2Fv2%2Fmedia&parent=261"}],"curies":[{"name":"wp","href":"https:\/\/api.w.org\/{rel}","templated":true}]}}