{"id":2103,"date":"2023-06-14T16:42:02","date_gmt":"2023-06-14T16:42:02","guid":{"rendered":"https:\/\/artistorie.fr\/?page_id=2103"},"modified":"2026-01-08T16:12:32","modified_gmt":"2026-01-08T16:12:32","slug":"atelier-enquete-le-larrechin-du-fermail-2","status":"publish","type":"page","link":"https:\/\/artistorie.fr\/?page_id=2103","title":{"rendered":"Atelier-Enqu\u00eate \u00ab\u00a0Le larrechin du fermail\u00a0\u00bb"},"content":{"rendered":"\n<div class=\"wp-block-media-text alignwide is-stacked-on-mobile\" style=\"grid-template-columns:41% auto\"><figure class=\"wp-block-media-text__media\"><img loading=\"lazy\" decoding=\"async\" width=\"1080\" height=\"1080\" src=\"http:\/\/artistorie.fr\/wp-content\/uploads\/2023\/05\/BOUTON-ARTISTORIE-ENQUETE-LARRECHINpng-1024x1024.\" alt=\"\" class=\"wp-image-1926 size-full\" srcset=\"https:\/\/artistorie.fr\/wp-content\/uploads\/2023\/05\/BOUTON-ARTISTORIE-ENQUETE-LARRECHINpng-1024x1024. 1024w, https:\/\/artistorie.fr\/wp-content\/uploads\/2023\/05\/BOUTON-ARTISTORIE-ENQUETE-LARRECHINpng-300x300. 300w, https:\/\/artistorie.fr\/wp-content\/uploads\/2023\/05\/BOUTON-ARTISTORIE-ENQUETE-LARRECHINpng-150x150. 150w, https:\/\/artistorie.fr\/wp-content\/uploads\/2023\/05\/BOUTON-ARTISTORIE-ENQUETE-LARRECHINpng-768x768. 768w, https:\/\/artistorie.fr\/wp-content\/uploads\/2023\/05\/BOUTON-ARTISTORIE-ENQUETE-LARRECHINpng-600x600. 600w, https:\/\/artistorie.fr\/wp-content\/uploads\/2023\/05\/BOUTON-ARTISTORIE-ENQUETE-LARRECHINpng-100x100. 100w, https:\/\/artistorie.fr\/wp-content\/uploads\/2023\/05\/BOUTON-ARTISTORIE-ENQUETE-LARRECHINpng 1080w\" sizes=\"auto, (max-width: 1080px) 100vw, 1080px\" \/><\/figure><div class=\"wp-block-media-text__content\">\n<h4 style=\"text-align: justify;\"><span style=\"color: #2a2a57;\">Le comte de Saint-Pol s&rsquo;est fait vol\u00e9 une tr\u00e8s pr\u00e9cieuse broche. Malgr\u00e9 une premi\u00e8re enqu\u00eate, l&rsquo;auteur du m\u00e9fait reste toujours introuvable. Raoul Raoul a donc \u00e9t\u00e9 missionn\u00e9 par le comte lui-m\u00eame pour \u00e9lucider cette affaire, avec l&rsquo;aide de toute personne volontaire qui pourrait l&rsquo;aider.<\/span><\/h4>\n<h4><span style=\"color: #2a2a57;\">Saurez-vous retrouver la broche ?<\/span><\/h4>\n<h4><span style=\"color: #2a2a57;\">L&rsquo;occasion d&rsquo;en savoir plus sur la soci\u00e9t\u00e9 m\u00e9di\u00e9vale et le travail de l&rsquo;historien<\/span><\/h4>\n\n\n\n<div class=\"wp-block-uagb-icon-list uagb-block-cf196da5\"><div class=\"uagb-icon-list__wrap\">\n<div class=\"wp-block-uagb-icon-list-child uagb-block-a2c61038\"><span class=\"uagb-icon-list__source-wrap\"><svg xmlns=\"https:\/\/www.w3.org\/2000\/svg\" viewBox=\"0 0 512 512\"><path d=\"M256 0C114.6 0 0 114.6 0 256c0 141.4 114.6 256 256 256s256-114.6 256-256C512 114.6 397.4 0 256 0zM406.6 278.6l-103.1 103.1c-12.5 12.5-32.75 12.5-45.25 0s-12.5-32.75 0-45.25L306.8 288H128C110.3 288 96 273.7 96 256s14.31-32 32-32h178.8l-49.38-49.38c-12.5-12.5-12.5-32.75 0-45.25s32.75-12.5 45.25 0l103.1 103.1C414.6 241.3 416 251.1 416 256C416 260.9 414.6 270.7 406.6 278.6z\"><\/path><\/svg><\/span><span class=\"uagb-icon-list__label\"><strong>1h30<\/strong><\/span><\/div>\n\n\n\n<div class=\"wp-block-uagb-icon-list-child uagb-block-2285579b\"><span class=\"uagb-icon-list__source-wrap\"><svg xmlns=\"https:\/\/www.w3.org\/2000\/svg\" viewBox=\"0 0 512 512\"><path d=\"M256 0C114.6 0 0 114.6 0 256c0 141.4 114.6 256 256 256s256-114.6 256-256C512 114.6 397.4 0 256 0zM406.6 278.6l-103.1 103.1c-12.5 12.5-32.75 12.5-45.25 0s-12.5-32.75 0-45.25L306.8 288H128C110.3 288 96 273.7 96 256s14.31-32 32-32h178.8l-49.38-49.38c-12.5-12.5-12.5-32.75 0-45.25s32.75-12.5 45.25 0l103.1 103.1C414.6 241.3 416 251.1 416 256C416 260.9 414.6 270.7 406.6 278.6z\"><\/path><\/svg><\/span><span class=\"uagb-icon-list__label\"><strong>partir du cycle 3<\/strong><\/span><\/div>\n\n\n\n<div class=\"wp-block-uagb-icon-list-child uagb-block-fef1b093\"><span class=\"uagb-icon-list__source-wrap\"><svg xmlns=\"https:\/\/www.w3.org\/2000\/svg\" viewBox=\"0 0 512 512\"><path d=\"M256 0C114.6 0 0 114.6 0 256c0 141.4 114.6 256 256 256s256-114.6 256-256C512 114.6 397.4 0 256 0zM406.6 278.6l-103.1 103.1c-12.5 12.5-32.75 12.5-45.25 0s-12.5-32.75 0-45.25L306.8 288H128C110.3 288 96 273.7 96 256s14.31-32 32-32h178.8l-49.38-49.38c-12.5-12.5-12.5-32.75 0-45.25s32.75-12.5 45.25 0l103.1 103.1C414.6 241.3 416 251.1 416 256C416 260.9 414.6 270.7 406.6 278.6z\"><\/path><\/svg><\/span><span class=\"uagb-icon-list__label\"><strong>Histoire : Th\u00e8me 2 &#8211; Le temps des rois \/ d\u00e9couvrir des \u00e9l\u00e9ments de la soci\u00e9t\u00e9 f\u00e9odale.<\/strong><\/span><\/div>\n\n\n\n<div class=\"wp-block-uagb-icon-list-child uagb-block-560dfc02\"><span class=\"uagb-icon-list__source-wrap\"><svg xmlns=\"https:\/\/www.w3.org\/2000\/svg\" viewBox=\"0 0 512 512\"><path d=\"M256 0C114.6 0 0 114.6 0 256c0 141.4 114.6 256 256 256s256-114.6 256-256C512 114.6 397.4 0 256 0zM406.6 278.6l-103.1 103.1c-12.5 12.5-32.75 12.5-45.25 0s-12.5-32.75 0-45.25L306.8 288H128C110.3 288 96 273.7 96 256s14.31-32 32-32h178.8l-49.38-49.38c-12.5-12.5-12.5-32.75 0-45.25s32.75-12.5 45.25 0l103.1 103.1C414.6 241.3 416 251.1 416 256C416 260.9 414.6 270.7 406.6 278.6z\"><\/path><\/svg><\/span><span class=\"uagb-icon-list__label\"><strong>Histoire : Raisonner, justifier une d\u00e9marche et les choix effectu\u00e9s.<\/strong><\/span><\/div>\n<\/div><\/div>\n\n\n\n<div style=\"height:40px\" aria-hidden=\"true\" class=\"wp-block-spacer\"><\/div>\n\n\n\n<div class=\"wp-block-buttons is-content-justification-center is-layout-flex wp-container-core-buttons-is-layout-16018d1d wp-block-buttons-is-layout-flex\">\n<div class=\"wp-block-button\"><a class=\"wp-block-button__link wp-element-button\" href=\"https:\/\/artistorie.fr\/?page_id=768\">Retour<\/a><\/div>\n<\/div>\n\n\n\n<p><\/p>\n<\/div><\/div>\n","protected":false},"excerpt":{"rendered":"","protected":false},"author":1,"featured_media":0,"parent":0,"menu_order":0,"comment_status":"closed","ping_status":"closed","template":"","meta":{"_editorskit_title_hidden":false,"_editorskit_reading_time":0,"_editorskit_is_block_options_detached":false,"_editorskit_block_options_position":"{}","_uag_custom_page_level_css":"","_monsterinsights_skip_tracking":false,"_monsterinsights_sitenote_active":false,"_monsterinsights_sitenote_note":"","_monsterinsights_sitenote_category":0,"footnotes":""},"class_list":["post-2103","page","type-page","status-publish","hentry"],"aioseo_notices":[],"uagb_featured_image_src":{"full":false,"thumbnail":false,"medium":false,"medium_large":false,"large":false,"1536x1536":false,"2048x2048":false,"post-thumbnail":false,"mesmerize-full-hd":false,"woocommerce_thumbnail":false,"woocommerce_single":false,"woocommerce_gallery_thumbnail":false},"uagb_author_info":{"display_name":"valentin.berlemont","author_link":"https:\/\/artistorie.fr\/?author=1"},"uagb_comment_info":0,"uagb_excerpt":null,"jetpack_sharing_enabled":true,"_links":{"self":[{"href":"https:\/\/artistorie.fr\/index.php?rest_route=\/wp\/v2\/pages\/2103","targetHints":{"allow":["GET"]}}],"collection":[{"href":"https:\/\/artistorie.fr\/index.php?rest_route=\/wp\/v2\/pages"}],"about":[{"href":"https:\/\/artistorie.fr\/index.php?rest_route=\/wp\/v2\/types\/page"}],"author":[{"embeddable":true,"href":"https:\/\/artistorie.fr\/index.php?rest_route=\/wp\/v2\/users\/1"}],"replies":[{"embeddable":true,"href":"https:\/\/artistorie.fr\/index.php?rest_route=%2Fwp%2Fv2%2Fcomments&post=2103"}],"version-history":[{"count":5,"href":"https:\/\/artistorie.fr\/index.php?rest_route=\/wp\/v2\/pages\/2103\/revisions"}],"predecessor-version":[{"id":2983,"href":"https:\/\/artistorie.fr\/index.php?rest_route=\/wp\/v2\/pages\/2103\/revisions\/2983"}],"wp:attachment":[{"href":"https:\/\/artistorie.fr\/index.php?rest_route=%2Fwp%2Fv2%2Fmedia&parent=2103"}],"curies":[{"name":"wp","href":"https:\/\/api.w.org\/{rel}","templated":true}]}}