{"id":1980,"date":"2023-05-05T16:13:47","date_gmt":"2023-05-05T16:13:47","guid":{"rendered":"https:\/\/artistorie.fr\/?page_id=1980"},"modified":"2026-01-08T15:20:11","modified_gmt":"2026-01-08T15:20:11","slug":"visiter-le-chateau-dolhain","status":"publish","type":"page","link":"https:\/\/artistorie.fr\/?page_id=1980","title":{"rendered":"Visiter le ch\u00e2teau d&rsquo;Olhain"},"content":{"rendered":"\n<h4 style=\"text-align: justify;\"><span style=\"color: #2a2a57;\">Plongez dans le pass\u00e9 et d\u00e9couvrez le <strong>Ch\u00e2teau d&rsquo;Olhain<\/strong> avec Art&rsquo;Istorie !<\/span><\/h4>\n<h4 style=\"text-align: justify;\"><span style=\"color: #2a2a57;\">Conserv\u00e9 en ses plans d&rsquo;origine, le Ch\u00e2teau d&rsquo;Olhain est un <strong>vestige exceptionnel du Moyen-\u00c2ge<\/strong>, l&rsquo;un des mieux conserv\u00e9 du Nord de la France. Compos\u00e9 d&rsquo;une basse-cour et d&rsquo;une haute-cour entour\u00e9es d&rsquo;eau, ce ch\u00e2teau est \u00e0 la fois un<strong> fragment historique<\/strong> hors du temps qui permet une compr\u00e9hension plus compl\u00e8te et plus concr\u00e8te <strong>de l&rsquo;organisation et de la vie quotidienne dans un domaine castral.<\/strong><\/span><\/h4>\n<h4 style=\"text-align: justify;\"><span style=\"color: #2a2a57;\">V\u00e9ritable joyau dans un \u00e9crin de verdure, le Ch\u00e2teau d&rsquo;Ohlain est un lieu <strong>propice \u00e0 la promenade et \u00e0 la contemplation<\/strong>.<\/span><\/h4>\n<p>&nbsp;<\/p>\n<h4 style=\"text-align: justify;\"><span style=\"color: #2a2a57;\">Au cours d&rsquo;une visite, Art&rsquo;Istorie vous propose de <strong>d\u00e9couvrir l&rsquo;Histoire, l&rsquo;architecture et l&rsquo;organisation de la demeure des seigneurs et dames d&rsquo;Olhain<\/strong>.<\/span><\/h4>\n\n\n\n<div style=\"height:69px\" aria-hidden=\"true\" class=\"wp-block-spacer\"><\/div>\n\n\n\n<div class=\"wp-block-jetpack-slideshow aligncenter\" data-effect=\"slide\"><div class=\"wp-block-jetpack-slideshow_container swiper-container\"><ul class=\"wp-block-jetpack-slideshow_swiper-wrapper swiper-wrapper\"><li class=\"wp-block-jetpack-slideshow_slide swiper-slide\"><figure><img loading=\"lazy\" decoding=\"async\" width=\"1024\" height=\"768\" alt=\"\" class=\"wp-block-jetpack-slideshow_image wp-image-1995\" data-id=\"1995\" src=\"https:\/\/artistorie.fr\/wp-content\/uploads\/2023\/05\/OLHAIN1-1024x768.jpg\" srcset=\"https:\/\/artistorie.fr\/wp-content\/uploads\/2023\/05\/OLHAIN1-1024x768.jpg 1024w, https:\/\/artistorie.fr\/wp-content\/uploads\/2023\/05\/OLHAIN1-300x225.jpg 300w, https:\/\/artistorie.fr\/wp-content\/uploads\/2023\/05\/OLHAIN1-768x576.jpg 768w, https:\/\/artistorie.fr\/wp-content\/uploads\/2023\/05\/OLHAIN1-1536x1152.jpg 1536w, https:\/\/artistorie.fr\/wp-content\/uploads\/2023\/05\/OLHAIN1-1440x1080.jpg 1440w, https:\/\/artistorie.fr\/wp-content\/uploads\/2023\/05\/OLHAIN1-600x450.jpg 600w, https:\/\/artistorie.fr\/wp-content\/uploads\/2023\/05\/OLHAIN1.jpg 2048w\" sizes=\"(max-width: 1024px) 100vw, 1024px\" \/><\/figure><\/li><li class=\"wp-block-jetpack-slideshow_slide swiper-slide\"><figure><img loading=\"lazy\" decoding=\"async\" width=\"768\" height=\"1024\" alt=\"\" class=\"wp-block-jetpack-slideshow_image wp-image-1996\" data-id=\"1996\" src=\"https:\/\/artistorie.fr\/wp-content\/uploads\/2023\/05\/OLHAIN2-768x1024.jpg\" srcset=\"https:\/\/artistorie.fr\/wp-content\/uploads\/2023\/05\/OLHAIN2-768x1024.jpg 768w, https:\/\/artistorie.fr\/wp-content\/uploads\/2023\/05\/OLHAIN2-225x300.jpg 225w, https:\/\/artistorie.fr\/wp-content\/uploads\/2023\/05\/OLHAIN2-1152x1536.jpg 1152w, https:\/\/artistorie.fr\/wp-content\/uploads\/2023\/05\/OLHAIN2-1024x1365.jpg 1024w, https:\/\/artistorie.fr\/wp-content\/uploads\/2023\/05\/OLHAIN2-810x1080.jpg 810w, https:\/\/artistorie.fr\/wp-content\/uploads\/2023\/05\/OLHAIN2-600x800.jpg 600w, https:\/\/artistorie.fr\/wp-content\/uploads\/2023\/05\/OLHAIN2.jpg 1536w\" sizes=\"(max-width: 768px) 100vw, 768px\" \/><\/figure><\/li><li class=\"wp-block-jetpack-slideshow_slide swiper-slide\"><figure><img loading=\"lazy\" decoding=\"async\" width=\"1024\" height=\"768\" alt=\"\" class=\"wp-block-jetpack-slideshow_image wp-image-1997\" data-id=\"1997\" src=\"https:\/\/artistorie.fr\/wp-content\/uploads\/2023\/05\/OLHAIN3-1024x768.jpg\" srcset=\"https:\/\/artistorie.fr\/wp-content\/uploads\/2023\/05\/OLHAIN3-1024x768.jpg 1024w, https:\/\/artistorie.fr\/wp-content\/uploads\/2023\/05\/OLHAIN3-300x225.jpg 300w, https:\/\/artistorie.fr\/wp-content\/uploads\/2023\/05\/OLHAIN3-768x576.jpg 768w, https:\/\/artistorie.fr\/wp-content\/uploads\/2023\/05\/OLHAIN3-1536x1152.jpg 1536w, https:\/\/artistorie.fr\/wp-content\/uploads\/2023\/05\/OLHAIN3-1440x1080.jpg 1440w, https:\/\/artistorie.fr\/wp-content\/uploads\/2023\/05\/OLHAIN3-600x450.jpg 600w, https:\/\/artistorie.fr\/wp-content\/uploads\/2023\/05\/OLHAIN3.jpg 2048w\" sizes=\"(max-width: 1024px) 100vw, 1024px\" \/><\/figure><\/li><li class=\"wp-block-jetpack-slideshow_slide swiper-slide\"><figure><img loading=\"lazy\" decoding=\"async\" width=\"578\" height=\"1024\" alt=\"\" class=\"wp-block-jetpack-slideshow_image wp-image-1998\" data-id=\"1998\" src=\"https:\/\/artistorie.fr\/wp-content\/uploads\/2023\/05\/OLHAIN4-578x1024.jpg\" srcset=\"https:\/\/artistorie.fr\/wp-content\/uploads\/2023\/05\/OLHAIN4-578x1024.jpg 578w, https:\/\/artistorie.fr\/wp-content\/uploads\/2023\/05\/OLHAIN4-169x300.jpg 169w, https:\/\/artistorie.fr\/wp-content\/uploads\/2023\/05\/OLHAIN4-768x1360.jpg 768w, https:\/\/artistorie.fr\/wp-content\/uploads\/2023\/05\/OLHAIN4-867x1536.jpg 867w, https:\/\/artistorie.fr\/wp-content\/uploads\/2023\/05\/OLHAIN4-1024x1814.jpg 1024w, https:\/\/artistorie.fr\/wp-content\/uploads\/2023\/05\/OLHAIN4-610x1080.jpg 610w, https:\/\/artistorie.fr\/wp-content\/uploads\/2023\/05\/OLHAIN4-600x1063.jpg 600w, https:\/\/artistorie.fr\/wp-content\/uploads\/2023\/05\/OLHAIN4.jpg 1120w\" sizes=\"(max-width: 578px) 100vw, 578px\" \/><\/figure><\/li><li class=\"wp-block-jetpack-slideshow_slide swiper-slide\"><figure><img loading=\"lazy\" decoding=\"async\" width=\"578\" height=\"1024\" alt=\"\" class=\"wp-block-jetpack-slideshow_image wp-image-1999\" data-id=\"1999\" src=\"https:\/\/artistorie.fr\/wp-content\/uploads\/2023\/05\/OLHAIN5-578x1024.jpg\" srcset=\"https:\/\/artistorie.fr\/wp-content\/uploads\/2023\/05\/OLHAIN5-578x1024.jpg 578w, https:\/\/artistorie.fr\/wp-content\/uploads\/2023\/05\/OLHAIN5-169x300.jpg 169w, https:\/\/artistorie.fr\/wp-content\/uploads\/2023\/05\/OLHAIN5-768x1360.jpg 768w, https:\/\/artistorie.fr\/wp-content\/uploads\/2023\/05\/OLHAIN5-867x1536.jpg 867w, https:\/\/artistorie.fr\/wp-content\/uploads\/2023\/05\/OLHAIN5-1024x1814.jpg 1024w, https:\/\/artistorie.fr\/wp-content\/uploads\/2023\/05\/OLHAIN5-610x1080.jpg 610w, https:\/\/artistorie.fr\/wp-content\/uploads\/2023\/05\/OLHAIN5-600x1063.jpg 600w, https:\/\/artistorie.fr\/wp-content\/uploads\/2023\/05\/OLHAIN5.jpg 1120w\" sizes=\"(max-width: 578px) 100vw, 578px\" \/><\/figure><\/li><li class=\"wp-block-jetpack-slideshow_slide swiper-slide\"><figure><img loading=\"lazy\" decoding=\"async\" width=\"768\" height=\"1024\" alt=\"\" class=\"wp-block-jetpack-slideshow_image wp-image-2000\" data-id=\"2000\" src=\"https:\/\/artistorie.fr\/wp-content\/uploads\/2023\/05\/OLHAIN6-768x1024.jpg\" srcset=\"https:\/\/artistorie.fr\/wp-content\/uploads\/2023\/05\/OLHAIN6-768x1024.jpg 768w, https:\/\/artistorie.fr\/wp-content\/uploads\/2023\/05\/OLHAIN6-225x300.jpg 225w, https:\/\/artistorie.fr\/wp-content\/uploads\/2023\/05\/OLHAIN6-1152x1536.jpg 1152w, https:\/\/artistorie.fr\/wp-content\/uploads\/2023\/05\/OLHAIN6-1024x1365.jpg 1024w, https:\/\/artistorie.fr\/wp-content\/uploads\/2023\/05\/OLHAIN6-810x1080.jpg 810w, https:\/\/artistorie.fr\/wp-content\/uploads\/2023\/05\/OLHAIN6-600x800.jpg 600w, https:\/\/artistorie.fr\/wp-content\/uploads\/2023\/05\/OLHAIN6.jpg 1301w\" sizes=\"(max-width: 768px) 100vw, 768px\" \/><\/figure><\/li><li class=\"wp-block-jetpack-slideshow_slide swiper-slide\"><figure><img loading=\"lazy\" decoding=\"async\" width=\"578\" height=\"1024\" alt=\"\" class=\"wp-block-jetpack-slideshow_image wp-image-2001\" data-id=\"2001\" src=\"https:\/\/artistorie.fr\/wp-content\/uploads\/2023\/05\/OLHAIN7-578x1024.jpg\" srcset=\"https:\/\/artistorie.fr\/wp-content\/uploads\/2023\/05\/OLHAIN7-578x1024.jpg 578w, https:\/\/artistorie.fr\/wp-content\/uploads\/2023\/05\/OLHAIN7-169x300.jpg 169w, https:\/\/artistorie.fr\/wp-content\/uploads\/2023\/05\/OLHAIN7-768x1360.jpg 768w, https:\/\/artistorie.fr\/wp-content\/uploads\/2023\/05\/OLHAIN7-867x1536.jpg 867w, https:\/\/artistorie.fr\/wp-content\/uploads\/2023\/05\/OLHAIN7-1024x1814.jpg 1024w, https:\/\/artistorie.fr\/wp-content\/uploads\/2023\/05\/OLHAIN7-610x1080.jpg 610w, https:\/\/artistorie.fr\/wp-content\/uploads\/2023\/05\/OLHAIN7-600x1063.jpg 600w, https:\/\/artistorie.fr\/wp-content\/uploads\/2023\/05\/OLHAIN7.jpg 1120w\" sizes=\"(max-width: 578px) 100vw, 578px\" \/><\/figure><\/li><li class=\"wp-block-jetpack-slideshow_slide swiper-slide\"><figure><img loading=\"lazy\" decoding=\"async\" width=\"1024\" height=\"578\" alt=\"\" class=\"wp-block-jetpack-slideshow_image wp-image-2002\" data-id=\"2002\" src=\"https:\/\/artistorie.fr\/wp-content\/uploads\/2023\/05\/OLHAIN8-1024x578.jpg\" srcset=\"https:\/\/artistorie.fr\/wp-content\/uploads\/2023\/05\/OLHAIN8-1024x578.jpg 1024w, https:\/\/artistorie.fr\/wp-content\/uploads\/2023\/05\/OLHAIN8-300x169.jpg 300w, https:\/\/artistorie.fr\/wp-content\/uploads\/2023\/05\/OLHAIN8-768x434.jpg 768w, https:\/\/artistorie.fr\/wp-content\/uploads\/2023\/05\/OLHAIN8-1536x867.jpg 1536w, https:\/\/artistorie.fr\/wp-content\/uploads\/2023\/05\/OLHAIN8-1913x1080.jpg 1913w, https:\/\/artistorie.fr\/wp-content\/uploads\/2023\/05\/OLHAIN8-600x339.jpg 600w, https:\/\/artistorie.fr\/wp-content\/uploads\/2023\/05\/OLHAIN8.jpg 1984w\" sizes=\"(max-width: 1024px) 100vw, 1024px\" \/><\/figure><\/li><li class=\"wp-block-jetpack-slideshow_slide swiper-slide\"><figure><img loading=\"lazy\" decoding=\"async\" width=\"578\" height=\"1024\" alt=\"\" class=\"wp-block-jetpack-slideshow_image wp-image-2003\" data-id=\"2003\" src=\"https:\/\/artistorie.fr\/wp-content\/uploads\/2023\/05\/OLHAIN9-578x1024.jpg\" srcset=\"https:\/\/artistorie.fr\/wp-content\/uploads\/2023\/05\/OLHAIN9-578x1024.jpg 578w, https:\/\/artistorie.fr\/wp-content\/uploads\/2023\/05\/OLHAIN9-169x300.jpg 169w, https:\/\/artistorie.fr\/wp-content\/uploads\/2023\/05\/OLHAIN9-768x1360.jpg 768w, https:\/\/artistorie.fr\/wp-content\/uploads\/2023\/05\/OLHAIN9-867x1536.jpg 867w, https:\/\/artistorie.fr\/wp-content\/uploads\/2023\/05\/OLHAIN9-1024x1814.jpg 1024w, https:\/\/artistorie.fr\/wp-content\/uploads\/2023\/05\/OLHAIN9-610x1080.jpg 610w, https:\/\/artistorie.fr\/wp-content\/uploads\/2023\/05\/OLHAIN9-600x1063.jpg 600w, https:\/\/artistorie.fr\/wp-content\/uploads\/2023\/05\/OLHAIN9.jpg 1120w\" sizes=\"(max-width: 578px) 100vw, 578px\" \/><\/figure><\/li><li class=\"wp-block-jetpack-slideshow_slide swiper-slide\"><figure><img loading=\"lazy\" decoding=\"async\" width=\"578\" height=\"1024\" alt=\"\" class=\"wp-block-jetpack-slideshow_image wp-image-2004\" data-id=\"2004\" src=\"https:\/\/artistorie.fr\/wp-content\/uploads\/2023\/05\/OLHAIN10-578x1024.jpg\" srcset=\"https:\/\/artistorie.fr\/wp-content\/uploads\/2023\/05\/OLHAIN10-578x1024.jpg 578w, https:\/\/artistorie.fr\/wp-content\/uploads\/2023\/05\/OLHAIN10-169x300.jpg 169w, https:\/\/artistorie.fr\/wp-content\/uploads\/2023\/05\/OLHAIN10-768x1360.jpg 768w, https:\/\/artistorie.fr\/wp-content\/uploads\/2023\/05\/OLHAIN10-867x1536.jpg 867w, https:\/\/artistorie.fr\/wp-content\/uploads\/2023\/05\/OLHAIN10-1024x1814.jpg 1024w, https:\/\/artistorie.fr\/wp-content\/uploads\/2023\/05\/OLHAIN10-610x1080.jpg 610w, https:\/\/artistorie.fr\/wp-content\/uploads\/2023\/05\/OLHAIN10-600x1063.jpg 600w, https:\/\/artistorie.fr\/wp-content\/uploads\/2023\/05\/OLHAIN10.jpg 1120w\" sizes=\"(max-width: 578px) 100vw, 578px\" \/><\/figure><\/li><li class=\"wp-block-jetpack-slideshow_slide swiper-slide\"><figure><img loading=\"lazy\" decoding=\"async\" width=\"768\" height=\"1024\" alt=\"\" class=\"wp-block-jetpack-slideshow_image wp-image-2005\" data-id=\"2005\" src=\"https:\/\/artistorie.fr\/wp-content\/uploads\/2023\/05\/OLHAIN11-768x1024.jpg\" srcset=\"https:\/\/artistorie.fr\/wp-content\/uploads\/2023\/05\/OLHAIN11-768x1024.jpg 768w, https:\/\/artistorie.fr\/wp-content\/uploads\/2023\/05\/OLHAIN11-225x300.jpg 225w, https:\/\/artistorie.fr\/wp-content\/uploads\/2023\/05\/OLHAIN11-1152x1536.jpg 1152w, https:\/\/artistorie.fr\/wp-content\/uploads\/2023\/05\/OLHAIN11-1024x1365.jpg 1024w, https:\/\/artistorie.fr\/wp-content\/uploads\/2023\/05\/OLHAIN11-810x1080.jpg 810w, https:\/\/artistorie.fr\/wp-content\/uploads\/2023\/05\/OLHAIN11-600x800.jpg 600w, https:\/\/artistorie.fr\/wp-content\/uploads\/2023\/05\/OLHAIN11.jpg 1301w\" sizes=\"(max-width: 768px) 100vw, 768px\" \/><\/figure><\/li><li class=\"wp-block-jetpack-slideshow_slide swiper-slide\"><figure><img loading=\"lazy\" decoding=\"async\" width=\"768\" height=\"1024\" alt=\"\" class=\"wp-block-jetpack-slideshow_image wp-image-2006\" data-id=\"2006\" src=\"https:\/\/artistorie.fr\/wp-content\/uploads\/2023\/05\/OLHAIN12-768x1024.jpg\" srcset=\"https:\/\/artistorie.fr\/wp-content\/uploads\/2023\/05\/OLHAIN12-768x1024.jpg 768w, https:\/\/artistorie.fr\/wp-content\/uploads\/2023\/05\/OLHAIN12-225x300.jpg 225w, https:\/\/artistorie.fr\/wp-content\/uploads\/2023\/05\/OLHAIN12-1152x1536.jpg 1152w, https:\/\/artistorie.fr\/wp-content\/uploads\/2023\/05\/OLHAIN12-1024x1365.jpg 1024w, https:\/\/artistorie.fr\/wp-content\/uploads\/2023\/05\/OLHAIN12-810x1080.jpg 810w, https:\/\/artistorie.fr\/wp-content\/uploads\/2023\/05\/OLHAIN12-600x800.jpg 600w, https:\/\/artistorie.fr\/wp-content\/uploads\/2023\/05\/OLHAIN12.jpg 1301w\" sizes=\"(max-width: 768px) 100vw, 768px\" \/><\/figure><\/li><li class=\"wp-block-jetpack-slideshow_slide swiper-slide\"><figure><img loading=\"lazy\" decoding=\"async\" width=\"768\" height=\"1024\" alt=\"\" class=\"wp-block-jetpack-slideshow_image wp-image-2007\" data-id=\"2007\" src=\"https:\/\/artistorie.fr\/wp-content\/uploads\/2023\/05\/OLHAIN13-768x1024.jpg\" srcset=\"https:\/\/artistorie.fr\/wp-content\/uploads\/2023\/05\/OLHAIN13-768x1024.jpg 768w, https:\/\/artistorie.fr\/wp-content\/uploads\/2023\/05\/OLHAIN13-225x300.jpg 225w, https:\/\/artistorie.fr\/wp-content\/uploads\/2023\/05\/OLHAIN13-1152x1536.jpg 1152w, https:\/\/artistorie.fr\/wp-content\/uploads\/2023\/05\/OLHAIN13-1024x1365.jpg 1024w, https:\/\/artistorie.fr\/wp-content\/uploads\/2023\/05\/OLHAIN13-810x1080.jpg 810w, https:\/\/artistorie.fr\/wp-content\/uploads\/2023\/05\/OLHAIN13-600x800.jpg 600w, https:\/\/artistorie.fr\/wp-content\/uploads\/2023\/05\/OLHAIN13.jpg 1301w\" sizes=\"(max-width: 768px) 100vw, 768px\" \/><\/figure><\/li><li class=\"wp-block-jetpack-slideshow_slide swiper-slide\"><figure><img loading=\"lazy\" decoding=\"async\" width=\"1024\" height=\"768\" alt=\"\" class=\"wp-block-jetpack-slideshow_image wp-image-2008\" data-id=\"2008\" src=\"https:\/\/artistorie.fr\/wp-content\/uploads\/2023\/05\/OLHAIN14-1024x768.jpg\" srcset=\"https:\/\/artistorie.fr\/wp-content\/uploads\/2023\/05\/OLHAIN14-1024x768.jpg 1024w, https:\/\/artistorie.fr\/wp-content\/uploads\/2023\/05\/OLHAIN14-300x225.jpg 300w, https:\/\/artistorie.fr\/wp-content\/uploads\/2023\/05\/OLHAIN14-768x576.jpg 768w, https:\/\/artistorie.fr\/wp-content\/uploads\/2023\/05\/OLHAIN14-1536x1152.jpg 1536w, https:\/\/artistorie.fr\/wp-content\/uploads\/2023\/05\/OLHAIN14-1439x1080.jpg 1439w, https:\/\/artistorie.fr\/wp-content\/uploads\/2023\/05\/OLHAIN14-600x450.jpg 600w, https:\/\/artistorie.fr\/wp-content\/uploads\/2023\/05\/OLHAIN14.jpg 1734w\" sizes=\"(max-width: 1024px) 100vw, 1024px\" \/><\/figure><\/li><\/ul><a class=\"wp-block-jetpack-slideshow_button-prev swiper-button-prev swiper-button-white\" role=\"button\"><\/a><a class=\"wp-block-jetpack-slideshow_button-next swiper-button-next swiper-button-white\" role=\"button\"><\/a><a aria-label=\"Pause Slideshow\" class=\"wp-block-jetpack-slideshow_button-pause\" role=\"button\"><\/a><div class=\"wp-block-jetpack-slideshow_pagination swiper-pagination swiper-pagination-white\"><\/div><\/div><\/div>\n\n\n\n<div style=\"height:69px\" aria-hidden=\"true\" class=\"wp-block-spacer\"><\/div>\n\n\n<p class=\"fonts-plugin-block \" style=\"font-family: Open Sans;font-size: 30px;line-height: 2.1;text-align: left;color: #2a2a57\"><strong>Visites guid\u00e9es de groupe<\/strong><\/p>\n\n\n<h4 style=\"text-align: justify;\"><span style=\"color: #2a2a57;\">D\u00e9couvrez une vestige exceptionnel du Moyen-\u00c2ge et plongez dans le pass\u00e9 avec Art&rsquo;Istorie !<\/span><\/h4>\n<h4 style=\"text-align: justify;\"><span style=\"color: #2a2a57;\">Les visites guid\u00e9es sont possibles <strong>toute l&rsquo;ann\u00e9e sur rendez-vous<\/strong>.<\/span><\/h4>\n<h4 style=\"text-align: justify;\"><span style=\"color: #2a2a57;\"><strong>Dur\u00e9e de la visite :<\/strong> 1h15<\/span><\/h4>\n\n\n\n<div class=\"wp-block-otfm-box-spoiler-start otfm-sp__wrapper otfm-sp__box js-otfm-sp-box__closed otfm-sp__b7d7e8\" role=\"button\" tabindex=\"0\" aria-expanded=\"false\" data-otfm-spc=\"#b7d7e8\" style=\"text-align:left\"><div class=\"otfm-sp__title\"><strong><mark style=\"background-color:rgba(0, 0, 0, 0)\" class=\"has-inline-color has-black-color\">Infos pratiques :<\/mark><\/strong><\/div><\/div>\n\n\n\n<h4><span style=\"color: #2a2a57;\">Pour le bon d\u00e9roulement de la visite, voici quelques infos \u00e0 prendre en compte :<\/span><\/h4>\n<ul>\n<li style=\"text-align: justify;\">\n<h4><span style=\"color: #2a2a57;\">R\u00e9servation de l&rsquo;intervention 15 jours \u00e0 l&rsquo;avance minimum;<\/span><\/h4>\n<\/li>\n<li>\n<h4 style=\"text-align: justify;\"><span style=\"color: #2a2a57;\">Pour s&rsquo;immerger un peu plus dans le pass\u00e9, le m\u00e9diateur culturel peut r\u00e9aliser la visite en costume du d\u00e9but du 15e si\u00e8cle sur demande;<\/span><\/h4>\n<\/li>\n<li style=\"text-align: justify;\">\n<h4><span style=\"color: #2a2a57;\">En cas de visite de groupes d&rsquo;enfants, les groupes sont limit\u00e9s \u00e0 30 enfants \u00e0 partir de 6 ans, et \u00e0 20 enfants pour les moins de 6 ans*;<\/span><\/h4>\n<\/li>\n<li style=\"text-align: justify;\">\n<h4><span style=\"color: #2a2a57;\">Les accompagnateurs sont compt\u00e9s parmi les membres du groupe et garantissent l&rsquo;encadrement et la s\u00e9curit\u00e9 du groupe;<\/span><\/h4>\n<\/li>\n<li style=\"text-align: justify;\">\n<h4><span style=\"color: #2a2a57;\">La situation du Ch\u00e2teau d&rsquo;Olhain rend son acc\u00e8s difficile aux personnes \u00e0 mobilit\u00e9 r\u00e9duite (pont-levis, escaliers, sol parfois in\u00e9gal). La visite en fauteuil roulant est limit\u00e9e aux espaces plain pied. De m\u00eame, l&rsquo;accueil des visiteurs malvoyants est difficile en raison de l&rsquo;organisation du lieu et des contrastes lumineux importants<\/span><\/h4>\n<\/li>\n<\/ul>\n<h6>* en cas de non respect des jauges fix\u00e9es, un suppl\u00e9ment de 7,5 \u20ac sera appliqu\u00e9 par participant suppl\u00e9mentaire.<\/h6>\n\n\n\n<div class=\"wp-block-otfm-box-spoiler-end otfm-sp_end\"><\/div>\n\n\n\n<div style=\"height:69px\" aria-hidden=\"true\" class=\"wp-block-spacer\"><\/div>\n\n\n<p class=\"fonts-plugin-block \" style=\"font-family: Open Sans;font-size: 20px;line-height: 1.5;text-align: center;color: #2a2a57\"><strong>Alors, envie d&rsquo;un voyage dans le temps\u00a0?<br>Renseignements et r\u00e9servation\u00a0:<br>Valentin Berlemont<br><a href=\"mailto:contact@artistorie.fr\">contact@artistorie.fr<\/a><\/strong><br><strong>06 89 44 22 08<\/strong><\/p>\n\n\n<div style=\"height:69px\" aria-hidden=\"true\" class=\"wp-block-spacer\"><\/div>\n\n\n\n<section class=\"wp-block-uagb-columns uagb-columns__wrap uagb-columns__background-none uagb-columns__stack-mobile uagb-columns__valign- uagb-columns__gap-10 align uagb-block-85e104a2 uagb-columns__columns-2 uagb-columns__max_width-theme\"><div class=\"uagb-columns__overlay\"><\/div><div class=\"uagb-columns__inner-wrap uagb-columns__columns-2\">\n<div class=\"wp-block-uagb-column uagb-column__wrap uagb-column__background-undefined uagb-block-cc6ed0fd\"><div class=\"uagb-column__overlay\"><\/div>\n<iframe src=\"https:\/\/www.google.com\/maps\/embed?pb=!1m18!1m12!1m3!1d2541.909542205648!2d2.5818786157304374!3d50.42415697947165!2m3!1f0!2f0!3f0!3m2!1i1024!2i768!4f13.1!3m3!1m2!1s0x47dd1622d2c23ad7%3A0x8e70b104c2063888!2sCh%C3%A2teau%20d&#39;Olhain!5e0!3m2!1sfr!2sfr!4v1683307320259!5m2!1sfr!2sfr\" width=\"600\" height=\"450\" style=\"border:0;\" allowfullscreen=\"\" loading=\"lazy\" referrerpolicy=\"no-referrer-when-downgrade\"><\/iframe>\n<\/div>\n\n\n\n<div class=\"wp-block-uagb-column uagb-column__wrap uagb-column__background-undefined uagb-block-84576931\"><div class=\"uagb-column__overlay\"><\/div><p class=\"fonts-plugin-block \" style=\"font-family: Open Sans;font-size: 30px;line-height: 2.1;text-align: left;color: #2a2a57\"><strong>Localisation<\/strong><\/p>\n\n\n<h4><span style=\"color: #2a2a57;\">Ch\u00e2teau d&rsquo;Olhain<\/span><\/h4>\n<h4><span style=\"color: #2a2a57;\">19 rue L\u00e9o Lagrange<\/span><\/h4>\n<h4><span style=\"color: #2a2a57;\">62150 Fresnicourt-le-Dolmen<\/span><\/h4>\n\n\n<p class=\"fonts-plugin-block \" style=\"font-family: Open Sans;font-size: 30px;line-height: 2.1;text-align: left;color: #2a2a57\"><strong>Services<\/strong><\/p>\n\n\n<h4><span style=\"color: #2a2a57;\">Toilettes sur place<\/span><\/h4>\n<h4 style=\"text-align: justify;\"><span style=\"color: #2a2a57;\">Parking \u00e0 proximit\u00e9 (dont 2 emplacements avec une borne de rechargement pour v\u00e9hicules \u00e9lectriques).<\/span><\/h4>\n<\/div>\n<\/div><\/section>\n","protected":false},"excerpt":{"rendered":"<p>Plongez dans le pass\u00e9 et d\u00e9couvrez le Ch\u00e2teau d&rsquo;Olhain avec Art&rsquo;Istorie ! Conserv\u00e9 en ses plans d&rsquo;origine, le Ch\u00e2teau d&rsquo;Olhain est un vestige exceptionnel du Moyen-\u00c2ge, l&rsquo;un des mieux conserv\u00e9 du Nord de la France. Compos\u00e9 d&rsquo;une basse-cour et d&rsquo;une haute-cour entour\u00e9es d&rsquo;eau, ce ch\u00e2teau est \u00e0 la fois un fragment historique hors du temps&hellip; <br \/> <a class=\"read-more\" href=\"https:\/\/artistorie.fr\/?page_id=1980\">Lire la suite<\/a><\/p>\n","protected":false},"author":1,"featured_media":0,"parent":0,"menu_order":0,"comment_status":"closed","ping_status":"closed","template":"","meta":{"_editorskit_title_hidden":false,"_editorskit_reading_time":0,"_editorskit_is_block_options_detached":false,"_editorskit_block_options_position":"{}","_uag_custom_page_level_css":"","_monsterinsights_skip_tracking":false,"_monsterinsights_sitenote_active":false,"_monsterinsights_sitenote_note":"","_monsterinsights_sitenote_category":0,"footnotes":""},"class_list":["post-1980","page","type-page","status-publish","hentry"],"aioseo_notices":[],"uagb_featured_image_src":{"full":false,"thumbnail":false,"medium":false,"medium_large":false,"large":false,"1536x1536":false,"2048x2048":false,"post-thumbnail":false,"mesmerize-full-hd":false,"woocommerce_thumbnail":false,"woocommerce_single":false,"woocommerce_gallery_thumbnail":false},"uagb_author_info":{"display_name":"valentin.berlemont","author_link":"https:\/\/artistorie.fr\/?author=1"},"uagb_comment_info":0,"uagb_excerpt":"Plongez dans le pass\u00e9 et d\u00e9couvrez le Ch\u00e2teau d&rsquo;Olhain avec Art&rsquo;Istorie ! Conserv\u00e9 en ses plans d&rsquo;origine, le Ch\u00e2teau d&rsquo;Olhain est un vestige exceptionnel du Moyen-\u00c2ge, l&rsquo;un des mieux conserv\u00e9 du Nord de la France. Compos\u00e9 d&rsquo;une basse-cour et d&rsquo;une haute-cour entour\u00e9es d&rsquo;eau, ce ch\u00e2teau est \u00e0 la fois un fragment historique hors du temps&hellip;\u2026","jetpack_sharing_enabled":true,"_links":{"self":[{"href":"https:\/\/artistorie.fr\/index.php?rest_route=\/wp\/v2\/pages\/1980","targetHints":{"allow":["GET"]}}],"collection":[{"href":"https:\/\/artistorie.fr\/index.php?rest_route=\/wp\/v2\/pages"}],"about":[{"href":"https:\/\/artistorie.fr\/index.php?rest_route=\/wp\/v2\/types\/page"}],"author":[{"embeddable":true,"href":"https:\/\/artistorie.fr\/index.php?rest_route=\/wp\/v2\/users\/1"}],"replies":[{"embeddable":true,"href":"https:\/\/artistorie.fr\/index.php?rest_route=%2Fwp%2Fv2%2Fcomments&post=1980"}],"version-history":[{"count":24,"href":"https:\/\/artistorie.fr\/index.php?rest_route=\/wp\/v2\/pages\/1980\/revisions"}],"predecessor-version":[{"id":2846,"href":"https:\/\/artistorie.fr\/index.php?rest_route=\/wp\/v2\/pages\/1980\/revisions\/2846"}],"wp:attachment":[{"href":"https:\/\/artistorie.fr\/index.php?rest_route=%2Fwp%2Fv2%2Fmedia&parent=1980"}],"curies":[{"name":"wp","href":"https:\/\/api.w.org\/{rel}","templated":true}]}}